{"id":13996,"date":"2024-09-14T00:03:29","date_gmt":"2024-09-14T00:03:29","guid":{"rendered":"https:\/\/tanuko.lt\/?post_type=product&#038;p=13996"},"modified":"2025-11-16T18:41:53","modified_gmt":"2025-11-16T18:41:53","slug":"pigeon-pure-skystas-kudikiu-ir-vaiku-drabuziu-skalbiklis-uzpildas-720ml","status":"publish","type":"product","link":"https:\/\/tanuko.lt\/ukr\/product\/pigeon-pure-skystas-kudikiu-ir-vaiku-drabuziu-skalbiklis-uzpildas-720ml\/","title":{"rendered":"Pigeon Pure \u0420\u0456\u0434\u043a\u0438\u0439 \u043f\u0440\u0430\u043b\u044c\u043d\u0438\u0439 \u043f\u043e\u0440\u043e\u0448\u043e\u043a \u0434\u043b\u044f \u043d\u0435\u043c\u043e\u0432\u043b\u044f\u0442 \u0442\u0430 \u0434\u0438\u0442\u044f\u0447\u043e\u0457 \u0431\u0456\u043b\u0438\u0437\u043d\u0438, 720 \u043c\u043b"},"content":{"rendered":"<p><strong>Pigeon Pure skystas k\u016bdiki\u0173 drabu\u017ei\u0173 skalbiklis<\/strong> yra specialiai sukurtas skalbimo ploviklis, skirtas k\u016bdiki\u0173 drabu\u017eiams ir tekstilei. \u0160is ploviklis pasi\u017eymi \u0161velnia formule, kuri veiksmingai pa\u0161alina ne\u0161varumus, prakait\u0105 ir d\u0117mes, nesukeliant dirginimo jautriai k\u016bdikio odai. Jo sud\u0117tyje n\u0117ra agresyvi\u0173 chemini\u0173 med\u017eiag\u0173, dirbtini\u0173 kvapikli\u0173 ir da\u017eikli\u0173, tod\u0117l jis puikiai tinka jautriai ir jautriai linkusiai odai, ypa\u010d naujagimi\u0173 ir k\u016bdiki\u0173.<\/p>\n<p><strong>Pure<\/strong> formul\u0117 yra hipoalergin\u0117, tod\u0117l suma\u017eina alergini\u0173 reakcij\u0173 rizik\u0105. Jis lengvai i\u0161siskalauja i\u0161 audini\u0173, nepaliekant joki\u0173 liku\u010di\u0173, kurie gal\u0117t\u0173 dirginti k\u016bdikio od\u0105. Produktas taip pat yra ekologi\u0161kas, saugus ir efektyvus net esant \u017eemai temperat\u016brai, tod\u0117l puikiai tinka kasdieniam k\u016bdikio drabu\u017ei\u0173 ir patalyn\u0117s skalbimui.<\/p>\n<p><strong>\u041c\u043e\u0436\u043d\u0430 \u0432\u0438\u043a\u043e\u0440\u0438\u0441\u0442\u043e\u0432\u0443\u0432\u0430\u0442\u0438 \u0437 0 \u043c\u0456\u0441\u044f\u0446\u0456\u0432.<\/strong><\/p>\n<h4>\u041e\u0441\u043d\u043e\u0432\u043d\u0456 \u0445\u0430\u0440\u0430\u043a\u0442\u0435\u0440\u0438\u0441\u0442\u0438\u043a\u0438:<\/h4>\n<ul>\n<li><strong>\u0160velni formul\u0117<\/strong>: Sukurta specialiai k\u016bdiki\u0173 drabu\u017eiams, be agresyvi\u0173 chemini\u0173 med\u017eiag\u0173, kad b\u016bt\u0173 i\u0161vengta odos sudirgimo.<\/li>\n<li><strong>Hipoalerginis<\/strong>: Ma\u017eina alergini\u0173 reakcij\u0173 rizik\u0105, tod\u0117l yra saugus net pa\u010diai jautriausiai k\u016bdikio odai.<\/li>\n<li><strong>Be dirbtini\u0173 kvapikli\u0173 ir da\u017eikli\u0173<\/strong>: Ploviklyje n\u0117ra dirbtini\u0173 kvap\u0173 ar da\u017eikli\u0173, kad b\u016bt\u0173 u\u017etikrintas saugumas ir suma\u017eintas jautrumo pavojus.<\/li>\n<li><strong>Lengvai i\u0161siskalauja<\/strong>: Ploviklis lengvai i\u0161siskalauja i\u0161 audini\u0173, nepalikdamas joki\u0173 liku\u010di\u0173, kurie gal\u0117t\u0173 sudirginti od\u0105.<\/li>\n<li><strong>Efektyvus \u017eemoje temperat\u016broje<\/strong>: Ploviklis veiksmingai pa\u0161alina d\u0117mes ir ne\u0161varumus net skalbiant \u017eemoje temperat\u016broje, tausojant audinius ir energij\u0105.<\/li>\n<li><strong>Ekologi\u0161kas<\/strong>: Formul\u0117 draugi\u0161ka aplinkai, nesudaro per daug put\u0173 ir yra lengvai biologi\u0161kai skaidoma.<\/li>\n<\/ul>\n<h4>\u0406\u043d\u0441\u0442\u0440\u0443\u043a\u0446\u0456\u044f \u043f\u043e \u0437\u0430\u0441\u0442\u043e\u0441\u0443\u0432\u0430\u043d\u043d\u044e:<\/h4>\n<ol>\n<li><strong>Rankinis plovimas<\/strong>: Jei drabu\u017eius plaunate rankomis, \u012fpilkite reikiam\u0105 kiek\u012f produkto \u012f vanden\u012f. Naudokite 5 ml (1 arbatin\u012f \u0161auk\u0161tel\u012f) ploviklio 5 litrams vandens. Rekomenduojama vandens temperat\u016bra \u2013 30-40\u00b0C.<\/li>\n<li><strong>Automatin\u0117 skalbimo ma\u0161ina<\/strong>: Naudokite 30 ml ploviklio 2 kg skalbini\u0173 arba 30 litr\u0173 vandens. \u012epilkite plovikl\u012f \u012f skalbimo ma\u0161inos dozatori\u0173 ir pasirinkite skalbimo program\u0105 su vandens temperat\u016bra nuo 30 iki 40\u00b0C.<\/li>\n<li><strong>D\u0117mi\u0173 \u0161alinimas<\/strong>: Jei ant drabu\u017ei\u0173 yra d\u0117mi\u0173, rekomenduojama juos i\u0161 anksto pamirkyti 2\u20133 valandas 40\u00b0C temperat\u016bros vandenyje su \u0161iek tiek ploviklio. Tai pad\u0117s efektyviau pa\u0161alinti sunkiai i\u0161valomas d\u0117mes.<\/li>\n<li><strong>Efektyvumas<\/strong>: Vienos pakuot\u0117s ploviklio pakanka ma\u017edaug 60 skalbim\u0173.<\/li>\n<\/ol>\n<h4>Saugumo instrukcijos:<\/h4>\n<ul>\n<li><strong>Laikykite vaikams nepasiekiamoje vietoje<\/strong>: Ploviklis turi b\u016bti laikomas vaikams nepasiekiamoje vietoje, kad b\u016bt\u0173 i\u0161vengta atsitiktinio nurijimo ar s\u0105ly\u010dio su akimis.<\/li>\n<li><strong>Naudojant rankomis<\/strong>: Jei plaunate rankomis, po naudojimo kruop\u0161\u010diai nusiplaukite rankas, kad i\u0161vengtum\u0117te sausumo ar sudirgimo.<\/li>\n<li><strong>Jei pateko \u012f akis<\/strong>: Nedelsdami praplaukite akis dideliu kiekiu vandens ir, jei reikia, kreipkit\u0117s \u012f gydytoj\u0105.<\/li>\n<li><strong>Laikymas<\/strong>: Laikyti sausoje ir v\u0117sioje vietoje, vengti tiesiogini\u0173 saul\u0117s spinduli\u0173.<\/li>\n<\/ul>\n<h4>Pakuot\u0117:<\/h4>\n<ul>\n<li><strong>Talpa<\/strong>: 720 ml<\/li>\n<li><strong>Draugi\u0161ka aplinkai<\/strong>: Pakuot\u0117 pagaminta i\u0161 perdirbam\u0173 med\u017eiag\u0173, tod\u0117l prisideda prie aplinkos tausojimo.<\/li>\n<\/ul>\n<h4>Tinkamumas:<\/h4>\n<ul>\n<li><strong>Tinka vis\u0173 r\u016b\u0161i\u0173 audiniams<\/strong>: Gali b\u016bti naudojamas skalbiant \u012fvairius k\u016bdikio drabu\u017eius, \u012fskaitant jautrius ir nat\u016bralius audinius, tokius kaip medviln\u0117 ir vilna.<\/li>\n<li><strong>Nuo gimimo<\/strong>: Saugu naudoti naujagimiams nuo pirm\u0173j\u0173 gyvenimo dien\u0173, nes formul\u0117 yra \u0161velni ir nedirginanti.<\/li>\n<\/ul>","protected":false},"excerpt":{"rendered":"<ul>\n<li>\u0414\u043b\u044f \u0432\u0438\u043a\u043e\u0440\u0438\u0441\u0442\u0430\u043d\u043d\u044f \u0432\u0456\u0434 0 \u043c\u0456\u0441\u044f\u0446\u0456\u0432<\/li>\n<li>\u0160velnus k\u016bdikiams, hipoalerginis<\/li>\n<li>Efektyviai \u0161alina d\u0117mes<\/li>\n<li>Be kvapikli\u0173, be liku\u010di\u0173<\/li>\n<li>Veikia 30-40\u00b0C temperat\u016broje<\/li>\n<li>Tinka visiems audiniams<\/li>\n<li>Pakanka 60 skalbim\u0173<\/li>\n<\/ul>","protected":false},"featured_media":14144,"comment_status":"open","ping_status":"closed","template":"","meta":[],"product_brand":[],"product_cat":[171],"product_tag":[],"class_list":{"0":"post-13996","1":"product","2":"type-product","3":"status-publish","4":"has-post-thumbnail","6":"product_cat-skalbimo_priemones","8":"first","9":"outofstock","10":"sale","11":"taxable","12":"shipping-taxable","13":"purchasable","14":"product-type-simple"},"tiered_pricing_type":"fixed","tiered_pricing_fixed_rules":[],"tiered_pricing_percentage_rules":[],"tiered_pricing_minimum":1,"tiered_pricing_roles_data":[],"_links":{"self":[{"href":"https:\/\/tanuko.lt\/ukr\/wp-json\/wp\/v2\/product\/13996","targetHints":{"allow":["GET"]}}],"collection":[{"href":"https:\/\/tanuko.lt\/ukr\/wp-json\/wp\/v2\/product"}],"about":[{"href":"https:\/\/tanuko.lt\/ukr\/wp-json\/wp\/v2\/types\/product"}],"replies":[{"embeddable":true,"href":"https:\/\/tanuko.lt\/ukr\/wp-json\/wp\/v2\/comments?post=13996"}],"version-history":[{"count":9,"href":"https:\/\/tanuko.lt\/ukr\/wp-json\/wp\/v2\/product\/13996\/revisions"}],"predecessor-version":[{"id":14270,"href":"https:\/\/tanuko.lt\/ukr\/wp-json\/wp\/v2\/product\/13996\/revisions\/14270"}],"wp:featuredmedia":[{"embeddable":true,"href":"https:\/\/tanuko.lt\/ukr\/wp-json\/wp\/v2\/media\/14144"}],"wp:attachment":[{"href":"https:\/\/tanuko.lt\/ukr\/wp-json\/wp\/v2\/media?parent=13996"}],"wp:term":[{"taxonomy":"product_brand","embeddable":true,"href":"https:\/\/tanuko.lt\/ukr\/wp-json\/wp\/v2\/product_brand?post=13996"},{"taxonomy":"product_cat","embeddable":true,"href":"https:\/\/tanuko.lt\/ukr\/wp-json\/wp\/v2\/product_cat?post=13996"},{"taxonomy":"product_tag","embeddable":true,"href":"https:\/\/tanuko.lt\/ukr\/wp-json\/wp\/v2\/product_tag?post=13996"}],"curies":[{"name":"wp","href":"https:\/\/api.w.org\/{rel}","templated":true}]}}