{"id":13988,"date":"2024-09-14T16:50:04","date_gmt":"2024-09-14T16:50:04","guid":{"rendered":"https:\/\/tanuko.lt\/?post_type=product&#038;p=13988"},"modified":"2026-04-09T06:23:06","modified_gmt":"2026-04-09T06:23:06","slug":"baigiamojo-valymo-rinkinys-pigeon-12men","status":"publish","type":"product","link":"https:\/\/tanuko.lt\/ukr\/product\/baigiamojo-valymo-rinkinys-pigeon-12men\/","title":{"rendered":"\u041d\u0430\u0431\u0456\u0440 \u0434\u043b\u044f \u043e\u0441\u0442\u0430\u0442\u043e\u0447\u043d\u043e\u0433\u043e \u043e\u0447\u0438\u0449\u0435\u043d\u043d\u044f \u0433\u043e\u043b\u0443\u0431\u0456\u0432, +-12 \u043c\u0456\u0441\u044f\u0446\u0456\u0432"},"content":{"rendered":"<h4>\u0414\u0435\u0442\u0430\u043b\u044c\u043d\u0438\u0439 \u043e\u043f\u0438\u0441:<\/h4>\n<p>Baigiamojo valymo rinkinys Pigeon \u2013 tai specialiai sukurti dant\u0173 \u0161epet\u0117liai, skirti baigiamajam k\u016bdikio ar ma\u017eo vaiko dant\u0173 valymui. \u0160is rinkinys suteikia galimyb\u0119 t\u0117vams kruop\u0161\u010diai i\u0161valyti vaik\u0173 dantis, u\u017etikrinant optimali\u0105 burnos higien\u0105 ir dant\u0173 sveikat\u0105. Rinkin\u012f sudaro du skirtingi \u0161epet\u0117liai: \u201eViso pavir\u0161iaus \u0161epet\u0117lis\u201c, skirtas kruop\u0161\u010diam dant\u0173 pavir\u0161i\u0173 valymui, ir \u201eTa\u0161kinis \u0161epet\u0117lis\u201c, skirtas sunkiai pasiekiamoms vietoms, tokioms kaip dant\u0173 vagel\u0117s ir galiniai kr\u016bmini\u0173 dant\u0173 pavir\u0161iai.<\/p>\n<h4>\u041e\u0441\u043d\u043e\u0432\u043d\u0456 \u0445\u0430\u0440\u0430\u043a\u0442\u0435\u0440\u0438\u0441\u0442\u0438\u043a\u0438:<\/h4>\n<ul>\n<li><strong>Profesionalus dizainas<\/strong>: \u0160is rinkinys buvo sukurtas bendradarbiaujant su odontologais, remiantis \u012frankiais, naudojamais odontologijos praktikoje. Tai u\u017etikrina, kad \u0161epet\u0117liai yra pritaikyti efektyviam dant\u0173 valymui.<\/li>\n<li><strong>Lenktas kaklelis<\/strong>: Abu \u0161epet\u0117liai turi specialiai suprojektuot\u0105 lenkt\u0105 kaklel\u012f, kuris leid\u017eia lengvai pasiekti reikiamas vietas, ypa\u010d galinius dantis.<\/li>\n<li><strong>Neslystanti ranken\u0117l\u0117<\/strong>: A\u0161tuonkamp\u0117 ranken\u0117l\u0117 su neslystan\u010dia danga suteikia patogum\u0105 ir stabilum\u0105, tod\u0117l t\u0117vams lengva ir saugu valyti vaiko dantis.<\/li>\n<li><strong>Viso pavir\u0161iaus \u0161epet\u0117lis<\/strong>: Sukurtas taip, kad kruop\u0161\u010diai pa\u0161alint\u0173 ne\u0161varumus nuo vis\u0173 dant\u0173 pavir\u0161i\u0173, ypa\u010d nuo kr\u016bmini\u0173 dant\u0173.<\/li>\n<li><strong>Ta\u0161kinis \u0161epet\u0117lis<\/strong>: Leid\u017eia pasiekti sunkiai prieinamas vietas, pavyzd\u017eiui, tarpdan\u010dius ir dant\u0173 vageles, u\u017etikrinant, kad ne\u0161varumai b\u016bt\u0173 pa\u0161alinti net i\u0161 sunkiausiai pasiekiam\u0173 viet\u0173.<\/li>\n<\/ul>\n<h4>Nuo kada naudoti:<\/h4>\n<ul>\n<li><strong>Nuo 12 m\u0117nesi\u0173<\/strong>: \u0160is rinkinys rekomenduojamas naudoti nuo 12 m\u0117nesi\u0173 am\u017eiaus, kai k\u016bdikis turi daugiau dant\u0173, ir t\u0117vams reikia pad\u0117ti kruop\u0161\u010diai nuvalyti sunkiau prieinamas vietas.<\/li>\n<\/ul>\n<h4>\u0406\u043d\u0441\u0442\u0440\u0443\u043a\u0446\u0456\u044f \u043f\u043e \u0437\u0430\u0441\u0442\u043e\u0441\u0443\u0432\u0430\u043d\u043d\u044e:<\/h4>\n<ol>\n<li><strong>Viso pavir\u0161iaus \u0161epet\u0117lis<\/strong>: Naudokite \u0161\u012f \u0161epet\u0117l\u012f, kad kruop\u0161\u010diai nuvalytum\u0117te visus dant\u0173 pavir\u0161ius. \u0160velniais sukamaisiais judesiais valykite kiekvien\u0105 dant\u012f.<\/li>\n<li><strong>Ta\u0161kinis \u0161epet\u0117lis<\/strong>: Po to naudokite ta\u0161kin\u012f \u0161epet\u0117l\u012f, kad i\u0161valytum\u0117te sunkiai pasiekiamas vietas, tokias kaip tarpdan\u010diai, galiniai dantys ir vagel\u0117s.<\/li>\n<li><strong>Valymo u\u017ebaigimas<\/strong>: Baigus valyti, gerai i\u0161skalaukite \u0161epet\u0117lius \u0161iltu vandeniu ir leiskite jiems i\u0161d\u017ei\u016bti.<\/li>\n<\/ol>","protected":false},"excerpt":{"rendered":"<p>I\u0161samus apra\u0161ymas: Baigiamojo valymo rinkinys Pigeon \u2013 tai specialiai sukurti dant\u0173 \u0161epet\u0117liai, skirti baigiamajam k\u016bdikio ar ma\u017eo vaiko dant\u0173 valymui.<\/p>","protected":false},"featured_media":14116,"comment_status":"open","ping_status":"closed","template":"","meta":[],"product_brand":[],"product_cat":[168],"product_tag":[],"class_list":{"0":"post-13988","1":"product","2":"type-product","3":"status-publish","4":"has-post-thumbnail","6":"product_cat-dantu_prieziuros_priemones","8":"first","9":"instock","10":"sale","11":"taxable","12":"shipping-taxable","13":"purchasable","14":"product-type-simple"},"tiered_pricing_type":"fixed","tiered_pricing_fixed_rules":[],"tiered_pricing_percentage_rules":[],"tiered_pricing_minimum":1,"tiered_pricing_roles_data":[],"_links":{"self":[{"href":"https:\/\/tanuko.lt\/ukr\/wp-json\/wp\/v2\/product\/13988","targetHints":{"allow":["GET"]}}],"collection":[{"href":"https:\/\/tanuko.lt\/ukr\/wp-json\/wp\/v2\/product"}],"about":[{"href":"https:\/\/tanuko.lt\/ukr\/wp-json\/wp\/v2\/types\/product"}],"replies":[{"embeddable":true,"href":"https:\/\/tanuko.lt\/ukr\/wp-json\/wp\/v2\/comments?post=13988"}],"version-history":[{"count":5,"href":"https:\/\/tanuko.lt\/ukr\/wp-json\/wp\/v2\/product\/13988\/revisions"}],"predecessor-version":[{"id":14119,"href":"https:\/\/tanuko.lt\/ukr\/wp-json\/wp\/v2\/product\/13988\/revisions\/14119"}],"wp:featuredmedia":[{"embeddable":true,"href":"https:\/\/tanuko.lt\/ukr\/wp-json\/wp\/v2\/media\/14116"}],"wp:attachment":[{"href":"https:\/\/tanuko.lt\/ukr\/wp-json\/wp\/v2\/media?parent=13988"}],"wp:term":[{"taxonomy":"product_brand","embeddable":true,"href":"https:\/\/tanuko.lt\/ukr\/wp-json\/wp\/v2\/product_brand?post=13988"},{"taxonomy":"product_cat","embeddable":true,"href":"https:\/\/tanuko.lt\/ukr\/wp-json\/wp\/v2\/product_cat?post=13988"},{"taxonomy":"product_tag","embeddable":true,"href":"https:\/\/tanuko.lt\/ukr\/wp-json\/wp\/v2\/product_tag?post=13988"}],"curies":[{"name":"wp","href":"https:\/\/api.w.org\/{rel}","templated":true}]}}