{"id":13929,"date":"2024-09-13T09:03:36","date_gmt":"2024-09-13T09:03:36","guid":{"rendered":"https:\/\/tanuko.lt\/?post_type=product&#038;p=13929"},"modified":"2026-04-10T18:16:39","modified_gmt":"2026-04-10T18:16:39","slug":"plauku-ir-kuno-sampuno-uzpildas-kudikiams-geliu-kvapo-pigeon-su-keramidais-300ml","status":"publish","type":"product","link":"https:\/\/tanuko.lt\/ukr\/product\/plauku-ir-kuno-sampuno-uzpildas-kudikiams-geliu-kvapo-pigeon-su-keramidais-300ml\/","title":{"rendered":"\u0414\u0438\u0442\u044f\u0447\u0438\u0439 \u0448\u0430\u043c\u043f\u0443\u043d\u044c \u0434\u043b\u044f \u0432\u043e\u043b\u043e\u0441\u0441\u044f \u0442\u0430 \u0442\u0456\u043b\u0430 \"\u0413\u043e\u043b\u0443\u0431\" \u0437 \u043a\u0435\u0440\u0430\u043c\u0456\u0434\u0430\u043c\u0438, 300 \u043c\u043b, \u0437 \u043a\u0432\u0456\u0442\u043a\u043e\u0432\u0438\u043c \u0430\u0440\u043e\u043c\u0430\u0442\u043e\u043c, \u0434\u043b\u044f \u043d\u0435\u043c\u043e\u0432\u043b\u044f\u0442"},"content":{"rendered":"<div class=\"flex-shrink-0 flex flex-col relative items-end\">\n<div class=\"pt-0\">\n<div class=\"gizmo-bot-avatar flex h-8 w-8 items-center justify-center overflow-hidden rounded-full\">\n<div class=\"relative p-1 rounded-sm flex items-center justify-center bg-token-main-surface-primary text-token-text-primary h-8 w-8\">\n<p>Tai\u00a0yra \u0161velnus put\u0173 \u0161amp\u016bnas, skirtas k\u016bdikiams nuo gimimo, praturtintas subtiliu k\u016bdiki\u0173 g\u0117li\u0173 aromatu. \u0160is \u0161amp\u016bnas yra sukurtas specialiai jautriai k\u016bdiki\u0173 odai ir plaukams, u\u017etikrinant \u0161veln\u0173, bet veiksming\u0105 valym\u0105. \u0160velniai r\u016bg\u0161tinis pH atitinka nat\u016bral\u0173 k\u016bdikio odos balans\u0105, apsaugodamas nuo i\u0161saus\u0117jimo ir dirginimo.<\/p>\n<p>G\u0117li\u0173 aromatas suteikia malon\u0173 ir raminant\u012f kvap\u0105, sukuriant ramyb\u0117s ir gaivumo poj\u016bt\u012f. \u0160velni put\u0173 tekst\u016bra padeda \u0161velniai valyti k\u016bdikio od\u0105, suma\u017einant trint\u012f ir diskomfort\u0105. Speciali \u201ebe a\u0161ar\u0173\u201c formul\u0117 u\u017etikrina, kad \u0161amp\u016bnas nesukels k\u016bdikiui diskomforto plovimo metu.<\/p>\n<h4>Nuo kada galima naudoti:<\/h4>\n<ul>\n<li><strong>Nuo gimimo<\/strong>: \u0160is \u0161amp\u016bnas yra saugus naudoti nuo pirm\u0173j\u0173 k\u016bdikio gyvenimo dien\u0173.<\/li>\n<\/ul>\n<h4>\u041e\u0441\u043d\u043e\u0432\u043d\u0456 \u0445\u0430\u0440\u0430\u043a\u0442\u0435\u0440\u0438\u0441\u0442\u0438\u043a\u0438:<\/h4>\n<ul>\n<li><strong>\u0160velni formul\u0117<\/strong>: Sukurta \u0161velniai, bet veiksmingai valyti k\u016bdikio od\u0105 ir plaukus, nedirginant ir nepa\u017eeid\u017eiant odos.<\/li>\n<li><strong>Silpnai r\u016bg\u0161tinis pH<\/strong>: Pritaikytas nat\u016braliam k\u016bdikio odos pH balansui, palaikant sveik\u0105 odos barjer\u0105.<\/li>\n<li><strong>K\u016bdiki\u0173 g\u0117li\u0173 aromatas<\/strong>: Subtilus ir raminantis g\u0117li\u0173 kvapas, kuris neerzina k\u016bdikio uosl\u0117s ir suteikia malon\u0173 poj\u016bt\u012f.<\/li>\n<li><strong>Put\u0173 tekst\u016bra<\/strong>: Lengvos putos lengvai paskirstomos ant odos ir plauk\u0173, u\u017etikrinant \u0161veln\u0173 ir efektyv\u0173 valym\u0105.<\/li>\n<li><strong>Be a\u0161ar\u0173<\/strong>: Sukurta \u201ebe a\u0161ar\u0173\u201c formul\u0117 leid\u017eia ramiai m\u0117gautis maudymosi laiku, nesukeliant k\u016bdikiui diskomforto.<\/li>\n<li><strong>Be kenksming\u0173 ingredient\u0173<\/strong>: Be paraben\u0173, sulfat\u0173, da\u017eikli\u0173 ir kit\u0173 potencialiai dirginan\u010di\u0173 med\u017eiag\u0173, u\u017etikrinant \u0161velnum\u0105 ir saugum\u0105.<\/li>\n<\/ul>\n<h4>\u0406\u043d\u0441\u0442\u0440\u0443\u043a\u0446\u0456\u044f \u043f\u043e \u0437\u0430\u0441\u0442\u043e\u0441\u0443\u0432\u0430\u043d\u043d\u044e:<\/h4>\n<ol>\n<li><strong>Paruo\u0161imas<\/strong>: I\u0161spauskite nedidel\u012f kiek\u012f put\u0173 ant rankos arba tiesiai ant k\u016bdikio galvos odos.<\/li>\n<li><strong>Paskirstymas<\/strong>: \u0160velniai masa\u017euokite putas \u012f galvos od\u0105 ir plaukus, u\u017etikrindami \u0161veln\u0173 ir tolyg\u0173 valym\u0105.<\/li>\n<li><strong>Skalavimas<\/strong>: Gerai nuplaukite \u0161amp\u016bn\u0105 \u0161iltu vandeniu.<\/li>\n<li><strong>Naudojimas<\/strong>: Tinka kasdieninei k\u016bdikio galvos odos ir plauk\u0173 prie\u017ei\u016brai.<\/li>\n<\/ol>\n<\/div>\n<\/div>\n<\/div>\n<\/div>","protected":false},"excerpt":{"rendered":"<div class=\"flex-shrink-0 flex flex-col relative items-end\">\n<div>\n<div class=\"pt-0\">\n<div class=\"gizmo-bot-avatar flex h-8 w-8 items-center justify-center overflow-hidden rounded-full\"><\/div>\n<\/div>\n<\/div>\n<\/div>\n<ul>\n<li><strong>Skirta k\u016bdikiams nuo gimimo<\/strong> \u2013 saugi ir \u0161velni formul\u0117.<\/li>\n<li><strong>\u201ePigeon Baby Lipid\u201c formul\u0117<\/strong> \u2013 praturtinta nat\u016braliais odos komponentais.<\/li>\n<li><strong>Dr\u0117kinantis poveikis<\/strong> \u2013 aminor\u016bg\u0161\u010di\u0173 valikliai apsaugo od\u0105 nuo i\u0161saus\u0117jimo.<\/li>\n<li><strong>pH 5,6<\/strong> \u2013 palaiko odos nat\u016bral\u0173 r\u016bg\u0161tingum\u0105.<\/li>\n<li><strong>Be paraben\u0173, da\u017eikli\u0173, kvapikli\u0173, alkoholio<\/strong> \u2013 \u0161vari sud\u0117tis jautriai odai.<\/li>\n<li><strong>Patogus dozatorius<\/strong> \u2013 leid\u017eia naudoti produkt\u0105 viena ranka.<\/li>\n<li><strong>Naudojimas:\u00a0<\/strong>Tinka viso k\u016bno prausimui.<\/li>\n<\/ul>","protected":false},"featured_media":14063,"comment_status":"open","ping_status":"closed","template":"","meta":[],"product_brand":[],"product_cat":[169],"product_tag":[],"class_list":{"0":"post-13929","1":"product","2":"type-product","3":"status-publish","4":"has-post-thumbnail","6":"product_cat-sampunai_ir_prausikliai_vaikams","8":"first","9":"instock","10":"sale","11":"taxable","12":"shipping-taxable","13":"purchasable","14":"product-type-simple"},"tiered_pricing_type":"fixed","tiered_pricing_fixed_rules":[],"tiered_pricing_percentage_rules":[],"tiered_pricing_minimum":1,"tiered_pricing_roles_data":[],"_links":{"self":[{"href":"https:\/\/tanuko.lt\/ukr\/wp-json\/wp\/v2\/product\/13929","targetHints":{"allow":["GET"]}}],"collection":[{"href":"https:\/\/tanuko.lt\/ukr\/wp-json\/wp\/v2\/product"}],"about":[{"href":"https:\/\/tanuko.lt\/ukr\/wp-json\/wp\/v2\/types\/product"}],"replies":[{"embeddable":true,"href":"https:\/\/tanuko.lt\/ukr\/wp-json\/wp\/v2\/comments?post=13929"}],"version-history":[{"count":5,"href":"https:\/\/tanuko.lt\/ukr\/wp-json\/wp\/v2\/product\/13929\/revisions"}],"predecessor-version":[{"id":14135,"href":"https:\/\/tanuko.lt\/ukr\/wp-json\/wp\/v2\/product\/13929\/revisions\/14135"}],"wp:featuredmedia":[{"embeddable":true,"href":"https:\/\/tanuko.lt\/ukr\/wp-json\/wp\/v2\/media\/14063"}],"wp:attachment":[{"href":"https:\/\/tanuko.lt\/ukr\/wp-json\/wp\/v2\/media?parent=13929"}],"wp:term":[{"taxonomy":"product_brand","embeddable":true,"href":"https:\/\/tanuko.lt\/ukr\/wp-json\/wp\/v2\/product_brand?post=13929"},{"taxonomy":"product_cat","embeddable":true,"href":"https:\/\/tanuko.lt\/ukr\/wp-json\/wp\/v2\/product_cat?post=13929"},{"taxonomy":"product_tag","embeddable":true,"href":"https:\/\/tanuko.lt\/ukr\/wp-json\/wp\/v2\/product_tag?post=13929"}],"curies":[{"name":"wp","href":"https:\/\/api.w.org\/{rel}","templated":true}]}}