{"id":11194,"date":"2024-02-26T20:38:34","date_gmt":"2024-02-26T20:38:34","guid":{"rendered":"https:\/\/tanuko.lt\/compare-copy\/"},"modified":"2024-04-14T19:23:06","modified_gmt":"2024-04-14T19:23:06","slug":"apie-mus","status":"publish","type":"page","link":"https:\/\/tanuko.lt\/ukr\/apie-mus\/","title":{"rendered":"\u041f\u0440\u043e \u043d\u0430\u0441"},"content":{"rendered":"<div data-elementor-type=\"wp-page\" data-elementor-id=\"11194\" class=\"elementor elementor-11194\">\n\t\t\t\t<div class=\"elementor-element elementor-element-38b0db3 e-con-full e-flex e-con e-parent\" data-id=\"38b0db3\" data-element_type=\"container\" data-e-type=\"container\" data-settings=\"{&quot;background_background&quot;:&quot;classic&quot;}\">\n\t\t\t\t<div class=\"elementor-element elementor-element-bf35d3b elementor-widget elementor-widget-heading\" data-id=\"bf35d3b\" data-element_type=\"widget\" data-e-type=\"widget\" data-widget_type=\"heading.default\">\n\t\t\t\t<div class=\"elementor-widget-container\">\n\t\t\t\t\t<h1 class=\"elementor-heading-title elementor-size-default\">\u041f\u0440\u043e \u043d\u0430\u0441<\/h1>\t\t\t\t<\/div>\n\t\t\t\t<\/div>\n\t\t\t\t<\/div>\n\t\t<div class=\"elementor-element elementor-element-28669cc about-section e-flex e-con-boxed e-con e-parent\" data-id=\"28669cc\" data-element_type=\"container\" data-e-type=\"container\">\n\t\t\t\t\t<div class=\"e-con-inner\">\n\t\t<div class=\"elementor-element elementor-element-a80a217 e-con-full about-tanuko e-flex e-con e-child\" data-id=\"a80a217\" data-element_type=\"container\" data-e-type=\"container\">\n\t\t\t\t\t<link rel=\"stylesheet\" id=\"wd-mod-animations-keyframes-css\" href=\"https:\/\/tanuko.lt\/wp-content\/themes\/woodmart\/css\/parts\/mod-animations-keyframes.min.css?ver=7.4.3\" type=\"text\/css\" media=\"all\" \/> \t\t\t\t\t<div class=\"elementor-element elementor-element-018a766 elementor-invisible elementor-widget elementor-widget-image\" data-id=\"018a766\" data-element_type=\"widget\" data-e-type=\"widget\" data-settings=\"{&quot;_animation&quot;:&quot;fadeInLeft&quot;}\" data-widget_type=\"image.default\">\n\t\t\t\t<div class=\"elementor-widget-container\">\n\t\t\t\t\t\t\t\t\t\t\t\t\t\t\t<img fetchpriority=\"high\" decoding=\"async\" width=\"1024\" height=\"1024\" src=\"https:\/\/chocolate-dotterel-483576.hostingersite.com\/wp-content\/uploads\/2024\/03\/untitled-1024x1024.jpeg\" class=\"attachment-large size-large wp-image-12138\" alt=\"\" srcset=\"https:\/\/tanuko.lt\/wp-content\/uploads\/2024\/03\/untitled-1024x1024.jpeg 1024w, https:\/\/tanuko.lt\/wp-content\/uploads\/2024\/03\/untitled-300x300.jpeg 300w, https:\/\/tanuko.lt\/wp-content\/uploads\/2024\/03\/untitled-150x150.jpeg 150w, https:\/\/tanuko.lt\/wp-content\/uploads\/2024\/03\/untitled-768x768.jpeg 768w, https:\/\/tanuko.lt\/wp-content\/uploads\/2024\/03\/untitled-12x12.jpeg 12w, https:\/\/tanuko.lt\/wp-content\/uploads\/2024\/03\/untitled-600x600.jpeg 600w, https:\/\/tanuko.lt\/wp-content\/uploads\/2024\/03\/untitled.jpeg 1080w\" sizes=\"(max-width: 1024px) 100vw, 1024px\" \/>\t\t\t\t\t\t\t\t\t\t\t\t\t\t\t<\/div>\n\t\t\t\t<\/div>\n\t\t\t\t<div class=\"elementor-element elementor-element-7742088 elementor-invisible elementor-widget elementor-widget-image\" data-id=\"7742088\" data-element_type=\"widget\" data-e-type=\"widget\" data-settings=\"{&quot;_animation&quot;:&quot;fadeInUp&quot;}\" data-widget_type=\"image.default\">\n\t\t\t\t<div class=\"elementor-widget-container\">\n\t\t\t\t\t\t\t\t\t\t\t\t\t\t\t<img decoding=\"async\" width=\"300\" height=\"300\" src=\"https:\/\/chocolate-dotterel-483576.hostingersite.com\/wp-content\/uploads\/2024\/03\/kids-2.jpg\" class=\"attachment-large size-large wp-image-12052\" alt=\"\" srcset=\"https:\/\/tanuko.lt\/wp-content\/uploads\/2024\/03\/kids-2.jpg 300w, https:\/\/tanuko.lt\/wp-content\/uploads\/2024\/03\/kids-2-150x150.jpg 150w, https:\/\/tanuko.lt\/wp-content\/uploads\/2024\/03\/kids-2-12x12.jpg 12w\" sizes=\"(max-width: 300px) 100vw, 300px\" \/>\t\t\t\t\t\t\t\t\t\t\t\t\t\t\t<\/div>\n\t\t\t\t<\/div>\n\t\t\t\t<\/div>\n\t\t<div class=\"elementor-element elementor-element-1de39fd e-con-full e-flex elementor-invisible e-con e-child\" data-id=\"1de39fd\" data-element_type=\"container\" data-e-type=\"container\" data-settings=\"{&quot;animation&quot;:&quot;fadeInRight&quot;}\">\n\t\t\t\t<div class=\"elementor-element elementor-element-70b6d56 icon-2 elementor-widget elementor-widget-image\" data-id=\"70b6d56\" data-element_type=\"widget\" data-e-type=\"widget\" data-widget_type=\"image.default\">\n\t\t\t\t<div class=\"elementor-widget-container\">\n\t\t\t\t\t\t\t\t\t\t\t\t\t\t\t<img decoding=\"async\" width=\"97\" height=\"97\" src=\"https:\/\/chocolate-dotterel-483576.hostingersite.com\/wp-content\/uploads\/2024\/03\/anim-icon-17.png\" class=\"attachment-large size-large wp-image-12063\" alt=\"\" srcset=\"https:\/\/tanuko.lt\/wp-content\/uploads\/2024\/03\/anim-icon-17.png 97w, https:\/\/tanuko.lt\/wp-content\/uploads\/2024\/03\/anim-icon-17-12x12.png 12w\" sizes=\"(max-width: 97px) 100vw, 97px\" \/>\t\t\t\t\t\t\t\t\t\t\t\t\t\t\t<\/div>\n\t\t\t\t<\/div>\n\t\t\t\t<div class=\"elementor-element elementor-element-2511be8 icon-4 elementor-widget elementor-widget-image\" data-id=\"2511be8\" data-element_type=\"widget\" data-e-type=\"widget\" data-widget_type=\"image.default\">\n\t\t\t\t<div class=\"elementor-widget-container\">\n\t\t\t\t\t\t\t\t\t\t\t\t\t\t\t<img loading=\"lazy\" decoding=\"async\" width=\"94\" height=\"100\" src=\"https:\/\/chocolate-dotterel-483576.hostingersite.com\/wp-content\/uploads\/2024\/03\/anim-icon-19.png\" class=\"attachment-large size-large wp-image-12059\" alt=\"\" srcset=\"https:\/\/tanuko.lt\/wp-content\/uploads\/2024\/03\/anim-icon-19.png 94w, https:\/\/tanuko.lt\/wp-content\/uploads\/2024\/03\/anim-icon-19-11x12.png 11w\" sizes=\"(max-width: 94px) 100vw, 94px\" \/>\t\t\t\t\t\t\t\t\t\t\t\t\t\t\t<\/div>\n\t\t\t\t<\/div>\n\t\t\t\t<div class=\"elementor-element elementor-element-00d9810 wd-width-100 elementor-widget elementor-widget-wd_title\" data-id=\"00d9810\" data-element_type=\"widget\" data-e-type=\"widget\" data-widget_type=\"wd_title.default\">\n\t\t\t\t<div class=\"elementor-widget-container\">\n\t\t\t\t\t\t\t<div class=\"title-wrapper set-mb-s reset-last-child wd-title-color-default wd-title-style-default wd-title-size-default text-left\">\n\n\t\t\t\n\t\t\t<div class=\"liner-continer\">\n\t\t\t\t<h2 class=\"woodmart-title-container title wd-fontsize-l\">TANUKO<\/h2> \n\t\t\t\t\t\t\t<\/div>\n\n\t\t\t\t\t<\/div>\n\t\t\t\t\t\t<\/div>\n\t\t\t\t<\/div>\n\t\t\t\t<div class=\"elementor-element elementor-element-ff93e7c elementor-widget elementor-widget-wd_text_block\" data-id=\"ff93e7c\" data-element_type=\"widget\" data-e-type=\"widget\" data-widget_type=\"wd_text_block.default\">\n\t\t\t\t<div class=\"elementor-widget-container\">\n\t\t\t\t\t\t\t<div class=\"wd-text-block reset-last-child text-left\">\n\t\t\t\n\t\t\t<p>TANUKO - \u0446\u0435 \u0441\u043f\u0435\u0446\u0456\u0430\u043b\u044c\u043d\u0438\u0439 \u043c\u0430\u0433\u0430\u0437\u0438\u043d \u0442\u043e\u0432\u0430\u0440\u0456\u0432 \u0434\u043b\u044f \u0434\u0456\u0442\u0435\u0439 \u0442\u0430 \u0434\u043e\u0433\u043b\u044f\u0434\u0443 \u0437\u0430 \u043d\u0438\u043c\u0438, \u0441\u0442\u0432\u043e\u0440\u0435\u043d\u0438\u0439 \u0434\u043b\u044f \u0442\u043e\u0433\u043e, \u0449\u043e\u0431 \u043f\u043e\u043b\u0435\u0433\u0448\u0438\u0442\u0438 \u043f\u0440\u043e\u0446\u0435\u0441 \u0434\u043e\u0440\u043e\u0441\u043b\u0456\u0448\u0430\u043d\u043d\u044f \u0432\u0430\u0448\u043e\u0457 \u0434\u0438\u0442\u0438\u043d\u0438.<\/p><p><br \/>\u041d\u0430\u0448\u0430 \u043f\u0440\u043e\u0434\u0443\u043a\u0446\u0456\u044f \u043d\u0435 \u0442\u0456\u043b\u044c\u043a\u0438 \u044f\u043a\u0456\u0441\u043d\u0430, \u0430\u043b\u0435 \u0439 \u043d\u0430\u043f\u043e\u0432\u043d\u0435\u043d\u0430 \u043b\u044e\u0431\u043e\u0432'\u044e \u0442\u0430 \u0442\u0443\u0440\u0431\u043e\u0442\u043e\u044e, \u044f\u043a\u0443 \u043c\u0438 \u0445\u043e\u0447\u0435\u043c\u043e \u043f\u0435\u0440\u0435\u0434\u0430\u0442\u0438 \u0432\u0430\u043c!<\/p><p><br \/>\u041d\u0430\u0448\u0430 \u043a\u043e\u043c\u0430\u043d\u0434\u0430 \u0441\u043a\u043b\u0430\u0434\u0430\u0454\u0442\u044c\u0441\u044f \u043d\u0435 \u0442\u0456\u043b\u044c\u043a\u0438 \u0437 \u043f\u0440\u043e\u0444\u0435\u0441\u0456\u043e\u043d\u0430\u043b\u0456\u0432, \u0430\u043b\u0435 \u0439 \u0437 \u0431\u0430\u0442\u044c\u043a\u0456\u0432, \u044f\u043a\u0456 \u0437\u043d\u0430\u044e\u0442\u044c, \u044f\u043a\u0456 \u043f\u0440\u043e\u0431\u043b\u0435\u043c\u0438 \u043c\u043e\u0436\u0443\u0442\u044c \u0432\u0438\u043d\u0438\u043a\u043d\u0443\u0442\u0438, \u043a\u043e\u043b\u0438 \u0434\u0456\u0442\u0438 \u043f\u0456\u0434\u0440\u043e\u0441\u0442\u0430\u044e\u0442\u044c. \u041c\u0438 \u0430\u043d\u0430\u043b\u0456\u0437\u0443\u0454\u043c\u043e \u0456 \u0442\u0435\u0441\u0442\u0443\u0454\u043c\u043e \u043a\u043e\u0436\u0435\u043d \u043f\u0440\u043e\u0434\u0443\u043a\u0442, \u0442\u043e\u043c\u0443 \u0449\u043e \u0445\u043e\u0447\u0435\u043c\u043e \u0437\u0430\u043f\u0440\u043e\u043f\u043e\u043d\u0443\u0432\u0430\u0442\u0438 \u0432\u0430\u043c \u043d\u0430\u0439\u043a\u0440\u0430\u0449\u0456 \u043f\u0440\u043e\u043f\u043e\u0437\u0438\u0446\u0456\u0457!<\/p><p><br \/>\u041c\u0438 \u043f\u0440\u0430\u0433\u043d\u0435\u043c\u043e \u043d\u0435 \u043b\u0438\u0448\u0435 \u043d\u0430\u0434\u0430\u0432\u0430\u0442\u0438 \u0432\u0438\u0441\u043e\u043a\u043e\u044f\u043a\u0456\u0441\u043d\u0443 \u043f\u0440\u043e\u0434\u0443\u043a\u0446\u0456\u044e, \u0430 \u0439 \u0434\u0456\u043b\u0438\u0442\u0438\u0441\u044f \u0441\u0432\u043e\u0457\u043c \u0434\u043e\u0441\u0432\u0456\u0434\u043e\u043c.<\/p>\n\t\t\t\t\t<\/div>\n\t\t\t\t\t\t<\/div>\n\t\t\t\t<\/div>\n\t\t\t\t<div class=\"elementor-element elementor-element-3017623 elementor-widget elementor-widget-wd_button\" data-id=\"3017623\" data-element_type=\"widget\" data-e-type=\"widget\" data-widget_type=\"wd_button.default\">\n\t\t\t\t<div class=\"elementor-widget-container\">\n\t\t\t\t\t\t\t<div class=\"wd-button-wrapper text-left\" >\n\t\t\t<a class=\"btn btn-style-default btn-style-round btn-size-large btn-color-primary btn-icon-pos-right\"  href=\"\/ukr\/kontaktai\/\">\n\t\t\t\t<span class=\"wd-btn-text\" data-elementor-setting-key=\"text\">\n\t\t\t\t\t\u041a\u043e\u043d\u0442\u0430\u043a\u0442\u0438\t\t\t\t<\/span>\n\n\t\t\t\t\t\t\t<\/a>\n\t\t<\/div>\n\t\t\t\t\t\t<\/div>\n\t\t\t\t<\/div>\n\t\t\t\t<div class=\"elementor-element elementor-element-d36e15c icon-3 elementor-widget elementor-widget-image\" data-id=\"d36e15c\" data-element_type=\"widget\" data-e-type=\"widget\" data-widget_type=\"image.default\">\n\t\t\t\t<div class=\"elementor-widget-container\">\n\t\t\t\t\t\t\t\t\t\t\t\t\t\t\t<img loading=\"lazy\" decoding=\"async\" width=\"99\" height=\"67\" src=\"https:\/\/chocolate-dotterel-483576.hostingersite.com\/wp-content\/uploads\/2024\/03\/anim-icon-20.png\" class=\"attachment-large size-large wp-image-12094\" alt=\"\" srcset=\"https:\/\/tanuko.lt\/wp-content\/uploads\/2024\/03\/anim-icon-20.png 99w, https:\/\/tanuko.lt\/wp-content\/uploads\/2024\/03\/anim-icon-20-18x12.png 18w\" sizes=\"(max-width: 99px) 100vw, 99px\" \/>\t\t\t\t\t\t\t\t\t\t\t\t\t\t\t<\/div>\n\t\t\t\t<\/div>\n\t\t\t\t<\/div>\n\t\t\t\t\t<\/div>\n\t\t\t\t<\/div>\n\t\t<div class=\"elementor-element elementor-element-0fb1996 e-con-full e-flex e-con e-parent\" data-id=\"0fb1996\" data-element_type=\"container\" data-e-type=\"container\" data-settings=\"{&quot;background_background&quot;:&quot;classic&quot;}\">\n\t\t<div class=\"elementor-element elementor-element-27c6887 e-flex e-con-boxed e-con e-child\" data-id=\"27c6887\" data-element_type=\"container\" data-e-type=\"container\">\n\t\t\t\t\t<div class=\"e-con-inner\">\n\t\t<div class=\"elementor-element elementor-element-ac11db4 e-flex e-con-boxed elementor-invisible e-con e-child\" data-id=\"ac11db4\" data-element_type=\"container\" data-e-type=\"container\" data-settings=\"{&quot;background_background&quot;:&quot;classic&quot;,&quot;animation&quot;:&quot;fadeInLeft&quot;,&quot;animation_delay&quot;:0.3}\">\n\t\t\t\t\t<div class=\"e-con-inner\">\n\t\t\t\t<div class=\"elementor-element elementor-element-0d49d59 wd-width-100 elementor-widget elementor-widget-wd_title\" data-id=\"0d49d59\" data-element_type=\"widget\" data-e-type=\"widget\" data-widget_type=\"wd_title.default\">\n\t\t\t\t<div class=\"elementor-widget-container\">\n\t\t\t\t\t\t\t<div class=\"title-wrapper set-mb-s reset-last-child wd-title-color-default wd-title-style-default wd-title-size-default text-left\">\n\n\t\t\t\n\t\t\t<div class=\"liner-continer\">\n\t\t\t\t<h3 class=\"woodmart-title-container title wd-fontsize-l\">\u041f\u0435\u0440\u0441\u043e\u043d\u0430\u043b\u044c\u043d\u0430 \u0443\u0432\u0430\u0433\u0430<\/h3> \n\t\t\t\t\t\t\t<\/div>\n\n\t\t\t\t\t<\/div>\n\t\t\t\t\t\t<\/div>\n\t\t\t\t<\/div>\n\t\t\t\t<div class=\"elementor-element elementor-element-2cfdc11 elementor-widget elementor-widget-wd_text_block\" data-id=\"2cfdc11\" data-element_type=\"widget\" data-e-type=\"widget\" data-widget_type=\"wd_text_block.default\">\n\t\t\t\t<div class=\"elementor-widget-container\">\n\t\t\t\t\t\t\t<div class=\"wd-text-block reset-last-child text-left\">\n\t\t\t\n\t\t\t<p>\u0414\u043b\u044f \u043d\u0430\u0441 \u0432\u0430\u0436\u043b\u0438\u0432\u0438\u0439 \u043a\u043e\u0436\u0435\u043d \u043a\u043b\u0456\u0454\u043d\u0442. \u041c\u0438 \u0442\u0443\u0442, \u0449\u043e\u0431 \u0434\u043e\u043f\u043e\u043c\u043e\u0433\u0442\u0438, \u043f\u043e\u0440\u0430\u0434\u0438\u0442\u0438 \u0442\u0430 \u043f\u0456\u0434\u0442\u0440\u0438\u043c\u0430\u0442\u0438.<\/p>\n\t\t\t\t\t<\/div>\n\t\t\t\t\t\t<\/div>\n\t\t\t\t<\/div>\n\t\t\t\t\t<\/div>\n\t\t\t\t<\/div>\n\t\t<div class=\"elementor-element elementor-element-ee231e9 e-flex e-con-boxed elementor-invisible e-con e-child\" data-id=\"ee231e9\" data-element_type=\"container\" data-e-type=\"container\" data-settings=\"{&quot;background_background&quot;:&quot;classic&quot;,&quot;animation&quot;:&quot;fadeInRight&quot;,&quot;animation_delay&quot;:0.4}\">\n\t\t\t\t\t<div class=\"e-con-inner\">\n\t\t\t\t<div class=\"elementor-element elementor-element-666f4b0 wd-width-100 elementor-widget elementor-widget-wd_title\" data-id=\"666f4b0\" data-element_type=\"widget\" data-e-type=\"widget\" data-widget_type=\"wd_title.default\">\n\t\t\t\t<div class=\"elementor-widget-container\">\n\t\t\t\t\t\t\t<div class=\"title-wrapper set-mb-s reset-last-child wd-title-color-default wd-title-style-default wd-title-size-default text-left\">\n\n\t\t\t\n\t\t\t<div class=\"liner-continer\">\n\t\t\t\t<h3 class=\"woodmart-title-container title wd-fontsize-l\">\u041d\u0430\u0439\u0432\u0438\u0449\u0430 \u044f\u043a\u0456\u0441\u0442\u044c<\/h3> \n\t\t\t\t\t\t\t<\/div>\n\n\t\t\t\t\t<\/div>\n\t\t\t\t\t\t<\/div>\n\t\t\t\t<\/div>\n\t\t\t\t<div class=\"elementor-element elementor-element-6f9b8bc elementor-widget elementor-widget-wd_text_block\" data-id=\"6f9b8bc\" data-element_type=\"widget\" data-e-type=\"widget\" data-widget_type=\"wd_text_block.default\">\n\t\t\t\t<div class=\"elementor-widget-container\">\n\t\t\t\t\t\t\t<div class=\"wd-text-block reset-last-child text-left\">\n\t\t\t\n\t\t\t<p>\u0412\u0441\u0456 \u043d\u0430\u0448\u0456 \u043f\u0456\u0434\u0433\u0443\u0437\u043a\u0438 \u0440\u0435\u0442\u0435\u043b\u044c\u043d\u043e \u0432\u0456\u0434\u0431\u0438\u0440\u0430\u044e\u0442\u044c\u0441\u044f \u0443 \u043f\u0435\u0440\u0435\u0432\u0456\u0440\u0435\u043d\u0438\u0445 \u0432\u0438\u0440\u043e\u0431\u043d\u0438\u043a\u0456\u0432, \u0449\u043e\u0431 \u0433\u0430\u0440\u0430\u043d\u0442\u0443\u0432\u0430\u0442\u0438 \u0457\u0445\u043d\u044e \u044f\u043a\u0456\u0441\u0442\u044c, \u0431\u0435\u0437\u043f\u0435\u043a\u0443 \u0442\u0430 \u0435\u043a\u043e\u043b\u043e\u0433\u0456\u0447\u043d\u0456\u0441\u0442\u044c.<\/p>\n\t\t\t\t\t<\/div>\n\t\t\t\t\t\t<\/div>\n\t\t\t\t<\/div>\n\t\t\t\t\t<\/div>\n\t\t\t\t<\/div>\n\t\t\t\t\t<\/div>\n\t\t\t\t<\/div>\n\t\t<div class=\"elementor-element elementor-element-0b58c3d e-flex e-con-boxed e-con e-child\" data-id=\"0b58c3d\" data-element_type=\"container\" data-e-type=\"container\">\n\t\t\t\t\t<div class=\"e-con-inner\">\n\t\t<div class=\"elementor-element elementor-element-8807f18 e-flex e-con-boxed elementor-invisible e-con e-child\" data-id=\"8807f18\" data-element_type=\"container\" data-e-type=\"container\" data-settings=\"{&quot;background_background&quot;:&quot;classic&quot;,&quot;animation&quot;:&quot;fadeInLeft&quot;,&quot;animation_delay&quot;:0.5}\">\n\t\t\t\t\t<div class=\"e-con-inner\">\n\t\t\t\t<div class=\"elementor-element elementor-element-54591da wd-width-100 elementor-widget elementor-widget-wd_title\" data-id=\"54591da\" data-element_type=\"widget\" data-e-type=\"widget\" data-widget_type=\"wd_title.default\">\n\t\t\t\t<div class=\"elementor-widget-container\">\n\t\t\t\t\t\t\t<div class=\"title-wrapper set-mb-s reset-last-child wd-title-color-default wd-title-style-default wd-title-size-default text-left\">\n\n\t\t\t\n\t\t\t<div class=\"liner-continer\">\n\t\t\t\t<h3 class=\"woodmart-title-container title wd-fontsize-l\">\u0414\u043e\u0441\u0442\u0443\u043f\u043d\u0456 \u0446\u0456\u043d\u0438<br \/>\n<\/h3> \n\t\t\t\t\t\t\t<\/div>\n\n\t\t\t\t\t<\/div>\n\t\t\t\t\t\t<\/div>\n\t\t\t\t<\/div>\n\t\t\t\t<div class=\"elementor-element elementor-element-f89c864 elementor-widget elementor-widget-wd_text_block\" data-id=\"f89c864\" data-element_type=\"widget\" data-e-type=\"widget\" data-widget_type=\"wd_text_block.default\">\n\t\t\t\t<div class=\"elementor-widget-container\">\n\t\t\t\t\t\t\t<div class=\"wd-text-block reset-last-child text-left\">\n\t\t\t\n\t\t\t\u041c\u0438 \u0440\u043e\u0437\u0443\u043c\u0456\u0454\u043c\u043e, \u0449\u043e \u0441\u0456\u043c\u0435\u0439\u043d\u0438\u0439 \u0431\u044e\u0434\u0436\u0435\u0442 \u0432\u0430\u0436\u043b\u0438\u0432\u0438\u0439, \u0442\u043e\u043c\u0443 \u043d\u0430\u043c\u0430\u0433\u0430\u0454\u043c\u043e\u0441\u044f \u043f\u0440\u043e\u043f\u043e\u043d\u0443\u0432\u0430\u0442\u0438 \u043a\u043e\u043d\u043a\u0443\u0440\u0435\u043d\u0442\u043e\u0441\u043f\u0440\u043e\u043c\u043e\u0436\u043d\u0456 \u0446\u0456\u043d\u0438 \u043d\u0430 \u043d\u0430\u0448\u0443 \u043f\u0440\u043e\u0434\u0443\u043a\u0446\u0456\u044e.\n\t\t\t\t\t<\/div>\n\t\t\t\t\t\t<\/div>\n\t\t\t\t<\/div>\n\t\t\t\t\t<\/div>\n\t\t\t\t<\/div>\n\t\t<div class=\"elementor-element elementor-element-689f998 e-flex e-con-boxed elementor-invisible e-con e-child\" data-id=\"689f998\" data-element_type=\"container\" data-e-type=\"container\" data-settings=\"{&quot;background_background&quot;:&quot;classic&quot;,&quot;animation&quot;:&quot;fadeInRight&quot;,&quot;animation_delay&quot;:0.6}\">\n\t\t\t\t\t<div class=\"e-con-inner\">\n\t\t\t\t<div class=\"elementor-element elementor-element-815bc22 wd-width-100 elementor-widget elementor-widget-wd_title\" data-id=\"815bc22\" data-element_type=\"widget\" data-e-type=\"widget\" data-widget_type=\"wd_title.default\">\n\t\t\t\t<div class=\"elementor-widget-container\">\n\t\t\t\t\t\t\t<div class=\"title-wrapper set-mb-s reset-last-child wd-title-color-default wd-title-style-default wd-title-size-default text-left\">\n\n\t\t\t\n\t\t\t<div class=\"liner-continer\">\n\t\t\t\t<h3 class=\"woodmart-title-container title wd-fontsize-l\">\u0428\u0438\u0440\u043e\u043a\u0438\u0439 \u0430\u0441\u043e\u0440\u0442\u0438\u043c\u0435\u043d\u0442 \u043f\u0440\u043e\u0434\u0443\u043a\u0446\u0456\u0457<br \/>\n<\/h3> \n\t\t\t\t\t\t\t<\/div>\n\n\t\t\t\t\t<\/div>\n\t\t\t\t\t\t<\/div>\n\t\t\t\t<\/div>\n\t\t\t\t<div class=\"elementor-element elementor-element-92ad8cf elementor-widget elementor-widget-wd_text_block\" data-id=\"92ad8cf\" data-element_type=\"widget\" data-e-type=\"widget\" data-widget_type=\"wd_text_block.default\">\n\t\t\t\t<div class=\"elementor-widget-container\">\n\t\t\t\t\t\t\t<div class=\"wd-text-block reset-last-child text-left\">\n\t\t\t\n\t\t\t\u041c\u0438 \u043f\u0440\u043e\u043f\u043e\u043d\u0443\u0454\u043c\u043e \u0440\u0456\u0437\u043d\u0456 \u0442\u0438\u043f\u0438 \u043f\u0456\u0434\u0433\u0443\u0437\u043a\u0456\u0432, \u0449\u043e\u0431 \u0437\u0430\u0434\u043e\u0432\u043e\u043b\u044c\u043d\u0438\u0442\u0438 \u043f\u043e\u0442\u0440\u0435\u0431\u0438 \u043a\u043e\u0436\u043d\u043e\u0457 \u0434\u0438\u0442\u0438\u043d\u0438 \u0442\u0430 \u0432\u043f\u043e\u0434\u043e\u0431\u0430\u043d\u043d\u044f \u0431\u0430\u0442\u044c\u043a\u0456\u0432.\n\t\t\t\t\t<\/div>\n\t\t\t\t\t\t<\/div>\n\t\t\t\t<\/div>\n\t\t\t\t\t<\/div>\n\t\t\t\t<\/div>\n\t\t\t\t\t<\/div>\n\t\t\t\t<\/div>\n\t\t\t\t<\/div>\n\t\t\t\t<\/div>","protected":false},"excerpt":{"rendered":"<p>Apie mus TANUKO TANUKO \u2013 ypatinga k\u016bdiki\u0173 ir vaik\u0173 prie\u017ei\u016bros preki\u0173 parduotuv\u0117, sukurta palengvinti j\u016bs\u0173 ma\u017eylio auginimo patirt\u012f. M\u016bs\u0173 produktai<\/p>","protected":false},"author":1,"featured_media":0,"parent":0,"menu_order":0,"comment_status":"closed","ping_status":"closed","template":"","meta":{"footnotes":""},"class_list":["post-11194","page","type-page","status-publish","hentry"],"_links":{"self":[{"href":"https:\/\/tanuko.lt\/ukr\/wp-json\/wp\/v2\/pages\/11194","targetHints":{"allow":["GET"]}}],"collection":[{"href":"https:\/\/tanuko.lt\/ukr\/wp-json\/wp\/v2\/pages"}],"about":[{"href":"https:\/\/tanuko.lt\/ukr\/wp-json\/wp\/v2\/types\/page"}],"author":[{"embeddable":true,"href":"https:\/\/tanuko.lt\/ukr\/wp-json\/wp\/v2\/users\/1"}],"replies":[{"embeddable":true,"href":"https:\/\/tanuko.lt\/ukr\/wp-json\/wp\/v2\/comments?post=11194"}],"version-history":[{"count":122,"href":"https:\/\/tanuko.lt\/ukr\/wp-json\/wp\/v2\/pages\/11194\/revisions"}],"predecessor-version":[{"id":12820,"href":"https:\/\/tanuko.lt\/ukr\/wp-json\/wp\/v2\/pages\/11194\/revisions\/12820"}],"wp:attachment":[{"href":"https:\/\/tanuko.lt\/ukr\/wp-json\/wp\/v2\/media?parent=11194"}],"curies":[{"name":"wp","href":"https:\/\/api.w.org\/{rel}","templated":true}]}}