{"id":13961,"date":"2026-04-01T13:24:49","date_gmt":"2026-04-01T13:24:49","guid":{"rendered":"https:\/\/tanuko.lt\/?post_type=product&#038;p=13961"},"modified":"2026-04-01T13:25:22","modified_gmt":"2026-04-01T13:25:22","slug":"biri-pudra-kudikiams-pigeon-150g","status":"publish","type":"product","link":"https:\/\/tanuko.lt\/ru\/product\/biri-pudra-kudikiams-pigeon-150g\/","title":{"rendered":"Biri pudra k\u016bdikiams PIGEON, 150g"},"content":{"rendered":"<p><strong>K\u016bdiki\u0173 pudra, skirta prakaitavimo, sudirginimo ir vystykl\u0173 b\u0117rimo prevencijai<\/strong><\/p>\n<p>\u0160i \u0161velni ir smulki pudra yra specialiai sukurta k\u016bdiki\u0173 odos apsaugai. Ji veiksmingai apsaugo od\u0105 nuo prakaitavimo, sudirginimo ir vystykl\u0173 b\u0117rimo. Naudokite j\u0105 po maudyni\u0173, kei\u010diant sauskelnes arba prakaituojant, kaip paskutin\u012f odos prie\u017ei\u016bros \u017eingsn\u012f, kad u\u017etikrintum\u0117te odos sausum\u0105 ir komfort\u0105.<\/p>\n<p>Pakuot\u0117je yra patogus vidinis dangtelis, kuris leid\u017eia paimti reikiam\u0105 pudros kiek\u012f, taip u\u017etikrinant, kad pudra nei\u0161sibarstyt\u0173 ir b\u016bt\u0173 naudojama taupiai. \u0160is dizainas padeda i\u0161vengti per didelio pudros kiekio ir i\u0161sibarstymo, jei pakuot\u0117 b\u016bt\u0173 nety\u010dia apversta.<\/p>\n<p><strong>Veiklioji med\u017eiaga:<\/strong><\/p>\n<ul>\n<li><strong>Cinko oksidas<\/strong>: apsaugo od\u0105, ma\u017eina dirginim\u0105 ir padeda i\u0161vengti odos problem\u0173.<\/li>\n<\/ul>\n<p><strong>Kitos sudedamosios dalys:<\/strong><\/p>\n<ul>\n<li><strong>Talkas<\/strong>: sugeria dr\u0117gm\u0119 ir suteikia pudrai \u0161velni\u0105 tekst\u016br\u0105.<\/li>\n<li><strong>Skystas parafinas<\/strong>: suteikia odos apsaug\u0105 ir dr\u0117kinim\u0105.<\/li>\n<li><strong>Skvalanas<\/strong>: dr\u0117kinamoji med\u017eiaga, kuri padeda i\u0161laikyti odos dr\u0117gm\u0119.<\/li>\n<\/ul>\n<p><strong>Papildomos savyb\u0117s:<\/strong><\/p>\n<ul>\n<li><strong>Be kvapikli\u0173<\/strong>: idealiai tinka jautriai k\u016bdikio odai, nesukelia papildomo dirginimo.<\/li>\n<li><strong>Atliktas odos alergijos testas<\/strong>: nors atliktas testas, n\u0117ra garantijos, kad pudra tiks visiems ir nesukels alergini\u0173 reakcij\u0173.<\/li>\n<\/ul>","protected":false},"excerpt":{"rendered":"<ul>\n<li>Apsaugo nuo prakaitavimo, sudirginimo ir vystykl\u0173 b\u0117rimo.<\/li>\n<li>\u0160velni ir smulki.<\/li>\n<li>Su vidiniu dangteliu, kontroliuojan\u010diu pudros kiek\u012f.<\/li>\n<li>Be kvapikli\u0173, atliktas alergijos testas.<\/li>\n<li>Specialiai sukurta k\u016bdiki\u0173 odai.<\/li>\n<\/ul>","protected":false},"featured_media":13962,"comment_status":"open","ping_status":"closed","template":"","meta":[],"product_brand":[],"product_cat":[168,172,160,170,125,124,122,123,169,173,171,126,127],"product_tag":[],"class_list":{"0":"post-13961","1":"product","2":"type-product","3":"status-publish","4":"has-post-thumbnail","6":"product_cat-dantu_prieziuros_priemones","7":"product_cat-dregnos-serveteles","8":"product_cat-higienos-prekes","9":"product_cat-kremai_ir_losjonai_vaikams","10":"product_cat-9-14-kg","11":"product_cat-6-11-kg","12":"product_cat-0-5-kg","13":"product_cat-4-8-kg","14":"product_cat-sampunai_ir_prausikliai_vaikams","15":"product_cat-sauskelnes","16":"product_cat-skalbimo_priemones","17":"product_cat-12-20-kg","18":"product_cat-13-35-kg","20":"first","21":"instock","22":"sale","23":"taxable","24":"shipping-taxable","25":"purchasable","26":"product-type-simple"},"tiered_pricing_type":"fixed","tiered_pricing_fixed_rules":[],"tiered_pricing_percentage_rules":[],"tiered_pricing_minimum":1,"tiered_pricing_roles_data":[],"_links":{"self":[{"href":"https:\/\/tanuko.lt\/ru\/wp-json\/wp\/v2\/product\/13961","targetHints":{"allow":["GET"]}}],"collection":[{"href":"https:\/\/tanuko.lt\/ru\/wp-json\/wp\/v2\/product"}],"about":[{"href":"https:\/\/tanuko.lt\/ru\/wp-json\/wp\/v2\/types\/product"}],"replies":[{"embeddable":true,"href":"https:\/\/tanuko.lt\/ru\/wp-json\/wp\/v2\/comments?post=13961"}],"version-history":[{"count":2,"href":"https:\/\/tanuko.lt\/ru\/wp-json\/wp\/v2\/product\/13961\/revisions"}],"predecessor-version":[{"id":13964,"href":"https:\/\/tanuko.lt\/ru\/wp-json\/wp\/v2\/product\/13961\/revisions\/13964"}],"wp:featuredmedia":[{"embeddable":true,"href":"https:\/\/tanuko.lt\/ru\/wp-json\/wp\/v2\/media\/13962"}],"wp:attachment":[{"href":"https:\/\/tanuko.lt\/ru\/wp-json\/wp\/v2\/media?parent=13961"}],"wp:term":[{"taxonomy":"product_brand","embeddable":true,"href":"https:\/\/tanuko.lt\/ru\/wp-json\/wp\/v2\/product_brand?post=13961"},{"taxonomy":"product_cat","embeddable":true,"href":"https:\/\/tanuko.lt\/ru\/wp-json\/wp\/v2\/product_cat?post=13961"},{"taxonomy":"product_tag","embeddable":true,"href":"https:\/\/tanuko.lt\/ru\/wp-json\/wp\/v2\/product_tag?post=13961"}],"curies":[{"name":"wp","href":"https:\/\/api.w.org\/{rel}","templated":true}]}}