{"id":13947,"date":"2024-09-13T12:03:55","date_gmt":"2024-09-13T12:03:55","guid":{"rendered":"https:\/\/tanuko.lt\/?post_type=product&#038;p=13947"},"modified":"2026-04-10T18:16:39","modified_gmt":"2026-04-10T18:16:39","slug":"drekinamas-losjonas-kudikiams-pigeon-moisture-plus-120ml","status":"publish","type":"product","link":"https:\/\/tanuko.lt\/ru\/product\/drekinamas-losjonas-kudikiams-pigeon-moisture-plus-120ml\/","title":{"rendered":"Pigeon Moisture Plus \u0423\u0432\u043b\u0430\u0436\u043d\u044f\u044e\u0449\u0438\u0439 \u043b\u043e\u0441\u044c\u043e\u043d \u0434\u043b\u044f \u043c\u043b\u0430\u0434\u0435\u043d\u0446\u0435\u0432, 120 \u043c\u043b"},"content":{"rendered":"<p>\u0423\u0445\u043e\u0434 \u0437\u0430 \u043a\u043e\u0436\u0435\u0439, \u0432 \u043a\u043e\u0442\u043e\u0440\u043e\u043c \u043f\u0435\u0440\u0432\u043e\u0441\u0442\u0435\u043f\u0435\u043d\u043d\u043e\u0435 \u0437\u043d\u0430\u0447\u0435\u043d\u0438\u0435 \u043f\u0440\u0438\u0434\u0430\u0435\u0442\u0441\u044f \u043c\u044f\u0433\u043a\u043e\u0441\u0442\u0438 \u043a\u043e\u0436\u0438 \u043c\u043b\u0430\u0434\u0435\u043d\u0446\u0430. \u0412 \u0441\u043e\u0441\u0442\u0430\u0432 \u044d\u0442\u043e\u0433\u043e \u0434\u0435\u0442\u0441\u043a\u043e\u0433\u043e \u043c\u043e\u043b\u043e\u0447\u043a\u0430 \u0432\u0445\u043e\u0434\u0438\u0442 Pigeon Natural Moisture* - \u0438\u043d\u0433\u0440\u0435\u0434\u0438\u0435\u043d\u0442, \u043d\u0430\u043f\u043e\u043c\u0438\u043d\u0430\u044e\u0449\u0438\u0439 \u0435\u0441\u0442\u0435\u0441\u0442\u0432\u0435\u043d\u043d\u0443\u044e \u0432\u043b\u0430\u0433\u0443, \u043a\u043e\u0442\u043e\u0440\u043e\u0439 \u0447\u0430\u0441\u0442\u043e \u043d\u0435 \u0445\u0432\u0430\u0442\u0430\u0435\u0442 \u043d\u0435\u0440\u0430\u0437\u0432\u0438\u0442\u043e\u0439 \u043a\u043e\u0436\u0435 \u043c\u043b\u0430\u0434\u0435\u043d\u0446\u0430.<br \/>\n*\u041a\u0435\u0440\u0430\u043c\u0438\u0434 NP + \u0424\u0438\u0442\u043e\u0441\u0442\u0435\u0440\u0438\u043b \u0438\u0437\u043e\u0441\u0442\u0435\u0430\u0440\u0430\u0442<\/p>\n<p><strong>\u0414\u043b\u044f \u0434\u0435\u0442\u0435\u0439 \u0441 \u0440\u043e\u0436\u0434\u0435\u043d\u0438\u044f<\/strong> - \u0411\u0435\u0437\u043e\u043f\u0430\u0441\u043d\u0430\u044f \u0438 \u043d\u0435\u0436\u043d\u0430\u044f \u0444\u043e\u0440\u043c\u0443\u043b\u0430, \u0430\u0434\u0430\u043f\u0442\u0438\u0440\u043e\u0432\u0430\u043d\u043d\u0430\u044f \u043a \u0447\u0443\u0432\u0441\u0442\u0432\u0438\u0442\u0435\u043b\u044c\u043d\u043e\u0439 \u043a\u043e\u0436\u0435 \u043c\u043b\u0430\u0434\u0435\u043d\u0446\u0435\u0432.<\/p>\n<p>\u042d\u0442\u043e <strong>\u0414\u0435\u0442\u0441\u043a\u0438\u0439 \u043c\u043e\u043b\u043e\u0447\u043d\u044b\u0439 \u043b\u043e\u0441\u044c\u043e\u043d Moisture Plus (120 \u0433)<\/strong> \u0440\u0430\u0437\u0440\u0430\u0431\u043e\u0442\u0430\u043d \u0441\u043f\u0435\u0446\u0438\u0430\u043b\u044c\u043d\u043e \u0434\u043b\u044f \u0447\u0443\u0432\u0441\u0442\u0432\u0438\u0442\u0435\u043b\u044c\u043d\u043e\u0439 \u043a\u043e\u0436\u0438 \u043c\u043b\u0430\u0434\u0435\u043d\u0446\u0435\u0432, \u043d\u043e \u043c\u043e\u0436\u0435\u0442 \u0438\u0441\u043f\u043e\u043b\u044c\u0437\u043e\u0432\u0430\u0442\u044c\u0441\u044f \u0432\u0441\u0435\u0439 \u0441\u0435\u043c\u044c\u0435\u0439. \u041b\u043e\u0441\u044c\u043e\u043d \u043e\u0431\u0435\u0441\u043f\u0435\u0447\u0438\u0432\u0430\u0435\u0442 \u0432 1,6 \u0440\u0430\u0437\u0430 \u0431\u043e\u043b\u044c\u0448\u0435 \u0443\u0432\u043b\u0430\u0436\u043d\u0435\u043d\u0438\u044f, \u0447\u0435\u043c \u043f\u0440\u0435\u0434\u044b\u0434\u0443\u0449\u0438\u0435 \u0441\u0440\u0435\u0434\u0441\u0442\u0432\u0430, \u0447\u0442\u043e \u0434\u0435\u043b\u0430\u0435\u0442 \u0435\u0433\u043e \u0438\u0434\u0435\u0430\u043b\u044c\u043d\u044b\u043c \u0434\u043b\u044f \u0441\u0443\u0445\u043e\u0439 \u0438 \u0447\u0443\u0432\u0441\u0442\u0432\u0438\u0442\u0435\u043b\u044c\u043d\u043e\u0439 \u043a\u043e\u0436\u0438. \u0415\u0433\u043e <strong>\u041f\u0440\u043e\u0441\u0442\u0430\u044f, \u0433\u0438\u043f\u043e\u0430\u043b\u043b\u0435\u0440\u0433\u0435\u043d\u043d\u0430\u044f \u0444\u043e\u0440\u043c\u0443\u043b\u0430<\/strong>\u041d\u0435 \u0441\u043e\u0434\u0435\u0440\u0436\u0438\u0442 \u0438\u0441\u043a\u0443\u0441\u0441\u0442\u0432\u0435\u043d\u043d\u044b\u0445 \u0434\u043e\u0431\u0430\u0432\u043e\u043a \u0438 \u043e\u0442\u0434\u0443\u0448\u0435\u043a, \u0431\u043b\u0430\u0433\u043e\u0434\u0430\u0440\u044f \u0447\u0435\u043c\u0443 \u0441\u0440\u0435\u0434\u0441\u0442\u0432\u043e \u043d\u0435 \u0432\u044b\u0437\u044b\u0432\u0430\u0435\u0442 \u0430\u043b\u043b\u0435\u0440\u0433\u0438\u0447\u0435\u0441\u043a\u0438\u0445 \u0440\u0435\u0430\u043a\u0446\u0438\u0439 \u0438 \u0440\u0430\u0437\u0434\u0440\u0430\u0436\u0435\u043d\u0438\u044f \u043a\u043e\u0436\u0438. \u041b\u043e\u0441\u044c\u043e\u043d \u0431\u044b\u0441\u0442\u0440\u043e \u0432\u043f\u0438\u0442\u044b\u0432\u0430\u0435\u0442\u0441\u044f \u0432 \u043a\u043e\u0436\u0443, \u043d\u0435 \u043e\u0441\u0442\u0430\u0432\u043b\u044f\u044f \u043e\u0449\u0443\u0449\u0435\u043d\u0438\u044f \u043b\u0438\u043f\u043a\u043e\u0441\u0442\u0438 \u0438 <strong>\u0441\u043b\u0430\u0431\u044b\u0439 \u043a\u0438\u0441\u043b\u043e\u0442\u043d\u044b\u0439 pH<\/strong> \u043f\u043e\u0434\u0434\u0435\u0440\u0436\u0438\u0432\u0430\u0435\u0442 \u0435\u0441\u0442\u0435\u0441\u0442\u0432\u0435\u043d\u043d\u044b\u0439 \u0431\u0430\u043b\u0430\u043d\u0441 \u043a\u043e\u0436\u0438 \u043c\u043b\u0430\u0434\u0435\u043d\u0446\u0435\u0432, \u043f\u043e\u043c\u043e\u0433\u0430\u044f \u0437\u0430\u0449\u0438\u0442\u0438\u0442\u044c \u043a\u043e\u0436\u043d\u044b\u0439 \u0431\u0430\u0440\u044c\u0435\u0440.<\/p>\n<p>\u041e\u0431\u043e\u0433\u0430\u0449\u0435\u043d\u043d\u044b\u0439 \u043b\u043e\u0441\u044c\u043e\u043d <strong>\u0434\u043e\u043f\u043e\u043b\u043d\u0438\u0442\u0435\u043b\u044c\u043d\u044b\u0435 \u0443\u0432\u043b\u0430\u0436\u043d\u044f\u044e\u0449\u0438\u0435 \u0432\u0435\u0449\u0435\u0441\u0442\u0432\u0430<\/strong>\u043a\u043e\u0442\u043e\u0440\u044b\u0435 \u043d\u0435 \u0442\u043e\u043b\u044c\u043a\u043e \u0438\u043d\u0442\u0435\u043d\u0441\u0438\u0432\u043d\u043e \u043f\u0438\u0442\u0430\u044e\u0442 \u043a\u043e\u0436\u0443, \u043d\u043e \u0438 \u043f\u043e\u043c\u043e\u0433\u0430\u044e\u0442 \u0434\u043e\u043b\u044c\u0448\u0435 \u0443\u0434\u0435\u0440\u0436\u0438\u0432\u0430\u0442\u044c \u0432\u043b\u0430\u0433\u0443. \u0421\u0440\u0435\u0434\u0441\u0442\u0432\u043e \u0434\u0435\u0440\u043c\u0430\u0442\u043e\u043b\u043e\u0433\u0438\u0447\u0435\u0441\u043a\u0438 \u043f\u0440\u043e\u0442\u0435\u0441\u0442\u0438\u0440\u043e\u0432\u0430\u043d\u043e \u0438 \u043f\u043e\u0434\u0442\u0432\u0435\u0440\u0434\u0438\u043b\u043e, \u0447\u0442\u043e \u043d\u0435 \u0432\u044b\u0437\u044b\u0432\u0430\u0435\u0442 \u0440\u0430\u0437\u0434\u0440\u0430\u0436\u0435\u043d\u0438\u044f. <strong>\u0411\u0443\u0442\u044b\u043b\u043a\u0430 \u0431\u043e\u043b\u044c\u0448\u043e\u0439 \u0435\u043c\u043a\u043e\u0441\u0442\u0438 \u0441 \u043d\u0430\u0441\u043e\u0441\u043e\u043c<\/strong> \u043f\u043e\u0437\u0432\u043e\u043b\u044f\u0435\u0442 \u043b\u0435\u0433\u043a\u043e \u0438 \u0443\u0434\u043e\u0431\u043d\u043e \u0438\u0441\u043f\u043e\u043b\u044c\u0437\u043e\u0432\u0430\u0442\u044c \u043f\u0440\u043e\u0434\u0443\u043a\u0442 \u0435\u0436\u0435\u0434\u043d\u0435\u0432\u043d\u043e.<\/p>\n<p>\u042d\u0442\u043e\u0442 \u043b\u043e\u0441\u044c\u043e\u043d \u0438\u0434\u0435\u0430\u043b\u044c\u043d\u043e \u043f\u043e\u0434\u0445\u043e\u0434\u0438\u0442 \u0434\u043b\u044f \u0441\u0443\u0445\u043e\u0439 \u0438 \u0447\u0443\u0432\u0441\u0442\u0432\u0438\u0442\u0435\u043b\u044c\u043d\u043e\u0439 \u043a\u043e\u0436\u0438 \u043c\u043b\u0430\u0434\u0435\u043d\u0446\u0435\u0432, \u043e\u0431\u0435\u0441\u043f\u0435\u0447\u0438\u0432\u0430\u044f \u043c\u044f\u0433\u043a\u043e\u0441\u0442\u044c, \u0443\u0432\u043b\u0430\u0436\u043d\u0435\u043d\u0438\u0435 \u0438 \u0437\u0430\u0449\u0438\u0442\u0443.<\/p>\n<p>\u0421\u041e\u0421\u0422\u0410\u0412: \u0412\u043e\u0434\u0430, \u044d\u0442\u0438\u043b\u0433\u0435\u043a\u0441\u0438\u043b \u043f\u0430\u043b\u044c\u043c\u0430\u0442, \u0433\u043b\u0438\u0446\u0435\u0440\u0438\u043d, \u0432\u0430\u0437\u0435\u043b\u0438\u043d, \u0446\u0435\u0442\u0435\u0430\u0440\u0430\u0442-6, \u0441\u043e\u0440\u0431\u0438\u0442\u0430\u043d \u043f\u0430\u043b\u044c\u043c\u0430\u0442, \u0433\u0438\u0434\u0440\u043e\u0433\u0435\u043d\u0438\u0437\u0438\u0440\u043e\u0432\u0430\u043d\u043d\u044b\u0439 \u0441\u043f\u0438\u0440\u0442 \u0440\u0430\u043f\u0441\u043e\u0432\u043e\u0433\u043e \u043c\u0430\u0441\u043b\u0430, \u0446\u0435\u0442\u0435\u0430\u0440\u0430\u0442-20, \u0446\u0435\u0440\u0430\u043c\u0438\u0434 NP, \u0444\u0438\u0442\u043e\u0441\u0442\u0435\u0440\u0438\u043b \u0438\u0437\u043e\u0441\u0442\u0435\u0430\u0440\u0430\u0442, \u0434\u0438\u043a\u0430\u043b\u0438\u043b \u0433\u043b\u0438\u0446\u0438\u0440\u0440\u0438\u0437\u0430\u0442, \u044d\u0442\u0438\u043b\u0433\u0435\u043a\u0441\u0438\u043b \u0433\u043b\u0438\u0446\u0435\u0440\u0438\u043d, \u043a\u0441\u0430\u043d\u0442\u0430\u043d\u043e\u0432\u0430\u044f \u043a\u0430\u043c\u0435\u0434\u044c, (\u0430\u043a\u0440\u0438\u043b\u0430\u0442\u044b\/\u042110-30 \u0430\u043b\u043a\u0438\u043b \u0430\u043a\u0440\u0438\u043b\u0430\u0442 \u0441\u043e\u043f\u043e\u043b\u0438\u043c\u0435\u0440), \u0434\u0438\u043c\u0435\u0442\u0438\u043a\u043e\u043d, \u0433\u0438\u0434\u0440\u043e\u043a\u0441\u0438\u0434 \u043a\u0430\u043b\u0438\u044f, \u0444\u0435\u043d\u043e\u043a\u0441\u0438\u044d\u0442\u0430\u043d\u043e\u043b, \u0442\u043e\u043a\u043e\u0444\u0435\u0440\u043e\u043b.<\/p>","protected":false},"excerpt":{"rendered":"<div class=\"flex-shrink-0 flex flex-col relative items-end\">\n<div>\n<div class=\"pt-0\">\n<div class=\"gizmo-bot-avatar flex h-8 w-8 items-center justify-center overflow-hidden rounded-full\">\n<div class=\"relative p-1 rounded-sm flex items-center justify-center bg-token-main-surface-primary text-token-text-primary h-8 w-8\"><\/div>\n<\/div>\n<\/div>\n<\/div>\n<\/div>\n<div class=\"group\/conversation-turn relative flex w-full min-w-0 flex-col agent-turn\">\n<div class=\"flex-col gap-1 md:gap-3\">\n<div class=\"flex max-w-full flex-col flex-grow\">\n<div class=\"min-h-[20px] text-message flex w-full flex-col items-end gap-2 whitespace-normal break-words [.text-message+&amp;]:mt-5\" dir=\"auto\" data-message-author-role=\"assistant\" data-message-id=\"94694c53-5d25-499f-b3c0-47dfa78d97b4\">\n<div class=\"flex w-full flex-col gap-1 empty:hidden first:pt-[3px]\">\n<div class=\"markdown prose w-full break-words dark:prose-invert dark\">\n<ul>\n<li><strong>Intensyvus dr\u0117kinimas sausai odai.<\/strong><\/li>\n<li><strong>Gilus dr\u0117kinimas<\/strong>: Taukmed\u017eio sviestas, kokos\u0173 aliejus.<\/li>\n<li><strong>Subalansuotas pH<\/strong>: Atkuria ir saugo odos dr\u0117gm\u0119.<\/li>\n<li><strong>Hialurono r\u016bg\u0161tis<\/strong>: U\u017etikrina ilgalaik\u012f dr\u0117kinim\u0105.<\/li>\n<li><strong>Ramina od\u0105<\/strong>: Avi\u017e\u0173 ekstraktas, tinka sausai ir \u0161iurk\u0161\u010diai odai.<\/li>\n<li><strong>Be da\u017eikli\u0173 ir kvapikli\u0173<\/strong>: Saugus jautriai odai.<\/li>\n<li><strong>Apsauginis barjeras<\/strong>: Stiprina odos nat\u016bral\u0173 barjer\u0105, apsaugodamas nuo i\u0161orini\u0173 veiksni\u0173.<\/li>\n<\/ul>\n<\/div>\n<\/div>\n<\/div>\n<\/div>\n<\/div>\n<\/div>\n","protected":false},"featured_media":14077,"comment_status":"open","ping_status":"closed","template":"","meta":[],"product_brand":[],"product_cat":[170],"product_tag":[],"class_list":{"0":"post-13947","1":"product","2":"type-product","3":"status-publish","4":"has-post-thumbnail","6":"product_cat-kremai_ir_losjonai_vaikams","8":"first","9":"instock","10":"sale","11":"taxable","12":"shipping-taxable","13":"purchasable","14":"product-type-simple"},"tiered_pricing_type":"fixed","tiered_pricing_fixed_rules":[],"tiered_pricing_percentage_rules":[],"tiered_pricing_minimum":1,"tiered_pricing_roles_data":[],"_links":{"self":[{"href":"https:\/\/tanuko.lt\/ru\/wp-json\/wp\/v2\/product\/13947","targetHints":{"allow":["GET"]}}],"collection":[{"href":"https:\/\/tanuko.lt\/ru\/wp-json\/wp\/v2\/product"}],"about":[{"href":"https:\/\/tanuko.lt\/ru\/wp-json\/wp\/v2\/types\/product"}],"replies":[{"embeddable":true,"href":"https:\/\/tanuko.lt\/ru\/wp-json\/wp\/v2\/comments?post=13947"}],"version-history":[{"count":7,"href":"https:\/\/tanuko.lt\/ru\/wp-json\/wp\/v2\/product\/13947\/revisions"}],"predecessor-version":[{"id":14110,"href":"https:\/\/tanuko.lt\/ru\/wp-json\/wp\/v2\/product\/13947\/revisions\/14110"}],"wp:featuredmedia":[{"embeddable":true,"href":"https:\/\/tanuko.lt\/ru\/wp-json\/wp\/v2\/media\/14077"}],"wp:attachment":[{"href":"https:\/\/tanuko.lt\/ru\/wp-json\/wp\/v2\/media?parent=13947"}],"wp:term":[{"taxonomy":"product_brand","embeddable":true,"href":"https:\/\/tanuko.lt\/ru\/wp-json\/wp\/v2\/product_brand?post=13947"},{"taxonomy":"product_cat","embeddable":true,"href":"https:\/\/tanuko.lt\/ru\/wp-json\/wp\/v2\/product_cat?post=13947"},{"taxonomy":"product_tag","embeddable":true,"href":"https:\/\/tanuko.lt\/ru\/wp-json\/wp\/v2\/product_tag?post=13947"}],"curies":[{"name":"wp","href":"https:\/\/api.w.org\/{rel}","templated":true}]}}