{"id":11619,"date":"2024-03-04T11:26:09","date_gmt":"2024-03-04T11:26:09","guid":{"rendered":"https:\/\/tanuko.lt\/?page_id=11619"},"modified":"2024-03-04T23:57:05","modified_gmt":"2024-03-04T23:57:05","slug":"pirkimo-pardavimo-salygos","status":"publish","type":"page","link":"https:\/\/tanuko.lt\/ru\/pirkimo-pardavimo-salygos\/","title":{"rendered":"\u0423\u0441\u043b\u043e\u0432\u0438\u044f \u043f\u0440\u043e\u0434\u0430\u0436\u0438 \u0438 \u043f\u043e\u043a\u0443\u043f\u043a\u0438"},"content":{"rendered":"<h1 class=\"wp-block-heading\">\u0423\u0441\u043b\u043e\u0432\u0438\u044f \u043f\u0440\u043e\u0434\u0430\u0436\u0438 \u0438 \u043f\u043e\u043a\u0443\u043f\u043a\u0438<\/h1>\n\n\n\n<p><a href=\"https:\/\/manuko.lt\/\">Pagrindinis<\/a>&nbsp;\/&nbsp;Pirkimo-pardavimo s\u0105lygos<\/p>\n\n\n\n<p>PREKI\u0172 PIRKIMO TAISYKL\u0116S<\/p>\n\n\n\n<ol class=\"wp-block-list\">\n<li>Bendrosios nuostatos.<\/li>\n<\/ol>\n\n\n\n<p>1.1. \u0160ios preki\u0173 pirkimo \u2013 pardavimo taisykl\u0117s (toliau \u201eTaisykl\u0117s\u201c) yra \u0161alims privalomas teisinis dokumentas, kuriame nustatomos Pirk\u0117jo ir Pardav\u0117jo teis\u0117s bei pareigos, preki\u0173 \u012fsigijimo bei apmok\u0117jimo u\u017e jas s\u0105lygos, preki\u0173 pristatymo ir gr\u0105\u017einimo tvarka, \u0161ali\u0173 atsakomyb\u0117 bei kitos su preki\u0173 pirkimu \u2013 pardavimu internetin\u0117je parduotuv\u0117je\u00a0<a href=\"https:\/\/manuko.lt\/\">tanuko.lt<\/a>\u00a0susijusios nuostatos.<\/p>\n\n\n\n<p>1.2. Pirk\u0117jas, pateikdamas u\u017esakym\u0105 patvirtina, kad sutinka su \u0161iomis Taisykl\u0117mis.<\/p>\n\n\n\n<p>1.3. Sutartis tarp Pirk\u0117jo ir Pardav\u0117jo laikoma sudaryta nuo to momento, kai Pirk\u0117jas internetin\u0117je parduotuv\u0117je suformav\u0119s preki\u0173 krep\u0161el\u012f, nurod\u0119s pristatymo adres\u0105, pasirink\u0119s atsiskaitymo b\u016bd\u0105 ir susipa\u017ein\u0119s su Taisykl\u0117mis, paspaud\u017eia mygtuk\u0105 \u201eApmok\u0117ti\u201c.<\/p>\n\n\n\n<ol class=\"wp-block-list\" start=\"2\">\n<li>Asmens duomen\u0173 apsauga.<\/li>\n<\/ol>\n\n\n\n<p>2.1. U\u017esisakant prekes internetin\u0117je parduotuv\u0117je\u00a0<a href=\"https:\/\/manuko.lt\/\">tanuko.lt<\/a>, pirk\u0117jas privalo pateikti registracijos metu pra\u0161omus duomenis: vard\u0105, pavard\u0119, adres\u0105, telefono numer\u012f ir elektroninio pa\u0161to adres\u0105.<\/p>\n\n\n\n<p>2.2. Pirk\u0117jas yra atsakingas u\u017e teising\u0173 duomen\u0173 registracijos metu pateikim\u0105.<\/p>\n\n\n\n<p>2.3. Pateikdamas u\u017esakym\u0105 Pirk\u0117jas sutinka, kad jo pateikti asmens duomenys b\u016bt\u0173 tvarkomi u\u017esakymo vykdymo ir tikslais. Pirk\u0117jas taip pat sutinka, kad Pirk\u0117jo nurodytu el. pa\u0161to adresu b\u016bt\u0173 siun\u010diami informaciniai prane\u0161imai, b\u016btini preki\u0173 u\u017esakymui \u012fvykdyti.<\/p>\n\n\n\n<p>2.4 Pirk\u0117jo asmens duomenys gali b\u016bti tvarkomi rinkodaros tikslais tik tuo atveju, kai Pirk\u0117jas pats i\u0161rei\u0161kia sutikim\u0105 pildydamas registracijos form\u0105.<\/p>\n\n\n\n<p>2.5. Pirk\u0117jas, u\u017esiregistruodamas internetin\u0117je parduotuv\u0117je bei u\u017esakydamas prekes, \u012fsipareigoja saugoti ir niekam neatskleisti savo prisijungimo prie tanuko.lt duomen\u0173.<\/p>\n\n\n\n<p>2.6. Pardav\u0117jas \u012fsipareigoja neatskleisti Pirk\u0117jo asmens duomen\u0173 tretiesiems asmenims, i\u0161skyrus kai to reikalauja kompetentinga Valstyb\u0117s institucija LR \u012fstatym\u0173 numatytais atvejais arba atskiru ra\u0161ytiniu Pirk\u0117jo sutikimu.<\/p>\n\n\n\n<ol class=\"wp-block-list\" start=\"3\">\n<li>Pirk\u0117jo teis\u0117s ir \u012fsipareigojimai.<\/li>\n<\/ol>\n\n\n\n<p>3.1. Pirk\u0117jas \u012fsipareigoja sumok\u0117ti Pardav\u0117jui sutart\u0105 sum\u0105 u\u017e u\u017esakytas prekes, ir jas priimti.<\/p>\n\n\n\n<p>3.2 Registracijos formoje pateikti piln\u0105, i\u0161sami\u0105 ir teising\u0105 informacij\u0105. Jeigu registracijos formoje Pirk\u0117jas pateikia netikslius, melagingus ar klaidinan\u010dius duomenis,\u00a0 tanuko.lt turi teis\u0119 anuliuoti Pirk\u0117jo registracij\u0105 ir i\u0161trinti duomenis.<\/p>\n\n\n\n<p>3.2. Pasikeitus Pirk\u0117jo duomenims, pateiktiems registracijos formoje, Pirk\u0117jas privalo juos nedelsiant atnaujinti.<\/p>\n\n\n\n<p>3.3. Pirk\u0117jas turi teis\u0119 atsisakyti preki\u0173 pirkimo \u2013&nbsp; pardavimo sutarties, laikantis \u0161i\u0173 taisykli\u0173 8 punkte i\u0161d\u0117styt\u0173 nuostat\u0173.<\/p>\n\n\n\n<p>3.4. Pirk\u0117jas, pateikdamas u\u017esakym\u0105 internetin\u0117je parduotuv\u0117je tanuko.lt sutinka su \u0161iomis pirkimo \u2013 pardavimo Taisykl\u0117mis ir \u012fsipareigoja j\u0173 ir nustatyt\u0173 LR teis\u0117s akt\u0173.<\/p>\n\n\n\n<ol class=\"wp-block-list\" start=\"4\">\n<li>Pardav\u0117jo teis\u0117s ir \u012fsipareigojimai.<\/li>\n<\/ol>\n\n\n\n<p>4.1. Pardav\u0117jas \u012fsipareigoja sudaryti visas s\u0105lygas Pirk\u0117jui tinkamai naudotis internetin\u0117s parduotuv\u0117s tanuko.lt teikiamomis paslaugomis.<\/p>\n\n\n\n<p>4.2. Jei Pirk\u0117jas bando pakenkti internetin\u0117s parduotuv\u0117s darbo stabilumui ir saugumui ar pa\u017eeid\u017eia savo \u012fsipareigojimus, Pardav\u0117jas turi teis\u0119 nedelsiant ir be persp\u0117jimo apriboti, sustabdyti ar panaikinti Pirk\u0117jo galimyb\u0119 naudotis internetine parduotuve.<\/p>\n\n\n\n<p>4.3. Pardav\u0117jas \u012fsipareigoja gerbti Pirk\u0117jo privatumo teis\u0119 \u012f Pirk\u0117jo priklausan\u010di\u0105 asmenin\u0119 informacij\u0105, nurodyt\u0105 registracijos formoje ir neperleisi jos tretiesiems asmenims.<\/p>\n\n\n\n<p>4.4 \u041f\u0440\u043e\u0434\u0430\u0432\u0435\u0446 \u043e\u0431\u044f\u0437\u0443\u0435\u0442\u0441\u044f \u0434\u043e\u0441\u0442\u0430\u0432\u0438\u0442\u044c \u0442\u043e\u0432\u0430\u0440\u044b, \u0437\u0430\u043a\u0430\u0437\u0430\u043d\u043d\u044b\u0435 \u041f\u043e\u043a\u0443\u043f\u0430\u0442\u0435\u043b\u0435\u043c, \u043f\u043e \u0430\u0434\u0440\u0435\u0441\u0443, \u0443\u043a\u0430\u0437\u0430\u043d\u043d\u043e\u043c\u0443 \u041f\u043e\u043a\u0443\u043f\u0430\u0442\u0435\u043b\u0435\u043c.<\/p>\n\n\n\n<p>4.5. Pardav\u0117jas, susidarius svarbioms aplinkyb\u0117ms, gali laikinai arba i\u0161 viso nutraukti internetin\u0117s parduotuv\u0117s veikl\u0105 apie tai i\u0161 anksto neprane\u0161\u0119s Pirk\u0117jui.<\/p>\n\n\n\n<p>4.6. Pardav\u0117jas gali viena\u0161ali\u0161kai pakeisti \u0161i\u0173 Taisykli\u0173 s\u0105lygas.<\/p>\n\n\n\n<p>4.7. Jei Pirk\u0117jas ilg\u0105 laik\u0105 nesinaudoja internetin\u0117s parduotuv\u0117s paslaugomis, jo prisijungimo paskyra gali b\u016bti panaikinta.<\/p>\n\n\n\n<p>4.8 Jei Pirk\u0117jas po \u0161i\u0173 s\u0105lyg\u0173 pasikeitim\u0173 toliau naudojasi tanuko.lt teikiamomis paslaugomis, laikoma, kad Pirk\u0117jas sutiko su Taisykli\u0173 pakeitimu.<\/p>\n\n\n\n<ol class=\"wp-block-list\" start=\"5\">\n<li>Preki\u0173 u\u017esakymas, kainos, atsiskaitymo tvarka, terminai.<\/li>\n<\/ol>\n\n\n\n<p>5.1. Internetin\u0117je parduotuv\u0117je Pirk\u0117jas internetu gali pirkti 7 dienas per savait\u0119, 24 val. per par\u0105.<\/p>\n\n\n\n<p>5.2. U\u017esakymai priimami tik naudojantis Internetine parduotuv\u0117je tanuko.lt.<\/p>\n\n\n\n<p>5.4. Visos preki\u0173 kainos internetin\u0117je parduotuv\u0117je nurodytos eurais, \u012fskaitant PVM<\/p>\n\n\n\n<p>5.4. Pirk\u0117jas atsiskaityti u\u017e prekes gali:<\/p>\n\n\n\n<p>5.4.1. grynaisiais pinigais preki\u0173 pristatymo metu \u2013 Pirk\u0117jas u\u017e prekes sumoka j\u0173 pristatymo (perdavimo \u2013 pri\u0117mimo) metu<\/p>\n\n\n\n<p>5.4.2 Apmok\u0117jimas banko pavedimu \u2013 tai i\u0161ankstinis apmok\u0117jimas, kai Pirk\u0117jas, atsispausdin\u0119s u\u017esakym\u0105 ir nu\u0117j\u0119s \u012f artimiausi\u0105 banko skyri\u0173, ar tiesiog pasinaudoj\u0119 internetin\u0117s bankininkyst\u0117s sistema, BankLink b\u016bdu perveda pinigus \u012f vien\u0105 i\u0161 tanuko.lt bank\u0173 s\u0105skait\u0173.<\/p>\n\n\n\n<ol class=\"wp-block-list\" start=\"6\">\n<li>Preki\u0173 pristatymas.<\/li>\n<\/ol>\n\n\n\n<p>6.1. Pirk\u0117jas \u012fsipareigoja nurodyti tiksli\u0105 preki\u0173 pristatymo viet\u0105.<\/p>\n\n\n\n<p>6.2 \u041f\u043e\u043a\u0443\u043f\u0430\u0442\u0435\u043b\u044c \u043e\u0431\u044f\u0437\u0443\u0435\u0442\u0441\u044f \u043f\u0440\u0438\u043d\u044f\u0442\u044c \u0422\u043e\u0432\u0430\u0440 \u0441\u0430\u043c\u043e\u0441\u0442\u043e\u044f\u0442\u0435\u043b\u044c\u043d\u043e. \u0412 \u0441\u043b\u0443\u0447\u0430\u0435, \u0435\u0441\u043b\u0438 \u041f\u043e\u043a\u0443\u043f\u0430\u0442\u0435\u043b\u044c \u043d\u0435 \u043c\u043e\u0436\u0435\u0442 \u043f\u0440\u0438\u043d\u044f\u0442\u044c \u0442\u043e\u0432\u0430\u0440 \u0441\u0430\u043c\u043e\u0441\u0442\u043e\u044f\u0442\u0435\u043b\u044c\u043d\u043e, \u0430 \u0442\u043e\u0432\u0430\u0440 \u0431\u044b\u043b \u0434\u043e\u0441\u0442\u0430\u0432\u043b\u0435\u043d \u043f\u043e \u0443\u043a\u0430\u0437\u0430\u043d\u043d\u043e\u043c\u0443 \u0430\u0434\u0440\u0435\u0441\u0443, \u041f\u043e\u043a\u0443\u043f\u0430\u0442\u0435\u043b\u044c \u043d\u0435 \u0438\u043c\u0435\u0435\u0442 \u043f\u0440\u0430\u0432\u0430 \u043f\u0440\u0435\u0434\u044a\u044f\u0432\u043b\u044f\u0442\u044c \u043f\u0440\u0435\u0442\u0435\u043d\u0437\u0438\u0438 \u041f\u0440\u043e\u0434\u0430\u0432\u0446\u0443 \u0437\u0430 \u0434\u043e\u0441\u0442\u0430\u0432\u043a\u0443 \u0442\u043e\u0432\u0430\u0440\u0430 \u043d\u0435\u043d\u0430\u0434\u043b\u0435\u0436\u0430\u0449\u0435\u043c\u0443 \u043b\u0438\u0446\u0443.<\/p>\n\n\n\n<p>6.3. Prek\u0117s Pirk\u0117jui pristatomos naudojantis \u00abDHL Lietuva, UAB\u00bb paslaugomis.<\/p>\n\n\n\n<p>6.4. Prek\u0117s Pirk\u0117jui i\u0161siun\u010diamos kit\u0105 darbo dien\u0105, nuo apmok\u0117jimo patvirtinimo.<\/p>\n\n\n\n<p>6.5 Lietuvoje prek\u0117s yra pristatomos per 1-2 darbo dienas.<\/p>\n\n\n\n<p>6.6. Visais atvejais Pardav\u0117jas atleid\u017eiamas nuo atsakomyb\u0117s u\u017e preki\u0173 pristatymo termin\u0173 nesilaikym\u0105, jeigu prek\u0117s Pirk\u0117jui n\u0117ra pristatytos arba pristatomos ne laiku d\u0117l Pirk\u0117jo kalt\u0117s arba d\u0117l nuo Pardav\u0117jo nepriklausan\u010di\u0173 aplinkybi\u0173.<\/p>\n\n\n\n<p>6.7. Pirk\u0117jas privalo nedelsiant informuoti Pardav\u0117j\u0105, jeigu siunta gaunama pa\u017eeistoje pakuot\u0117je, jeigu siuntoje gautos neu\u017esakytos prek\u0117s arba netinkamas j\u0173 kiekis, nepilna prek\u0117s komplektacija.<\/p>\n\n\n\n<p>6.8. Pirk\u0117jas privalo el. pa\u0161tu&nbsp; pateikti Pardav\u0117jui pateikti pa\u017eeisto siuntinio ir (arba) prek\u0117s (-i\u0173) nuotraukas.<\/p>\n\n\n\n<p>6.9. Jei prek\u0117 gr\u0105\u017einama Pardav\u0117jui d\u0117l Pirk\u0117jo kalt\u0117s neteisingai nurodyto arba netikslaus adreso, arba jeigu prek\u0117 gr\u0105\u017einama pardav\u0117jui neatsi\u0117mus jos i\u0161 pa\u0161tomato per maksimal\u0173 jos saugojimo termin\u0105, Pirk\u0117jas privalo Pardav\u0117jui sumok\u0117ti pakartotino persiuntimo i\u0161laidas, o jei prek\u0117s buvo gr\u0105\u017eintos i\u0161 pa\u0161tomato arba kurjerio- padengti Pardav\u0117jui ir prek\u0117s gr\u0105\u017einimo ka\u0161tus. Pirk\u0117jui atsisakius pakartotinai priimti siunt\u0105 (t.y. pareikalavus gr\u0105\u017einti pinigus u\u017e prekes), pinigai u\u017e siuntim\u0105 pirk\u0117jui n\u0117ra gr\u0105\u017einami.<\/p>\n\n\n\n<ol class=\"wp-block-list\" start=\"7\">\n<li>Preki\u0173 kokyb\u0117, garantijos.<\/li>\n<\/ol>\n\n\n\n<p>7.1. Visi internetin\u0117je parduotuv\u0117je tanuko.lt parduodam\u0173 preki\u0173 duomenys nurodomi prie kiekvienos prek\u0117s esan\u010diame prek\u0117s apra\u0161yme.<\/p>\n\n\n\n<p>7.2. Parduotuv\u0117je pavaizduoti preki\u0173 kiekiai nuotraukose ne visada susij\u0119 su prek\u0117s kaina \u2013 preki\u0173 gali b\u016bti pavaizduota daugiau nei vieno vieneto kaina. Matavimo vienetai nurodyti prek\u0117s apra\u0161yme. Preki\u0173 spalva, priklausomai nuo Pirk\u0117jo naudojamo monitoriaus, gali ne\u017eymiai skirtis.<\/p>\n\n\n\n<p>7.3. Pardav\u0117jas atskiroms preki\u0173 r\u016b\u0161ims gali suteikti atitinkam\u0105 kokyb\u0117s garantij\u0105, kurios konkretus terminas ir kitos s\u0105lygos yra nurodomos prek\u0117s apra\u0161yme.<\/p>\n\n\n\n<ol class=\"wp-block-list\" start=\"8\">\n<li>Preki\u0173 gr\u0105\u017einimas ir keitimas.<\/li>\n<\/ol>\n\n\n\n<p>8.1. Preki\u0173 gr\u0105\u017einimas vyksta vadovaujantis 2001 m. bir\u017eelio 29 d. Lietuvos Respublikos \u016akio ministro \u012fsakymu Nr. 217 \u201cD\u0117l daikt\u0173 gr\u0105\u017einimo ir keitimo taisykli\u0173 patvirtinimo\u201d.<\/p>\n\n\n\n<p>8.2. Pirk\u0117jas gr\u0105\u017einamas prekes turi i\u0161si\u0173sti registruota siunta. Registruotos siuntos numeris privalo b\u016bti pateiktas Pardav\u0117jui ne v\u0117liau kaip per 24 val. po i\u0161siuntimo.<\/p>\n\n\n\n<p>8.3 Gr\u0105\u017einam\u0173 kokybi\u0161k\u0173 arba kei\u010diam\u0173 preki\u0173 gr\u0105\u017einimo i\u0161laidas apmoka pirk\u0117jas.<\/p>\n\n\n\n<p>8.4. Nor\u0117damas gr\u0105\u017einti prek\u0119(-es), Pirk\u0117jas gali tai padaryti per 14 dien\u0173 nuo preki\u0173 pristatymo Pirk\u0117jui dienos, informuodamas Pardav\u0117j\u0105 el. pa\u0161tu, pridedant prek\u0117s ir\/arba siuntinio nuotraukas ar video, apra\u0161an\u010dias i\u0161kilusi\u0105 problem\u0105, ir u\u017epildydamas speciali\u0105 preki\u0173 keitimo \u2013 gr\u0105\u017einimo form\u0105 \u201ePreki\u0173 gr\u0105\u017einimas\u201c.<\/p>\n\n\n\n<p>8.5. Gr\u0105\u017einama prek\u0117 turi b\u016bti originalioje tvarkingoje pakuot\u0117je, nesugadinta, nenaudota, tos pa\u010dios komplektacijos, kokios Pirk\u0117jas j\u0105 gavo, nepraradusi prekin\u0117s i\u0161vaizdos (nepa\u017eeistos etiket\u0117s, nenupl\u0117\u0161tos apsaugin\u0117s pl\u0117vel\u0117s ir kt.). Gr\u0105\u017einant prek\u0119 b\u016btina pateikti popierin\u012f (atspausdint\u0105) jos \u012fsigijimo dokument\u0105 (u\u017esakymo, pavedimo kopija).<\/p>\n\n\n\n<p>8.6 Gr\u0105\u017einant kokybi\u0161k\u0105 prek\u0119, Pirk\u0117jui gr\u0105\u017einama tik u\u017e prek\u0119 sumok\u0117ta pinig\u0173 suma. Siuntimo i\u0161laidos pirk\u0117jui n\u0117ra gr\u0105\u017einamos.<\/p>\n\n\n\n<p>8.7. Gr\u0105\u017einant gaut\u0105 ne t\u0105 prek\u0119, Pardav\u0117jas \u012fsipareigoja pakeisti toki\u0105 prek\u0119 reikalinga preke. Neturint reikalingos prek\u0117s, Pirk\u0117jui gr\u0105\u017einami visi pinigai (u\u017e prek\u0119, ir patirtas faktines siuntimo i\u0161laidas).<\/p>\n\n\n\n<p>8.8. Kai gr\u0105\u017einama nekokybi\u0161ka prek\u0117, Pardav\u0117jas \u012fsipareigoja pakeisti nekokybi\u0161k\u0105 prek\u0119 analogi\u0161ka preke arba gr\u0105\u017einti Pirk\u0117jui pinigus.<\/p>\n\n\n\n<p>8.9. Nor\u0117damas gr\u0105\u017einti nekokybi\u0161k\u0105 prek\u0119(-es), Pirk\u0117jas gali tai padaryti per 14 (keturiolika) dien\u0173 nuo preki\u0173 pristatymo Pirk\u0117jui dienos, informuodamas Pardav\u0117j\u0105 el. pa\u0161tu, pridedant nekokybi\u0161kos prek\u0117s ir\/arba siuntinio nuotraukas ar video, apra\u0161an\u010dias i\u0161kilusi\u0105 problem\u0105, ir u\u017epildydamas speciali\u0105 preki\u0173 keitimo \u2013 gr\u0105\u017einimo form\u0105 \u201ePreki\u0173 gr\u0105\u017einimas\u201c svetain\u0117je.<\/p>\n\n\n\n<p>8.10. Gr\u0105\u017einama nekokybi\u0161ka prek\u0117 turi b\u016bti originalioje tvarkingoje pakuot\u0117je, nesugadinta, nenaudota, tos pa\u010dios komplektacijos, kokios Pirk\u0117jas j\u0105 gavo, nepraradusi prekin\u0117s i\u0161vaizdos (nepa\u017eeistos etiket\u0117s, nenupl\u0117\u0161tos apsaugin\u0117s pl\u0117vel\u0117s ir kt.). Gr\u0105\u017einant prek\u0119 b\u016btina pateikti popierin\u012f (atspausdint\u0105) jos \u012fsigijimo dokument\u0105.<\/p>\n\n\n\n<p>8.11. Pardav\u0117jas turi teis\u0119 nepriimti Pirk\u0117jo gr\u0105\u017einam\u0173 preki\u0173, jei Pirk\u0117jas nesilaiko \u0161i\u0173 Taisykli\u0173 8.4-8.5, 8.9-8.10 punktuose nustatytos preki\u0173 gr\u0105\u017einimo tvarkos.<\/p>\n\n\n\n<p>8.12. Jeigu u\u017e prek\u0119 Pirk\u0117jas mok\u0117jo dovan\u0173 kuponu, tai gr\u0105\u017einamas kuponas ir kita papildomai sumok\u0117ta suma (jei ji buvo sumok\u0117ta).<\/p>\n\n\n\n<p>8.13. Jeigu Pirk\u0117jas gr\u0105\u017eina prek\u0119, pirkt\u0105 su nuolaida, gr\u0105\u017einama u\u017e prek\u0119 sumok\u0117ta suma su galiojusia nuolaida.<\/p>\n\n\n\n<ol class=\"wp-block-list\" start=\"9\">\n<li>Rinkodara ir informacija.<\/li>\n<\/ol>\n\n\n\n<p>9.1. Pardav\u0117jas internetin\u0117je parduotuv\u0117je\u00a0\u00a0<a href=\"https:\/\/manuko.lt\/\">tanuko.lt<\/a>\u00a0gali organizuoti \u012fvairias akcijas ir pasi\u016blymus.<\/p>\n\n\n\n<p>9.2. Pardav\u0117jas turi teis\u0119 viena\u0161ali\u0161kai, be atskiro \u012fsp\u0117jimo, pakeisti akcij\u0173 s\u0105lygas, taip pat jas panaikinti. Bet koks akcij\u0173 s\u0105lyg\u0173 ir tvarkos pakeitimas ar panaikinimas galioja nuo j\u0173 pakeitimo ar panaikinimo momento.<\/p>\n\n\n\n<p>9.3. Pardav\u0117jas prane\u0161imus Pirk\u0117jui siun\u010dia Pirk\u0117jo registracijos formoje nurodytu&nbsp; elektroninio pa\u0161to adresu.<\/p>\n\n\n\n<p>9.4. Pirk\u0117jas visus prane\u0161imus ir klausimus siun\u010dia Pardav\u0117jo el. parduotuv\u0117s skyriuje \u201eKontaktai\u201c nurodytais kontaktais.<\/p>\n\n\n\n<p>9.5. Pardav\u0117jas neatsako jei Pirk\u0117jas negauna siun\u010diam\u0173 informacini\u0173 ar patvirtinan\u010di\u0173 prane\u0161im\u0173 d\u0117l internetinio ry\u0161io, elektroninio pa\u0161to paslaug\u0173 tiek\u0117j\u0173 tinkl\u0173 sutrikim\u0173, \u017einut\u0117ms patenkant \u012f SPAM kategorij\u0105,&nbsp; ar d\u0117l Pirk\u0117jo neteisingai nurodyt\u0173 duomen\u0173.<\/p>\n\n\n\n<p>9.6 Pirk\u0117jo asmens duomenys gali b\u016bti tvarkomi rinkodaros tikslais \u0161i\u0173 Taisykli\u0173 2.4&nbsp;punkte nurodytomis s\u0105lygomis.<\/p>\n\n\n\n<ol class=\"wp-block-list\" start=\"10\">\n<li>Baigiamosios nuostatos.<\/li>\n<\/ol>\n\n\n\n<p>10.1. \u0160ios preki\u0173 pirkimo \u2013 pardavimo Taisykl\u0117s sudarytos vadovaujantis LR \u012fstatymais ir teis\u0117s aktais.<\/p>\n\n\n\n<p>10.2. \u0160ioms taisykl\u0117ms yra taikoma LR teis\u0117. Visi nesutarimai, kil\u0119 d\u0117l \u0161i\u0173 taisykli\u0173 vykdymo, yra sprend\u017eiami deryb\u0173 keliu. Nepavykus susitarti, nesutarimai yra sprend\u017eiami LR \u012fstatym\u0173 nustatyta tvarka.<\/p>","protected":false},"excerpt":{"rendered":"<p>Pirkimo-pardavimo s\u0105lygos Pagrindinis&nbsp;\/&nbsp;Pirkimo-pardavimo s\u0105lygos PREKI\u0172 PIRKIMO TAISYKL\u0116S 1.1. \u0160ios preki\u0173 pirkimo \u2013 pardavimo taisykl\u0117s (toliau \u201eTaisykl\u0117s\u201c) yra \u0161alims privalomas teisinis<\/p>","protected":false},"author":1,"featured_media":0,"parent":0,"menu_order":0,"comment_status":"closed","ping_status":"closed","template":"","meta":{"footnotes":""},"class_list":["post-11619","page","type-page","status-publish","hentry"],"_links":{"self":[{"href":"https:\/\/tanuko.lt\/ru\/wp-json\/wp\/v2\/pages\/11619","targetHints":{"allow":["GET"]}}],"collection":[{"href":"https:\/\/tanuko.lt\/ru\/wp-json\/wp\/v2\/pages"}],"about":[{"href":"https:\/\/tanuko.lt\/ru\/wp-json\/wp\/v2\/types\/page"}],"author":[{"embeddable":true,"href":"https:\/\/tanuko.lt\/ru\/wp-json\/wp\/v2\/users\/1"}],"replies":[{"embeddable":true,"href":"https:\/\/tanuko.lt\/ru\/wp-json\/wp\/v2\/comments?post=11619"}],"version-history":[{"count":0,"href":"https:\/\/tanuko.lt\/ru\/wp-json\/wp\/v2\/pages\/11619\/revisions"}],"wp:attachment":[{"href":"https:\/\/tanuko.lt\/ru\/wp-json\/wp\/v2\/media?parent=11619"}],"curies":[{"name":"wp","href":"https:\/\/api.w.org\/{rel}","templated":true}]}}