{"id":10626,"date":"2024-02-24T12:27:47","date_gmt":"2024-02-24T12:27:47","guid":{"rendered":"https:\/\/tanuko.lt\/shop\/"},"modified":"2024-10-20T16:02:04","modified_gmt":"2024-10-20T16:02:04","slug":"sauskelnes","status":"publish","type":"page","link":"https:\/\/tanuko.lt\/ru\/sauskelnes\/","title":{"rendered":"\u041f\u043e\u0434\u0433\u0443\u0437\u043d\u0438\u043a\u0438"},"content":{"rendered":"<p><br>\u041f\u043e\u0434\u0433\u0443\u0437\u043d\u0438\u043a\u0438 Merries - <strong>\u044f\u043f\u043e\u043d\u0441\u043a\u0430\u044f \u043c\u0430\u0440\u043a\u0430 \u0432\u044b\u0441\u043e\u043a\u043e\u043a\u0430\u0447\u0435\u0441\u0442\u0432\u0435\u043d\u043d\u044b\u0445 \u0434\u0435\u0442\u0441\u043a\u0438\u0445 \u043f\u043e\u0434\u0433\u0443\u0437\u043d\u0438\u043a\u043e\u0432. \u041e\u043d\u0438 \u0438\u0437\u0432\u0435\u0441\u0442\u043d\u044b \u0441\u0432\u043e\u0435\u0439 \u043c\u044f\u0433\u043a\u043e\u0441\u0442\u044c\u044e, \u0432\u044b\u0441\u043e\u043a\u043e\u0439 \u0441\u0442\u0435\u043f\u0435\u043d\u044c\u044e \u0432\u043f\u0438\u0442\u044b\u0432\u0430\u0435\u043c\u043e\u0441\u0442\u0438 \u0438 \u0434\u044b\u0448\u0430\u0449\u0438\u043c \u043c\u0430\u0442\u0435\u0440\u0438\u0430\u043b\u043e\u043c, \u043a\u043e\u0442\u043e\u0440\u044b\u0439 \u043f\u043e\u043c\u043e\u0433\u0430\u0435\u0442 \u043f\u0440\u0435\u0434\u043e\u0442\u0432\u0440\u0430\u0442\u0438\u0442\u044c \u0440\u0430\u0437\u0434\u0440\u0430\u0436\u0435\u043d\u0438\u0435 \u043a\u043e\u0436\u0438. \u041f\u043e\u0434\u0433\u0443\u0437\u043d\u0438\u043a\u0438 Merries \u0447\u0430\u0441\u0442\u043e \u0446\u0435\u043d\u044f\u0442 \u0437\u0430 \u043a\u043e\u043c\u0444\u043e\u0440\u0442 \u0438 \u0437\u0430\u0449\u0438\u0442\u0443 \u043a\u043e\u0436\u0438.<\/strong><\/p>","protected":false},"excerpt":{"rendered":"<p>Merries sauskeln\u0117s \u2013 japon\u0173 prek\u0117s \u017eenklas, gaminantis auk\u0161tos kokyb\u0117s k\u016bdiki\u0173 sauskelnes. Jos yra \u017einomos d\u0117l savo mink\u0161tumo, auk\u0161to sug\u0117rimo lygio<\/p>","protected":false},"author":1,"featured_media":0,"parent":0,"menu_order":0,"comment_status":"closed","ping_status":"closed","template":"","meta":{"footnotes":""},"class_list":["post-10626","page","type-page","status-publish","hentry"],"_links":{"self":[{"href":"https:\/\/tanuko.lt\/ru\/wp-json\/wp\/v2\/pages\/10626","targetHints":{"allow":["GET"]}}],"collection":[{"href":"https:\/\/tanuko.lt\/ru\/wp-json\/wp\/v2\/pages"}],"about":[{"href":"https:\/\/tanuko.lt\/ru\/wp-json\/wp\/v2\/types\/page"}],"author":[{"embeddable":true,"href":"https:\/\/tanuko.lt\/ru\/wp-json\/wp\/v2\/users\/1"}],"replies":[{"embeddable":true,"href":"https:\/\/tanuko.lt\/ru\/wp-json\/wp\/v2\/comments?post=10626"}],"version-history":[{"count":4,"href":"https:\/\/tanuko.lt\/ru\/wp-json\/wp\/v2\/pages\/10626\/revisions"}],"predecessor-version":[{"id":14604,"href":"https:\/\/tanuko.lt\/ru\/wp-json\/wp\/v2\/pages\/10626\/revisions\/14604"}],"wp:attachment":[{"href":"https:\/\/tanuko.lt\/ru\/wp-json\/wp\/v2\/media?parent=10626"}],"curies":[{"name":"wp","href":"https:\/\/api.w.org\/{rel}","templated":true}]}}