{"id":13985,"date":"2024-09-14T16:49:43","date_gmt":"2024-09-14T16:49:43","guid":{"rendered":"https:\/\/tanuko.lt\/?post_type=product&#038;p=13985"},"modified":"2026-04-16T20:05:10","modified_gmt":"2026-04-16T20:05:10","slug":"pirmasis-pieniniu-dantu-sepeteliu-rinkinys-pigeon","status":"publish","type":"product","link":"https:\/\/tanuko.lt\/lt\/product\/pirmasis-pieniniu-dantu-sepeteliu-rinkinys-pigeon\/","title":{"rendered":"Pirmasis pienini\u0173 dant\u0173 \u0161epet\u0117li\u0173 rinkinys Pigeon."},"content":{"rendered":"<h4>I\u0161samus apra\u0161ymas:<\/h4>\n<p><strong>Pirmasis pienini\u0173 dant\u0173 \u0161epet\u0117li\u0173 rinkinys Pigeon.<\/strong> Yra pirmasis dant\u0173 \u0161epet\u0117li\u0173 rinkinys, skirtas k\u016bdikiams, kuriems pradeda dygti pirmieji dantukai. \u0160is rinkinys yra sukurtas taip, kad pad\u0117t\u0173 t\u0117vams \u0161velniai ir efektyviai pri\u017ei\u016br\u0117ti k\u016bdikio burnos higien\u0105 nuo pat pirm\u0173j\u0173 dien\u0173, kai pradeda dygti pieniniai dantukai. Rinkinys da\u017eniausiai apima kelis \u0161epet\u0117lius, pritaikytus skirtingiems k\u016bdikio burnos prie\u017ei\u016bros etapams.<\/p>\n<h4>Pagrindin\u0117s savyb\u0117s:<\/h4>\n<ul>\n<li><strong>Specialiai pritaikyti \u0161epet\u0117liai<\/strong>: Rinkin\u012f sudaro keli dant\u0173 \u0161epet\u0117liai, kuri\u0173 kiekvienas pritaikytas skirtingam k\u016bdikio dant\u0173 prie\u017ei\u016bros etapui \u2013 nuo danten\u0173 masa\u017eavimo iki pirm\u0173j\u0173 pienini\u0173 dant\u0173 valymo.<\/li>\n<li><strong>Mink\u0161ti \u0161ereliai<\/strong>: Visi \u0161epet\u0117liai turi itin mink\u0161tus \u0161erelius, kurie \u0161velniai masa\u017euoja dantenas ir \u0161velniai valo pirmuosius dantukus, nesukeliant dirginimo.<\/li>\n<li><strong>Patogi ranken\u0117l\u0117<\/strong>: \u0160epet\u0117liai sukurti su neslystan\u010diomis ranken\u0117l\u0117mis, kad b\u016bt\u0173 lengva laikyti ir saugiai valyti k\u016bdikio burn\u0105.<\/li>\n<li><strong>Palaipsn\u0117 prie\u017ei\u016bra<\/strong>: Rinkinys skirtas pad\u0117ti t\u0117vams palaipsniui pripratinti k\u016bdik\u012f prie dant\u0173 valymo, pradedant nuo danten\u0173 masa\u017eavimo iki pilno dant\u0173 valymo, kai dantukai pradeda dygti.<\/li>\n<li><strong>Mokymasis ir \u012fpro\u010di\u0173 formavimas<\/strong>: Padeda k\u016bdikiui susipa\u017einti su dant\u0173 \u0161epet\u0117liu ir formuoti kasdienius dant\u0173 valymo \u012fpro\u010dius nuo pat ma\u017eens.<br \/>\n<h3><\/h3>\n<\/li>\n<li>\n<h3>K\u016bdiki\u0173 dant\u0173 \u0161epet\u0117li\u0173 pamok\u0173 etapai:<\/h3>\n<ol>\n<li><strong>Etapas (geltonas \u0161epet\u0117lis): Nuo 4 ar 5 m\u0117nesi\u0173 (dant\u0173 skai\u010dius: 0\u20134)<\/strong>\n<ul>\n<li>Prad\u0117kite danten\u0173 masa\u017e\u0105 prie\u0161 i\u0161dygstant dantims, kad pagerintum\u0117te kraujotak\u0105 ir sukurtum\u0117te malon\u0173 poj\u016bt\u012f k\u016bdikiui.<\/li>\n<li>Mink\u0161ti guminiai \u0161ereliai masa\u017euoja dantenas ir padeda k\u016bdikiui priprasti prie dant\u0173 \u0161epet\u0117lio.<\/li>\n<\/ul>\n<\/li>\n<li><strong>Etapas (oran\u017einis \u0161epet\u0117lis): Nuo 9 m\u0117nesi\u0173 (dant\u0173 skai\u010dius: 5\u20138)<\/strong>\n<ul>\n<li>Ma\u017edaug nuo 9 m\u0117nesi\u0173 pradeda dygti priekiniai dantukai, ir valymo poj\u016btis tampa nat\u016bralus.<\/li>\n<li>Itin smulk\u016bs, mink\u0161ti \u0161ereliai \u0161velniai valo dantis ir masa\u017euoja dantenas.<\/li>\n<\/ul>\n<\/li>\n<li><strong>Etapas (m\u0117lynas \u0161epet\u0117lis): Nuo 12 m\u0117nesi\u0173 (dant\u0173 skai\u010dius: 9\u201311)<\/strong>\n<ul>\n<li>Kai pradeda augti kr\u016bminiai dantys, galite praktikuoti maisto liku\u010di\u0173 valym\u0105.<\/li>\n<li>Mink\u0161ti, tvirti \u0161ereliai yra \u0161veln\u016bs dantims ir dantenoms, leid\u017eiant k\u016bdikiui prad\u0117ti mokytis valytis dantis pats.<\/li>\n<\/ul>\n<\/li>\n<\/ol>\n<h3>Naudojimo instrukcija:<\/h3>\n<ul>\n<li><strong>1 etapas (geltonas \u0161epet\u0117lis)<\/strong>: Naudokite itin mink\u0161tus \u0161erelius ar silikonin\u012f antgal\u012f danten\u0173 masa\u017eui ir burnos valymui.<\/li>\n<li><strong>2 etapas (oran\u017einis \u0161epet\u0117lis)<\/strong>: Naudokite mink\u0161tus \u0161erelius, kai pradeda dygti pirmieji dantukai.<\/li>\n<li><strong>3 etapas (m\u0117lynas \u0161epet\u0117lis)<\/strong>: Leiskite k\u016bdikiui pa\u010diam mokytis valytis dantis, pri\u017ei\u016brint t\u0117vams.<\/li>\n<\/ul>\n<\/li>\n<\/ul>\n","protected":false},"excerpt":{"rendered":"<p>\u25cf Etapas 1: Danten\u0173 masa\u017eas (4-5 m\u0117n.).<br \/>\n\u25cf Etapas 2: Priekini\u0173 dant\u0173 valymas (9 m\u0117n.).<br \/>\n\u25cf Etapas 3: Kr\u016bmini\u0173 dant\u0173 valymas (12 m\u0117n.).<\/p>\n","protected":false},"featured_media":14120,"comment_status":"open","ping_status":"closed","template":"","meta":[],"product_brand":[],"product_cat":[168],"product_tag":[],"class_list":{"0":"post-13985","1":"product","2":"type-product","3":"status-publish","4":"has-post-thumbnail","6":"product_cat-dantu_prieziuros_priemones","8":"first","9":"instock","10":"sale","11":"taxable","12":"shipping-taxable","13":"purchasable","14":"product-type-simple"},"tiered_pricing_type":"fixed","tiered_pricing_fixed_rules":[],"tiered_pricing_percentage_rules":[],"tiered_pricing_minimum":1,"tiered_pricing_roles_data":[],"_links":{"self":[{"href":"https:\/\/tanuko.lt\/lt\/wp-json\/wp\/v2\/product\/13985","targetHints":{"allow":["GET"]}}],"collection":[{"href":"https:\/\/tanuko.lt\/lt\/wp-json\/wp\/v2\/product"}],"about":[{"href":"https:\/\/tanuko.lt\/lt\/wp-json\/wp\/v2\/types\/product"}],"replies":[{"embeddable":true,"href":"https:\/\/tanuko.lt\/lt\/wp-json\/wp\/v2\/comments?post=13985"}],"version-history":[{"count":5,"href":"https:\/\/tanuko.lt\/lt\/wp-json\/wp\/v2\/product\/13985\/revisions"}],"predecessor-version":[{"id":14203,"href":"https:\/\/tanuko.lt\/lt\/wp-json\/wp\/v2\/product\/13985\/revisions\/14203"}],"wp:featuredmedia":[{"embeddable":true,"href":"https:\/\/tanuko.lt\/lt\/wp-json\/wp\/v2\/media\/14120"}],"wp:attachment":[{"href":"https:\/\/tanuko.lt\/lt\/wp-json\/wp\/v2\/media?parent=13985"}],"wp:term":[{"taxonomy":"product_brand","embeddable":true,"href":"https:\/\/tanuko.lt\/lt\/wp-json\/wp\/v2\/product_brand?post=13985"},{"taxonomy":"product_cat","embeddable":true,"href":"https:\/\/tanuko.lt\/lt\/wp-json\/wp\/v2\/product_cat?post=13985"},{"taxonomy":"product_tag","embeddable":true,"href":"https:\/\/tanuko.lt\/lt\/wp-json\/wp\/v2\/product_tag?post=13985"}],"curies":[{"name":"wp","href":"https:\/\/api.w.org\/{rel}","templated":true}]}}