{"id":13965,"date":"2024-09-14T16:50:54","date_gmt":"2024-09-14T16:50:54","guid":{"rendered":"https:\/\/tanuko.lt\/?post_type=product&#038;p=13965"},"modified":"2026-04-09T03:27:21","modified_gmt":"2026-04-09T03:27:21","slug":"vaikiskas-drekinamasis-kremas-pigeon-50g","status":"publish","type":"product","link":"https:\/\/tanuko.lt\/lt\/product\/vaikiskas-drekinamasis-kremas-pigeon-50g\/","title":{"rendered":"Vaiki\u0161kas dr\u0117kinamasis kremas \u201cPigeon\u201d, 50g"},"content":{"rendered":"<p>\u0160is k\u016bdiki\u0173 kremas efektyviai dr\u0117kina ir apsaugo k\u016bdikio od\u0105, pad\u0117damas i\u0161vengti i\u0161saus\u0117jimo ir dirginimo.<\/p>\n<p>Jame naudojami nat\u016bral\u016bs ingredientai, tokie kaip aliejai ir augaliniai ekstraktai, kurie yra \u0161veln\u016bs ir saug\u016bs jautriai odai. Produktas yra hipoalerginis, tod\u0117l suma\u017eina alergijos rizik\u0105 ir yra patvirtintas dermatolog\u0173 kaip tinkamas k\u016bdikiams.<\/p>\n<p>Naudojant krem\u0105 kasdien, jis padeda i\u0161vengti odos i\u0161saus\u0117jimo ir vystykl\u0173 b\u0117rim\u0173. Jis puikiai tinka naudoti po maudyni\u0173, kai oda yra ypa\u010d saus\u0117ja, arba kei\u010diant sauskelnes, kad b\u016bt\u0173 u\u017etikrinta apsauga ir komfortas.<\/p>\n<p>Kremas neturi paraben\u0173, dirbtini\u0173 kvapikli\u0173 ar da\u017eikli\u0173, tod\u0117l jis yra \u0161varus ir nat\u016bralus. \u0160velni kremo tekst\u016bra greitai \u012fsigeria \u012f od\u0105, nepalikdama riebaus sluoksnio ir nesukeldama nepatogum\u0173. Be to, jis yra lengvas ir patogus naudoti tiek ant k\u016bdikio veido, tiek ant viso k\u016bno.<\/p>\n","protected":false},"excerpt":{"rendered":"<ul>\n<li>Dr\u0117kina, apsaugo, ramina<\/li>\n<li>Nat\u016bral\u016bs ingredientai<\/li>\n<li>Hipoalerginis<\/li>\n<li>Be Paraben\u0173, dirbtini\u0173 kvapikli\u0173, da\u017eikli\u0173<\/li>\n<li>\u0160velnus, greitai \u012fsigeria<\/li>\n<li>Veidui ir visam k\u016bnui<\/li>\n<\/ul>\n","protected":false},"featured_media":13966,"comment_status":"open","ping_status":"closed","template":"","meta":[],"product_brand":[],"product_cat":[170],"product_tag":[178],"class_list":{"0":"post-13965","1":"product","2":"type-product","3":"status-publish","4":"has-post-thumbnail","6":"product_cat-kremai_ir_losjonai_vaikams","7":"product_tag-sauskelnes-pampersai","9":"first","10":"instock","11":"sale","12":"taxable","13":"shipping-taxable","14":"purchasable","15":"product-type-simple"},"tiered_pricing_type":"fixed","tiered_pricing_fixed_rules":[],"tiered_pricing_percentage_rules":[],"tiered_pricing_minimum":1,"tiered_pricing_roles_data":[],"_links":{"self":[{"href":"https:\/\/tanuko.lt\/lt\/wp-json\/wp\/v2\/product\/13965","targetHints":{"allow":["GET"]}}],"collection":[{"href":"https:\/\/tanuko.lt\/lt\/wp-json\/wp\/v2\/product"}],"about":[{"href":"https:\/\/tanuko.lt\/lt\/wp-json\/wp\/v2\/types\/product"}],"replies":[{"embeddable":true,"href":"https:\/\/tanuko.lt\/lt\/wp-json\/wp\/v2\/comments?post=13965"}],"version-history":[{"count":2,"href":"https:\/\/tanuko.lt\/lt\/wp-json\/wp\/v2\/product\/13965\/revisions"}],"predecessor-version":[{"id":14111,"href":"https:\/\/tanuko.lt\/lt\/wp-json\/wp\/v2\/product\/13965\/revisions\/14111"}],"wp:featuredmedia":[{"embeddable":true,"href":"https:\/\/tanuko.lt\/lt\/wp-json\/wp\/v2\/media\/13966"}],"wp:attachment":[{"href":"https:\/\/tanuko.lt\/lt\/wp-json\/wp\/v2\/media?parent=13965"}],"wp:term":[{"taxonomy":"product_brand","embeddable":true,"href":"https:\/\/tanuko.lt\/lt\/wp-json\/wp\/v2\/product_brand?post=13965"},{"taxonomy":"product_cat","embeddable":true,"href":"https:\/\/tanuko.lt\/lt\/wp-json\/wp\/v2\/product_cat?post=13965"},{"taxonomy":"product_tag","embeddable":true,"href":"https:\/\/tanuko.lt\/lt\/wp-json\/wp\/v2\/product_tag?post=13965"}],"curies":[{"name":"wp","href":"https:\/\/api.w.org\/{rel}","templated":true}]}}