{"id":13959,"date":"2024-09-14T16:50:13","date_gmt":"2024-09-14T16:50:13","guid":{"rendered":"https:\/\/tanuko.lt\/?post_type=product&#038;p=13959"},"modified":"2026-04-11T19:07:58","modified_gmt":"2026-04-11T19:07:58","slug":"drekinamasis-losjonas-kudikiams-pigeon-120ml","status":"publish","type":"product","link":"https:\/\/tanuko.lt\/lt\/product\/drekinamasis-losjonas-kudikiams-pigeon-120ml\/","title":{"rendered":"Dr\u0117kinamasis losjonas k\u016bdikiams Pigeon, 120ml"},"content":{"rendered":"<h4>I\u0161samus apra\u0161ymas:<\/h4>\n<p>Dr\u0117kinamasis losjonas k\u016bdikiams Pigeon, 120ml:\u00a0 Yra lengvas, vandens pagrindu pagamintas k\u016bdiki\u0173 losjonas, sukurtas siekiant \u0161velniai dr\u0117kinti, raminti k\u016bdikio od\u0105. Jo \u0161velni formul\u0117 sukurta taip, kad atitikt\u0173 k\u016bdikio odos pH lyg\u012f, kuris yra \u0161iek tiek r\u016bg\u0161tinis (apie 5,5). \u0160is pH lygis padeda i\u0161laikyti sveik\u0105 odos barjer\u0105 ir apsaugo nuo kenksming\u0173 mikroorganizm\u0173.<\/p>\n<h4><strong>Skirta k\u016bdikiams nuo gimimo<\/strong> \u2013 saugi ir \u0161velni formul\u0117, pritaikyta jautriai k\u016bdiki\u0173 odai.<\/h4>\n<h4>Pagrindin\u0117s savyb\u0117s:<\/h4>\n<ul>\n<li><strong>Subalansuotas pH<\/strong>: Sukurtas taip, kad atitikt\u0173 k\u016bdikio odos nat\u016bral\u0173 pH, palaikant jos apsaugin\u012f barjer\u0105 ir i\u0161vengiant sudirgim\u0173.<\/li>\n<li><strong>Nat\u016bral\u016bs ingredientai<\/strong>:\n<ul>\n<li><strong>Aloe vera ekstraktas<\/strong>: Raminantis ir dr\u0117kinantis komponentas, padedantis palaikyti odos dr\u0117gm\u0117s balans\u0105.<\/li>\n<li><strong>Ramun\u0117li\u0173 ekstraktas<\/strong>: Nat\u016braliai ramina ir apsaugo od\u0105.<\/li>\n<li><strong>Glicerinas<\/strong>: Nat\u016bralus dr\u0117kiklis, padedantis i\u0161laikyti odos dr\u0117gm\u0119 ir \u0161velnum\u0105.<\/li>\n<\/ul>\n<\/li>\n<\/ul>\n<h4>Naudojimo instrukcija:<\/h4>\n<ol>\n<li>U\u017epilkite nedidel\u012f kiek\u012f losjono ant \u0161varios vatos diskelio arba tiesiai ant delno.<\/li>\n<li>\u0160velniai \u012ftap\u0161nokite arba \u012fmasa\u017euokite ant \u0161varios, sausos k\u016bdikio odos.<\/li>\n<li>Naudokite kasdien kaip pirm\u0105j\u012f odos prie\u017ei\u016bros \u017eingsn\u012f.<\/li>\n<\/ol>\n<h4>Faktai:<\/h4>\n<ul>\n<li><strong>pH subalansuotas<\/strong>: Padeda i\u0161laikyti sveik\u0105 odos pH lyg\u012f, apsaugant j\u0105 nuo sudirgimo ir i\u0161saus\u0117jimo.<\/li>\n<li><strong>Universalus naudojimas<\/strong>: Tinka naudoti kasdien visam k\u016bnui, \u012fskaitant veid\u0105.<\/li>\n<\/ul>\n<p>&nbsp;<\/p>\n<h3>Sud\u0117tis<\/h3>\n<ul>\n<li><strong>Vanduo<\/strong>: Suteikia dr\u0117kinim\u0105.<\/li>\n<li><strong>Glicerinas<\/strong>: Nat\u016bralus dr\u0117kiklis, padedantis i\u0161laikyti odos dr\u0117gm\u0119.<\/li>\n<li><strong>BG (Butylene Glycol)<\/strong>: Dr\u0117gm\u0119 i\u0161laikanti med\u017eiaga, suteikianti odai mink\u0161tumo.<\/li>\n<li><strong>Natrio Hialuronatas (Hialurono R\u016bg\u0161tis Na)<\/strong>: Dr\u0117kinamasis komponentas, kuris padeda odai i\u0161laikyti dr\u0117gm\u0119 ir elastingum\u0105.<\/li>\n<li><strong>Ceramidas NP<\/strong>: Padeda atkurti ir palaikyti odos apsaugin\u012f barjer\u0105, saugo nuo i\u0161saus\u0117jimo.<\/li>\n<li><strong>Fitosterolio izostearatas<\/strong>: Dr\u0117kinamasis komponentas, suteikiantis odai \u0161velnumo.<\/li>\n<li><strong>Glicirizo r\u016bg\u0161ties druska (Glycyrrhizic Acid 2K)<\/strong>: Raminanti med\u017eiaga, suma\u017einanti odos sudirgim\u0105.<\/li>\n<li><strong>PPG-4 Ceteth-20<\/strong>: Emulsiklis, leid\u017eiantis skirtingoms med\u017eiagoms susimai\u0161yti.<\/li>\n<li><strong>Karbomeras<\/strong>: Gelio formavimo agentas, suteikiantis odai \u0161velni\u0105 tekst\u016br\u0105.<\/li>\n<li><strong>Tokoferolis (Vitaminas E)<\/strong>: Antioksidantas, apsaugantis od\u0105 nuo laisv\u0173j\u0173 radikal\u0173.<\/li>\n<li><strong>Fenoksietanolis<\/strong>: Saugus konservantas, apsaugantis nuo bakterij\u0173 ir pel\u0117sio.<\/li>\n<li><strong>Etilheksilglicerinas<\/strong>: Dr\u0117kinamasis agentas, taip pat veikia kaip nat\u016bralus konservantas.<\/li>\n<li><strong>Kalis Hidroksidas (KOH)<\/strong>: pH reguliatorius, subalansuoja produkto r\u016bg\u0161tingum\u0105.<\/li>\n<\/ul>\n<p>&nbsp;<\/p>\n","protected":false},"excerpt":{"rendered":"<ul>\n<li><strong>Subalansuotas pH<\/strong>: Atitinka k\u016bdikio odos pH (~5,5).<\/li>\n<li><strong>Nat\u016bral\u016bs ingredientai<\/strong>: Aloe vera, ramun\u0117l\u0117s.<\/li>\n<li><strong>Be kvapikli\u0173<\/strong>: Nedirgina jautrios odos.<\/li>\n<li><strong>Greitas \u012fsig\u0117rimas<\/strong>: Neu\u017ekem\u0161a por\u0173, nelipni formul\u0117.<\/li>\n<li><strong>Universali paskirtis<\/strong>: Tinka veidui ir k\u016bnui.<\/li>\n<li><strong>Odos paruo\u0161imas<\/strong>: Puikus pirmas dr\u0117kinimo etapas.<\/li>\n<\/ul>\n","protected":false},"featured_media":14100,"comment_status":"open","ping_status":"closed","template":"","meta":[],"product_brand":[],"product_cat":[170],"product_tag":[],"class_list":{"0":"post-13959","1":"product","2":"type-product","3":"status-publish","4":"has-post-thumbnail","6":"product_cat-kremai_ir_losjonai_vaikams","8":"first","9":"instock","10":"sale","11":"taxable","12":"shipping-taxable","13":"purchasable","14":"product-type-simple"},"tiered_pricing_type":"fixed","tiered_pricing_fixed_rules":[],"tiered_pricing_percentage_rules":[],"tiered_pricing_minimum":1,"tiered_pricing_roles_data":[],"_links":{"self":[{"href":"https:\/\/tanuko.lt\/lt\/wp-json\/wp\/v2\/product\/13959","targetHints":{"allow":["GET"]}}],"collection":[{"href":"https:\/\/tanuko.lt\/lt\/wp-json\/wp\/v2\/product"}],"about":[{"href":"https:\/\/tanuko.lt\/lt\/wp-json\/wp\/v2\/types\/product"}],"replies":[{"embeddable":true,"href":"https:\/\/tanuko.lt\/lt\/wp-json\/wp\/v2\/comments?post=13959"}],"version-history":[{"count":2,"href":"https:\/\/tanuko.lt\/lt\/wp-json\/wp\/v2\/product\/13959\/revisions"}],"predecessor-version":[{"id":14099,"href":"https:\/\/tanuko.lt\/lt\/wp-json\/wp\/v2\/product\/13959\/revisions\/14099"}],"wp:featuredmedia":[{"embeddable":true,"href":"https:\/\/tanuko.lt\/lt\/wp-json\/wp\/v2\/media\/14100"}],"wp:attachment":[{"href":"https:\/\/tanuko.lt\/lt\/wp-json\/wp\/v2\/media?parent=13959"}],"wp:term":[{"taxonomy":"product_brand","embeddable":true,"href":"https:\/\/tanuko.lt\/lt\/wp-json\/wp\/v2\/product_brand?post=13959"},{"taxonomy":"product_cat","embeddable":true,"href":"https:\/\/tanuko.lt\/lt\/wp-json\/wp\/v2\/product_cat?post=13959"},{"taxonomy":"product_tag","embeddable":true,"href":"https:\/\/tanuko.lt\/lt\/wp-json\/wp\/v2\/product_tag?post=13959"}],"curies":[{"name":"wp","href":"https:\/\/api.w.org\/{rel}","templated":true}]}}