{"id":13953,"date":"2024-09-13T12:20:02","date_gmt":"2024-09-13T12:20:02","guid":{"rendered":"https:\/\/tanuko.lt\/?post_type=product&#038;p=13953"},"modified":"2026-04-09T05:22:25","modified_gmt":"2026-04-09T05:22:25","slug":"drekinamasis-losjonas-kudikiams-pigeon-natural-moisture-120ml","status":"publish","type":"product","link":"https:\/\/tanuko.lt\/lt\/product\/drekinamasis-losjonas-kudikiams-pigeon-natural-moisture-120ml\/","title":{"rendered":"Dr\u0117kinamasis losjonas k\u016bdikiams, \u201ePigeon Natural Moisture\u201c, 120ml"},"content":{"rendered":"<div class=\"flex-shrink-0 flex flex-col relative items-end\">\n<div>\n<div class=\"pt-0\">\n<div class=\"gizmo-bot-avatar flex h-8 w-8 items-center justify-center overflow-hidden rounded-full\">\n<div class=\"relative p-1 rounded-sm flex items-center justify-center bg-token-main-surface-primary text-token-text-primary h-8 w-8\"><strong><span style=\"color: #1b1919; font-size: 18px;\">I\u0161samus apra\u0161ymas:<\/span><\/strong><\/div>\n<\/div>\n<\/div>\n<\/div>\n<\/div>\n<div class=\"group\/conversation-turn relative flex w-full min-w-0 flex-col agent-turn\">\n<div class=\"flex-col gap-1 md:gap-3\">\n<div class=\"flex max-w-full flex-col flex-grow\">\n<div class=\"min-h-[20px] text-message flex w-full flex-col items-end gap-2 whitespace-normal break-words [.text-message+&amp;]:mt-5\" dir=\"auto\" data-message-author-role=\"assistant\" data-message-id=\"521aa05c-0f7c-4047-bb7b-2f22e56cf69d\">\n<div class=\"flex w-full flex-col gap-1 empty:hidden first:pt-[3px]\">\n<div class=\"markdown prose w-full break-words dark:prose-invert dark\">\n<p>Dr\u0117kinamasis losjonas k\u016bdikiams, \u201ePigeon Natural Moisture\u201c, \u2013 tai k\u016bdiki\u0173 losjonas su lengva, pienelio konsistencija, skirtas kasdieniam k\u016bdikio odos dr\u0117kinimui ir apsaugai. Formul\u0117 yra pritaikyta k\u016bdikio odos \u0161velniam pH lygiui, kuris yra \u0161iek tiek r\u016bg\u0161tinis. Tokia pH pusiausvyra padeda stiprinti k\u016bdikio odos apsaugin\u012f barjer\u0105 ir apsaugoti nuo i\u0161orini\u0173 veiksni\u0173.<\/p>\n<p><strong>Skirta k\u016bdikiams nuo gimimo<\/strong> \u2013 saugi ir \u0161velni formul\u0117, pritaikyta jautriai k\u016bdiki\u0173 odai.<\/p>\n<h4>Pagrindin\u0117s savyb\u0117s:<\/h4>\n<ul>\n<li><strong>Subalansuotas pH<\/strong>: Losjono pH lygis suderintas su k\u016bdikio odos nat\u016braliu pH, siekiant u\u017ekirsti keli\u0105 odos sudirgimui ir i\u0161saugoti jos nat\u016bral\u0173 apsaugin\u012f sluoksn\u012f.<\/li>\n<li><strong>Nat\u016bral\u016bs ingredientai<\/strong>:\n<ul>\n<li><strong>Jojobos aliejus<\/strong>: Suderinamas su nat\u016braliais odos aliejais, padedantis i\u0161laikyti dr\u0117gm\u0119 ir odos pusiausvyr\u0105.<\/li>\n<li><strong>Simondsij\u0173 aliejus<\/strong>: Maitina ir mink\u0161tina od\u0105, apsaugodamas j\u0105 nuo i\u0161saus\u0117jimo.<\/li>\n<li><strong>Taukmed\u017eio sviestas<\/strong>: Suteikia odai maistini\u0173 med\u017eiag\u0173, padeda palaikyti odos elastingum\u0105 ir mink\u0161tum\u0105.<\/li>\n<\/ul>\n<\/li>\n<\/ul>\n<h4>Naudojimo instrukcija:<\/h4>\n<ol>\n<li>I\u0161spauskite nedidel\u012f kiek\u012f losjono ant delno.<\/li>\n<li>\u0160velniai \u012fmasa\u017euokite \u012f \u0161vari\u0105, saus\u0105 k\u016bdikio od\u0105 sukamaisiais judesiais.<\/li>\n<li>Naudokite kasdien, ypa\u010d po maudyni\u0173, kad apsaugotum\u0117te od\u0105 nuo i\u0161saus\u0117jimo.<\/li>\n<\/ol>\n<h4>Faktai:<\/h4>\n<ul>\n<li><strong>pH subalansuotas<\/strong>: Padeda i\u0161laikyti k\u016bdikio odos sveik\u0105 pH lyg\u012f, saugantis nuo sudirgim\u0173 ir palaikant odos apsaugin\u0119 funkcij\u0105.<\/li>\n<li><strong>Ilgalaikis dr\u0117kinimas<\/strong>: Nat\u016bral\u016bs aliejai ir sviestas padeda palaikyti odos dr\u0117gm\u0119.<\/li>\n<\/ul>\n<\/div>\n<\/div>\n<\/div>\n<\/div>\n<\/div>\n<\/div>\n","protected":false},"excerpt":{"rendered":"<ul>\n<li><strong>Nat\u016bral\u016bs aliejai<\/strong>: Jojoba, simondsija.<\/li>\n<li><strong>Subalansuotas pH<\/strong>: Apsaugo odos barjer\u0105.<\/li>\n<li><strong>Hipoalerginis<\/strong>: Tinka jautriai k\u016bdikio odai.<\/li>\n<li><strong>Lengva tekst\u016bra<\/strong>: Greitai \u012fsigeria, nepalieka riebumo.<\/li>\n<li><strong>Be kenksming\u0173 med\u017eiag\u0173<\/strong>: Be paraben\u0173, kvapikli\u0173.<\/li>\n<li><strong>Ilgalaikis dr\u0117kinimas<\/strong>: Saugo nuo i\u0161saus\u0117jimo vis\u0105 dien\u0105.<\/li>\n<\/ul>\n","protected":false},"featured_media":14095,"comment_status":"open","ping_status":"closed","template":"","meta":[],"product_brand":[],"product_cat":[170],"product_tag":[],"class_list":{"0":"post-13953","1":"product","2":"type-product","3":"status-publish","4":"has-post-thumbnail","6":"product_cat-kremai_ir_losjonai_vaikams","8":"first","9":"instock","10":"taxable","11":"shipping-taxable","12":"purchasable","13":"product-type-simple"},"tiered_pricing_type":"fixed","tiered_pricing_fixed_rules":[],"tiered_pricing_percentage_rules":[],"tiered_pricing_minimum":1,"tiered_pricing_roles_data":[],"_links":{"self":[{"href":"https:\/\/tanuko.lt\/lt\/wp-json\/wp\/v2\/product\/13953","targetHints":{"allow":["GET"]}}],"collection":[{"href":"https:\/\/tanuko.lt\/lt\/wp-json\/wp\/v2\/product"}],"about":[{"href":"https:\/\/tanuko.lt\/lt\/wp-json\/wp\/v2\/types\/product"}],"replies":[{"embeddable":true,"href":"https:\/\/tanuko.lt\/lt\/wp-json\/wp\/v2\/comments?post=13953"}],"version-history":[{"count":12,"href":"https:\/\/tanuko.lt\/lt\/wp-json\/wp\/v2\/product\/13953\/revisions"}],"predecessor-version":[{"id":14113,"href":"https:\/\/tanuko.lt\/lt\/wp-json\/wp\/v2\/product\/13953\/revisions\/14113"}],"wp:featuredmedia":[{"embeddable":true,"href":"https:\/\/tanuko.lt\/lt\/wp-json\/wp\/v2\/media\/14095"}],"wp:attachment":[{"href":"https:\/\/tanuko.lt\/lt\/wp-json\/wp\/v2\/media?parent=13953"}],"wp:term":[{"taxonomy":"product_brand","embeddable":true,"href":"https:\/\/tanuko.lt\/lt\/wp-json\/wp\/v2\/product_brand?post=13953"},{"taxonomy":"product_cat","embeddable":true,"href":"https:\/\/tanuko.lt\/lt\/wp-json\/wp\/v2\/product_cat?post=13953"},{"taxonomy":"product_tag","embeddable":true,"href":"https:\/\/tanuko.lt\/lt\/wp-json\/wp\/v2\/product_tag?post=13953"}],"curies":[{"name":"wp","href":"https:\/\/api.w.org\/{rel}","templated":true}]}}