{"id":13947,"date":"2024-09-13T12:03:55","date_gmt":"2024-09-13T12:03:55","guid":{"rendered":"https:\/\/tanuko.lt\/?post_type=product&#038;p=13947"},"modified":"2026-04-10T18:16:39","modified_gmt":"2026-04-10T18:16:39","slug":"drekinamas-losjonas-kudikiams-pigeon-moisture-plus-120ml","status":"publish","type":"product","link":"https:\/\/tanuko.lt\/lt\/product\/drekinamas-losjonas-kudikiams-pigeon-moisture-plus-120ml\/","title":{"rendered":"Dr\u0117kinamas losjonas k\u016bdikiams Pigeon Moisture Plus , 120ml"},"content":{"rendered":"<p>Odos prie\u017ei\u016bra, kuri prioritet\u0105 teikia k\u016bdikio odos \u0161velnumui. \u0160is k\u016bdiki\u0173 pienelio losjonas turi \u201ePigeon Natural Moisture\u201c*, sudedam\u0105j\u0105 dal\u012f, pana\u0161i\u0105 \u012f nat\u016brali\u0105 odos dr\u0117gm\u0119, kurios da\u017enai tr\u016bksta nei\u0161sivys\u010diusioje k\u016bdikio odoje.<br \/>\n*Keramidas NP + Fitosterilo izostearatas<\/p>\n<p><strong>Skirta k\u016bdikiams nuo gimimo<\/strong> \u2013 saugi ir \u0161velni formul\u0117, pritaikyta jautriai k\u016bdiki\u0173 odai.<\/p>\n<p>\u0160is <strong>k\u016bdiki\u0173 pienelio losjonas &#8222;Moisture Plus&#8221; (120g)<\/strong> yra sukurtas specialiai k\u016bdiki\u0173 jautriai odai, ta\u010diau j\u012f gali naudoti visa \u0161eima. Losjonas suteikia 1,6 karto daugiau dr\u0117kinimo nei ankstesni produktai, tod\u0117l yra idealus sausai ir jautriai odai. Jo <strong>paprasta, hipoalergin\u0117 formul\u0117<\/strong>, be dirbtini\u0173 pried\u0173 ir kvapikli\u0173, u\u017etikrina, kad produktas nesukelt\u0173 alergini\u0173 reakcij\u0173 ar odos sudirgimo. Losjonas greitai \u012fsigeria \u012f od\u0105, nepalikdamas lipnumo poj\u016b\u010dio, o <strong>silpnas r\u016bg\u0161tinis pH<\/strong> atitinka k\u016bdiki\u0173 nat\u016bral\u0173 odos balans\u0105, pad\u0117damas apsaugoti odos barjer\u0105.<\/p>\n<p>Losjonas praturtintas <strong>papildomomis dr\u0117kinamosiomis med\u017eiagomis<\/strong>, kurios ne tik intensyviai maitina od\u0105, bet ir padeda i\u0161laikyti dr\u0117gm\u0119 ilgesn\u012f laik\u0105. Produktas yra dermatologi\u0161kai patikrintas ir patvirtintas, kad nesukelia sudirgimo. <strong>Didel\u0117s talpos buteliukas su pompa<\/strong> leid\u017eia lengvai ir patogiai naudoti produkt\u0105 kasdien.<\/p>\n<p>\u0160is losjonas yra idealus pasirinkimas k\u016bdiki\u0173 sausai ir jautriai odai pri\u017ei\u016br\u0117ti, suteikiantis \u0161velnumo, dr\u0117kinimo ir apsaugos.<\/p>\n<p>SUD\u0116TIS: Vanduo, Etilheksilo palmatas, Glicerinas, Vazelinas, Cetearatas-6, Sorbitano palmatas, Hidrogenizuotas raps\u0173 aliejaus alkoholis, Cetearatas-20, Ceramidas NP, Fitosterilo izostearatas, Dikalio glicirizatas, Etilheksilglicerinas, Ksantano guma, (Akrilatai\/C10-30 alkilo akrilat\u0173 kopolimeras), Dimetikonas, Kalio hidroksidas, Fenoksietanolis, Tokoferolis.<\/p>\n","protected":false},"excerpt":{"rendered":"<div class=\"flex-shrink-0 flex flex-col relative items-end\">\n<div>\n<div class=\"pt-0\">\n<div class=\"gizmo-bot-avatar flex h-8 w-8 items-center justify-center overflow-hidden rounded-full\">\n<div class=\"relative p-1 rounded-sm flex items-center justify-center bg-token-main-surface-primary text-token-text-primary h-8 w-8\"><\/div>\n<\/div>\n<\/div>\n<\/div>\n<\/div>\n<div class=\"group\/conversation-turn relative flex w-full min-w-0 flex-col agent-turn\">\n<div class=\"flex-col gap-1 md:gap-3\">\n<div class=\"flex max-w-full flex-col flex-grow\">\n<div class=\"min-h-[20px] text-message flex w-full flex-col items-end gap-2 whitespace-normal break-words [.text-message+&amp;]:mt-5\" dir=\"auto\" data-message-author-role=\"assistant\" data-message-id=\"94694c53-5d25-499f-b3c0-47dfa78d97b4\">\n<div class=\"flex w-full flex-col gap-1 empty:hidden first:pt-[3px]\">\n<div class=\"markdown prose w-full break-words dark:prose-invert dark\">\n<ul>\n<li><strong>Intensyvus dr\u0117kinimas sausai odai.<\/strong><\/li>\n<li><strong>Gilus dr\u0117kinimas<\/strong>: Taukmed\u017eio sviestas, kokos\u0173 aliejus.<\/li>\n<li><strong>Subalansuotas pH<\/strong>: Atkuria ir saugo odos dr\u0117gm\u0119.<\/li>\n<li><strong>Hialurono r\u016bg\u0161tis<\/strong>: U\u017etikrina ilgalaik\u012f dr\u0117kinim\u0105.<\/li>\n<li><strong>Ramina od\u0105<\/strong>: Avi\u017e\u0173 ekstraktas, tinka sausai ir \u0161iurk\u0161\u010diai odai.<\/li>\n<li><strong>Be da\u017eikli\u0173 ir kvapikli\u0173<\/strong>: Saugus jautriai odai.<\/li>\n<li><strong>Apsauginis barjeras<\/strong>: Stiprina odos nat\u016bral\u0173 barjer\u0105, apsaugodamas nuo i\u0161orini\u0173 veiksni\u0173.<\/li>\n<\/ul>\n<\/div>\n<\/div>\n<\/div>\n<\/div>\n<\/div>\n<\/div>\n","protected":false},"featured_media":14077,"comment_status":"open","ping_status":"closed","template":"","meta":[],"product_brand":[],"product_cat":[170],"product_tag":[],"class_list":{"0":"post-13947","1":"product","2":"type-product","3":"status-publish","4":"has-post-thumbnail","6":"product_cat-kremai_ir_losjonai_vaikams","8":"first","9":"instock","10":"sale","11":"taxable","12":"shipping-taxable","13":"purchasable","14":"product-type-simple"},"tiered_pricing_type":"fixed","tiered_pricing_fixed_rules":[],"tiered_pricing_percentage_rules":[],"tiered_pricing_minimum":1,"tiered_pricing_roles_data":[],"_links":{"self":[{"href":"https:\/\/tanuko.lt\/lt\/wp-json\/wp\/v2\/product\/13947","targetHints":{"allow":["GET"]}}],"collection":[{"href":"https:\/\/tanuko.lt\/lt\/wp-json\/wp\/v2\/product"}],"about":[{"href":"https:\/\/tanuko.lt\/lt\/wp-json\/wp\/v2\/types\/product"}],"replies":[{"embeddable":true,"href":"https:\/\/tanuko.lt\/lt\/wp-json\/wp\/v2\/comments?post=13947"}],"version-history":[{"count":7,"href":"https:\/\/tanuko.lt\/lt\/wp-json\/wp\/v2\/product\/13947\/revisions"}],"predecessor-version":[{"id":14110,"href":"https:\/\/tanuko.lt\/lt\/wp-json\/wp\/v2\/product\/13947\/revisions\/14110"}],"wp:featuredmedia":[{"embeddable":true,"href":"https:\/\/tanuko.lt\/lt\/wp-json\/wp\/v2\/media\/14077"}],"wp:attachment":[{"href":"https:\/\/tanuko.lt\/lt\/wp-json\/wp\/v2\/media?parent=13947"}],"wp:term":[{"taxonomy":"product_brand","embeddable":true,"href":"https:\/\/tanuko.lt\/lt\/wp-json\/wp\/v2\/product_brand?post=13947"},{"taxonomy":"product_cat","embeddable":true,"href":"https:\/\/tanuko.lt\/lt\/wp-json\/wp\/v2\/product_cat?post=13947"},{"taxonomy":"product_tag","embeddable":true,"href":"https:\/\/tanuko.lt\/lt\/wp-json\/wp\/v2\/product_tag?post=13947"}],"curies":[{"name":"wp","href":"https:\/\/api.w.org\/{rel}","templated":true}]}}