{"id":12340,"date":"2024-03-20T10:00:58","date_gmt":"2024-03-20T10:00:58","guid":{"rendered":"https:\/\/tanuko.lt\/?post_type=product&#038;p=12340"},"modified":"2026-01-06T09:42:11","modified_gmt":"2026-01-06T09:42:11","slug":"moony-dregnos-serveteles-76vnt","status":"publish","type":"product","link":"https:\/\/tanuko.lt\/lt\/product\/moony-dregnos-serveteles-76vnt\/","title":{"rendered":"Moony dr\u0117gnos servet\u0117l\u0117s \u200b\u200b76vnt."},"content":{"rendered":"","protected":false},"excerpt":{"rendered":"<p>Moony dr\u0117gnos servet\u0117l\u0117s yra specialiai sukurtos \u0161velnios k\u016bdiki\u0173 odos prie\u017ei\u016brai nuo pat j\u0173 pirm\u0173j\u0173 gyvenimo dien\u0173. Servet\u0117les galima naudoti nuolatos \u2013 kei\u010diant sauskelnes, valant od\u0105 ar atliekant kitas higienos proced\u016bras. \u0160ios dr\u0117gnos servet\u0117l\u0117s nedirgina odos, nes jose n\u0117ra alkoholio ir kvapi\u0173j\u0173 med\u017eiag\u0173. Pakuot\u0117je yra dangtelis su lipduku, kur\u012f galima atidaryti ir u\u017edaryti lengvai, viena ranka, tod\u0117l servet\u0117les lengva i\u0161imti! Ant pakuot\u0117s yra \u201eprane\u0161im\u0173 linija\u201c, rodanti pakuot\u0117je likusi\u0173 servet\u0117li\u0173 kiek\u012f.<\/p>\n<p><b>Moony dr\u0117gnos servet\u0117l\u0117s:<\/b><\/p>\n<p>\u2022 pagamintos i\u0161 akytos med\u017eiagos;<\/p>\n<p>\u2022 trij\u0173 sluoksni\u0173;<\/p>\n<p>\u2022 sud\u0117tyje neturi alkoholio ir kvapi\u0173j\u0173 med\u017eiag\u0173.<\/p>\n<p><b>D\u0117mesio:<\/b><\/p>\n<p>\u2022 nenaudoti ant \u017eaizd\u0173 ar \u0161alia j\u0173;<\/p>\n<p>\u2022 nebenaudoti atsiradus alergin\u0117ms reakcijoms;<\/p>\n<p>\u2022 nemesti \u012f tualet\u0105;<\/p>\n<p>\u2022 laikyti vietose, kuri\u0173 nepasiekia tiesioginiai saul\u0117s spinduliai ir auk\u0161ta temperat\u016bra.<\/p>\n<p><b>Sud\u0117tis<\/b>: vanduo, polipropilenglikolis, etilparabenas, propilparabenas, cetilpiridinas.<\/p>\n","protected":false},"featured_media":12205,"comment_status":"open","ping_status":"closed","template":"","meta":[],"product_brand":[],"product_cat":[172],"product_tag":[178],"class_list":{"0":"post-12340","1":"product","2":"type-product","3":"status-publish","4":"has-post-thumbnail","6":"product_cat-dregnos-serveteles","7":"product_tag-sauskelnes-pampersai","9":"first","10":"outofstock","11":"taxable","12":"shipping-taxable","13":"purchasable","14":"product-type-simple"},"tiered_pricing_type":"fixed","tiered_pricing_fixed_rules":[],"tiered_pricing_percentage_rules":[],"tiered_pricing_minimum":1,"tiered_pricing_roles_data":[],"_links":{"self":[{"href":"https:\/\/tanuko.lt\/lt\/wp-json\/wp\/v2\/product\/12340","targetHints":{"allow":["GET"]}}],"collection":[{"href":"https:\/\/tanuko.lt\/lt\/wp-json\/wp\/v2\/product"}],"about":[{"href":"https:\/\/tanuko.lt\/lt\/wp-json\/wp\/v2\/types\/product"}],"replies":[{"embeddable":true,"href":"https:\/\/tanuko.lt\/lt\/wp-json\/wp\/v2\/comments?post=12340"}],"version-history":[{"count":1,"href":"https:\/\/tanuko.lt\/lt\/wp-json\/wp\/v2\/product\/12340\/revisions"}],"predecessor-version":[{"id":12341,"href":"https:\/\/tanuko.lt\/lt\/wp-json\/wp\/v2\/product\/12340\/revisions\/12341"}],"wp:featuredmedia":[{"embeddable":true,"href":"https:\/\/tanuko.lt\/lt\/wp-json\/wp\/v2\/media\/12205"}],"wp:attachment":[{"href":"https:\/\/tanuko.lt\/lt\/wp-json\/wp\/v2\/media?parent=12340"}],"wp:term":[{"taxonomy":"product_brand","embeddable":true,"href":"https:\/\/tanuko.lt\/lt\/wp-json\/wp\/v2\/product_brand?post=12340"},{"taxonomy":"product_cat","embeddable":true,"href":"https:\/\/tanuko.lt\/lt\/wp-json\/wp\/v2\/product_cat?post=12340"},{"taxonomy":"product_tag","embeddable":true,"href":"https:\/\/tanuko.lt\/lt\/wp-json\/wp\/v2\/product_tag?post=12340"}],"curies":[{"name":"wp","href":"https:\/\/api.w.org\/{rel}","templated":true}]}}