{"id":12336,"date":"2024-03-20T09:58:54","date_gmt":"2024-03-20T09:58:54","guid":{"rendered":"https:\/\/tanuko.lt\/?post_type=product&#038;p=12336"},"modified":"2026-01-06T09:43:51","modified_gmt":"2026-01-06T09:43:51","slug":"moony-natural-dregnos-serveteles-jautriai-odai-50vnt","status":"publish","type":"product","link":"https:\/\/tanuko.lt\/lt\/product\/moony-natural-dregnos-serveteles-jautriai-odai-50vnt\/","title":{"rendered":"Moony Natural dr\u0117gnos servet\u0117l\u0117s ypa\u010d jautriai odai, 99% vanduo. 50vnt)"},"content":{"rendered":"","protected":false},"excerpt":{"rendered":"<p>\u201eMoony\u201d ypa\u010d jautriai odai dr\u0117gnos servet\u0117l\u0117s veiksmingai nuvalo, dr\u0117kina bei saugo odel\u0119. Dr\u0117gn\u0173 servet\u0117li\u0173 sud\u0117tyje yra 99% distiliuoto vandens, 1% antibakterini\u0173 ir prie\u0161u\u017edegimini\u0173 komponent\u0173. J\u0173 gamyboje nenaudojami kvapikliai, losjonai bei alkoholis.<\/p>\n<p>Servet\u0117l\u0117s itin mink\u0161tos ir \u0161velnios d\u0117l gamybai naudojamos mink\u0161tos med\u017eiagos, kurios strukt\u016bra pana\u0161i \u012f medviln\u0119. I\u0161oriniai servet\u0117li\u0173 sluoksniai mink\u0161ti lyg \u0161ilkas, o vidurinis sluoksnis puikiai sugeria ne\u0161varumus, tad \u0161vara ir \u0161velnumas garantuoti.<\/p>\n<p>Moony dr\u0117gnos servet\u0117l\u0117s specialiai sukurtos \u0161velnios k\u016bdiki\u0173 odos prie\u017ei\u016brai nuo pat j\u0173 pirm\u0173j\u0173 gyvenimo dien\u0173. Servet\u0117les galima naudoti nuolatos \u2013 kei\u010diant sauskelnes, valant od\u0105 ar atliekant kitas higienos proced\u016bras. Patogi plastikin\u0117 pakuot\u0117 \u2013 lengva i\u0161imti servet\u0117les. Taip pat d\u0117\u017eut\u0117je yra \u012fmontuotas mygtukas apa\u010dioje, leid\u017eiantis greitai i\u0161imti servet\u0117les, tai itin patogu tada, kai ma\u017e\u0117ja servet\u0117li\u0173 skai\u010dius. \u0160ios servet\u0117l\u0117s nedirgina odos, jose n\u0117ra alkoholio ir kvapi\u0173j\u0173 med\u017eiag\u0173.<\/p>\n<p>Moony dr\u0117gnos servet\u0117l\u0117s:<\/p>\n<p>\u2022 pagamintos i\u0161 akytos med\u017eiagos;<\/p>\n<p>\u2022 trij\u0173 sluoksni\u0173;<\/p>\n<p>\u2022 sud\u0117tyje neturi alkoholio ir kvapi\u0173j\u0173 med\u017eiag\u0173.<\/p>\n<p>D\u0117mesio:<\/p>\n<p>\u2022 nenaudoti ant \u017eaizd\u0173 ar \u0161alia j\u0173;<\/p>\n<p>\u2022 nebenaudoti atsiradus alergin\u0117ms reakcijoms;<\/p>\n<p>\u2022 nemesti \u012f tualet\u0105;<\/p>\n<p>\u2022 laikyti vietose, kuri\u0173 nepasiekia tiesioginiai saul\u0117s spinduliai ir auk\u0161ta temperat\u016bra.<\/p>\n","protected":false},"featured_media":12210,"comment_status":"open","ping_status":"closed","template":"","meta":[],"product_brand":[],"product_cat":[172],"product_tag":[178],"class_list":{"0":"post-12336","1":"product","2":"type-product","3":"status-publish","4":"has-post-thumbnail","6":"product_cat-dregnos-serveteles","7":"product_tag-sauskelnes-pampersai","9":"first","10":"outofstock","11":"taxable","12":"shipping-taxable","13":"purchasable","14":"product-type-simple"},"tiered_pricing_type":"fixed","tiered_pricing_fixed_rules":[],"tiered_pricing_percentage_rules":[],"tiered_pricing_minimum":1,"tiered_pricing_roles_data":[],"_links":{"self":[{"href":"https:\/\/tanuko.lt\/lt\/wp-json\/wp\/v2\/product\/12336","targetHints":{"allow":["GET"]}}],"collection":[{"href":"https:\/\/tanuko.lt\/lt\/wp-json\/wp\/v2\/product"}],"about":[{"href":"https:\/\/tanuko.lt\/lt\/wp-json\/wp\/v2\/types\/product"}],"replies":[{"embeddable":true,"href":"https:\/\/tanuko.lt\/lt\/wp-json\/wp\/v2\/comments?post=12336"}],"version-history":[{"count":2,"href":"https:\/\/tanuko.lt\/lt\/wp-json\/wp\/v2\/product\/12336\/revisions"}],"predecessor-version":[{"id":14250,"href":"https:\/\/tanuko.lt\/lt\/wp-json\/wp\/v2\/product\/12336\/revisions\/14250"}],"wp:featuredmedia":[{"embeddable":true,"href":"https:\/\/tanuko.lt\/lt\/wp-json\/wp\/v2\/media\/12210"}],"wp:attachment":[{"href":"https:\/\/tanuko.lt\/lt\/wp-json\/wp\/v2\/media?parent=12336"}],"wp:term":[{"taxonomy":"product_brand","embeddable":true,"href":"https:\/\/tanuko.lt\/lt\/wp-json\/wp\/v2\/product_brand?post=12336"},{"taxonomy":"product_cat","embeddable":true,"href":"https:\/\/tanuko.lt\/lt\/wp-json\/wp\/v2\/product_cat?post=12336"},{"taxonomy":"product_tag","embeddable":true,"href":"https:\/\/tanuko.lt\/lt\/wp-json\/wp\/v2\/product_tag?post=12336"}],"curies":[{"name":"wp","href":"https:\/\/api.w.org\/{rel}","templated":true}]}}