{"id":11533,"date":"2024-03-01T19:05:48","date_gmt":"2024-03-01T19:05:48","guid":{"rendered":"https:\/\/tanuko.lt\/?post_type=product&#038;p=11533"},"modified":"2026-04-16T20:05:09","modified_gmt":"2026-04-16T20:05:09","slug":"merries-japoniskos-sauskelnes-nb-iki-5-kg-76-6-vnt","status":"publish","type":"product","link":"https:\/\/tanuko.lt\/lt\/product\/merries-japoniskos-sauskelnes-nb-iki-5-kg-76-6-vnt\/","title":{"rendered":"MERRIES Sauskeln\u0117s NB (naujagimiams), 0-5 kg, 76+6 vnt."},"content":{"rendered":"<h2>Sauskeln\u0117s Merries NB (naujagimiams), 0-5 kg, 76+6 vnt.<\/h2>\n<p>MERRIES sauskeln\u0117s, populiar\u016bs pasirinkimas ne tik Japonijoje, bet ir Jungtin\u0117je Karalyst\u0117je bei visoje Europoje, u\u017eima pirmaujan\u010dias pozicijas d\u0117l savo i\u0161skirtini\u0173 savybi\u0173.<\/p>\n<p>Skiriamasis MERRIES bruo\u017eas \u2013 ypatingai efektyvus oro pralaidumas, kur\u012f u\u017etikrina trij\u0173 sluoksni\u0173 konstrukcija, garantuojanti optimali\u0105 oro cirkuliacij\u0105. D\u0117l unikalaus dizaino, leid\u017eian\u010dio oro srautui cirkuliuoti, perteklin\u0117 dr\u0117gm\u0117 ir \u0161iluma efektyviai pa\u0161alinami pro mikroporas i\u0161oriniame sluoksnyje, taip ma\u017einant odos sudirginim\u0173, b\u0117rim\u0173 bei paraudim\u0173, kurie kelia nepatogumus ma\u017eiesiems ir nerim\u0105 j\u0173 t\u0117vams.<\/p>\n<p>&nbsp;<\/p>\n<h4 style=\"text-align: center;\"><strong>Mink\u0161ta, komforti\u0161ka, be pratek\u0117jim\u0173!<\/strong><\/h4>\n<p>Lietuvoje itin m\u0117gstamos ekologi\u0161kos sauskeln\u0117s, atkeliavusios i\u0161 Japonijos! \u0160is patogus ir laisvus judesius u\u017etikrinantis produktas yra puikiai pritaikytas smalsiems ma\u017eyliams, tyrin\u0117jantiems did\u017eiul\u012f ir nepa\u017eint\u0105 pasaul\u012f, kuris pilnas \u012fdomi\u0173 atradim\u0173.<\/p>\n<p>Prad\u0117jusios nuo Japonijos vidaus rinkos, MERRIES sauskeln\u0117s laikui b\u0117gant tapo populiarios \u012fvairiose \u0161alyse. Tai n\u0117ra staigmena, kadangi \u0161is prek\u0117s \u017eenklas si\u016blo nepakartojam\u0105 naudojimo patirt\u012f ir vaikams, ir j\u0173 t\u0117vams. J\u0173 d\u0117ka jud\u0117jimas nevar\u017eomas ir nekeliamas diskomfortas besiformuojan\u010diai k\u016bdikio odai \u2013 b\u016btent to galima tik\u0117tis i\u0161 MERRIES.<\/p>\n<p><strong>Komfortas<\/strong> garantuojamas naudojant pakartotinai klijuojamus lipdukus, kurie ne tik patikimai fiksuoja, bet ir suteikia puik\u0173 oro pralaidum\u0105.<\/p>\n<p><strong>Oro cirkuliacija<\/strong> \u2013 sauskeln\u0117s yra trij\u0173 sluoksni\u0173 strukt\u016bros, kuri garantuoja optimal\u0173 oro pralaidum\u0105 ir cirkuliacij\u0105. Per mikroporas i\u0161oriniame sluoksnyje i\u0161garuoja perteklin\u0117 dr\u0117gm\u0117 ir \u0161iluma, tod\u0117l vaiko oda i\u0161lieka sausa ir neparaudusi.<\/p>\n<p><strong>Apsauga<\/strong> nuo pratek\u0117jim\u0173 \u2013 specialiai sukurta saugikli\u0173 sistema su papildomomis klost\u0117mis ma\u017eiausiems, u\u017etikrinanti, kad netik\u0117tas i\u0161skyros i\u0161likt\u0173 sauskeln\u0117s viduje, u\u017ekertant keli\u0105 pratek\u0117jimams.<\/p>\n<p><strong>\u0160velnumas<\/strong> \u2013 vidinis sauskelni\u0173 sluoksnis, pagamintas i\u0161 nat\u016bralios medviln\u0117s, yra itin mink\u0161tas ir \u0161velnus. Tai u\u017etikrina, kad audinys, glaud\u017eiai apgaubiantis k\u016bdikio jautrias ir besivystan\u010dias kojytes, puikiai priglunda, nedirgindamas odos.<\/p>\n<p><strong>Be pratek\u0117jim\u0173<\/strong> \u2013 sauskeln\u0117s, skirtos net ma\u017eiausiems naujagimiams, yra apr\u016bpintos specialiomis apsaugin\u0117mis klost\u0117mis. \u0160ios klost\u0117s funkcionuoja kaip prevencin\u0117s priemon\u0117s, automati\u0161kai i\u0161sipl\u0117sdamos sauskeln\u0117ms paruo\u0161iant naudoti, ir u\u017etikrina efektyvi\u0105 apsaug\u0105 prie\u0161 netik\u0117t\u0105 skys\u010di\u0173 pratek\u0117jim\u0105.<\/p>\n<p>&nbsp;<\/p>\n<h4 style=\"text-align: center;\"><strong>Kaip u\u017ed\u0117ti ir naudoti?<\/strong><\/h4>\n<p><strong>1 \u017eingsnis<\/strong><\/p>\n<ul>\n<li>Sauskelni\u0173 pus\u0117 su juostomis tur\u0117t\u0173 b\u016bti u\u017ed\u0117ta ant ma\u017eylio nugaros.<\/li>\n<li>Tuomet i\u0161skleiskite sauskelni\u0173 por\u0105 pla\u010diau, paki\u0161dami galin\u0119 dal\u012f po ma\u017eylio nugara tiek, kad vir\u0161us siekt\u0173 juosmen\u012f.<\/li>\n<li>Svarbu: ki\u0161dami galin\u0119 sauskelni\u0173 dal\u012f po ma\u017eylio nugara, b\u016btinai patikrinkite, kad \u0161i dalis nedengt\u0173 bambos.<\/li>\n<\/ul>\n<p><strong>2 \u017eingsnis<\/strong><\/p>\n<ul>\n<li>I\u0161traukite prie sauskelni\u0173 vir\u0161aus pritvirtint\u0105 lipni\u0105 juostel\u0119 (j\u0173 yra po vien\u0105 kiekviename \u0161one).<\/li>\n<li>\u012esitikinkite, kad juostel\u0117 tvirtai laikosi.<\/li>\n<li>D\u0117l to, kad ji gali b\u016bti per daug \u012ftempta, nerimauti nereik\u0117t\u0173: u\u017ed\u0117jus sauskelnes, visos detal\u0117s puikiais prisitaikys prie ma\u017eylio k\u016bno form\u0173.<\/li>\n<li>Patikrinkite, ar abi sauskleni\u0173 juostel\u0117s yra u\u017eklijuotos simetri\u0161kai \u2013 tai b\u016btina ma\u017eylio patogumui bei produkto nepralaidumui.<\/li>\n<\/ul>\n<p>&nbsp;<\/p>\n<h4 style=\"text-align: center;\"><strong>Svarbu \u017einoti<\/strong><\/h4>\n<ul>\n<li>Tinkamas sauskelni\u0173 dydis pasirenkamas pagal ma\u017eylio svor\u012f.<\/li>\n<li>Kadangi k\u016bdikio forma kinta ir d\u0117l augan\u010di\u0173 kaul\u0173 strukt\u016bros, svarbu steb\u0117ti \u0161i\u0105 kait\u0105 tam, kad perkamas produktas idealiai atitikt\u0173 k\u016bno linijas bei nepalikt\u0173 nereikaling\u0173 tarpeli\u0173 u\u017ed\u0117jus sauskelnes.<\/li>\n<li>Svarbu steb\u0117ti vaiku\u010dio jud\u0117jimo \u012fpro\u010dius: ne visos sauskeln\u0117s tinka s\u0117dintiems, stovintiems ar ropojantiems ma\u017eyliams.<\/li>\n<li>Sauskelni\u0173 dyd\u012f reik\u0117t\u0173 keisti \u012f didesn\u012f, atsiradus bet kuriam i\u0161 \u0161i\u0173 po\u017eymi\u0173.<\/li>\n<li style=\"list-style-type: none;\">\n<ul>\n<li style=\"list-style-type: none;\">\n<ul>\n<li>i\u0161sitamp\u0119 sauskeln\u0117s fiksuojantys \u0161oniniai lipdukai.<\/li>\n<li>netik\u0117tai atsirad\u0119s i\u0161skyr\u0173 pratek\u0117jimas i\u0161 sauskelni\u0173.<\/li>\n<li>nuospaud\u0173 \u017eym\u0117s ant ma\u017eylio k\u016bno.<\/li>\n<\/ul>\n<\/li>\n<\/ul>\n<\/li>\n<\/ul>\n<p>&nbsp;<\/p>\n<h4 style=\"text-align: center;\"><strong>Sud\u0117tis<\/strong><\/h4>\n<p>MERRIES sauskeln\u0117s gaminamos tik i\u0161 nat\u016brali\u0173 med\u017eiag\u0173 (medviln\u0117s, popieriaus) bei nenaudojant joki\u0173 papildom\u0173 konservant\u0173 ar kvapikli\u0173.<\/p>\n<p>&nbsp;<\/p>\n<h4 style=\"text-align: center;\"><strong>Galiojimo laikas<\/strong><\/h4>\n<p>Sauskelni\u0173 galiojimo laikas \u2013 3 metai nuo pagaminimo datos.<br \/>\nJi randama sauskelni\u0173 pakuot\u0117s apa\u010dioje.<br \/>\nPagaminimo data \u017eymima \u0161ia seka: ****(metai)**(m\u0117nuo)**(diena)<br \/>\n<strong>Numerio paskutiniai keturi skaitmenys neturi \u012ftakos pagaminimo datai.<\/strong><\/p>\n","protected":false},"excerpt":{"rendered":"<p>\u2022 I\u0161orinis sauskelni\u0173 sluoksnis kv\u0117puoja.<\/p>\n<p>\u2022 Sugeriantis sluoksnis platus ir plasti\u0161kas.<\/p>\n<p>\u2022 Nevar\u017eo judesi\u0173, nespaud\u017eia pilvuko ir kojy\u010di\u0173.<\/p>\n<p>\u2022 Dvigubos apsaugin\u0117s klost\u0117s apsaugo nuo pratek\u0117jimo, bet nesukelia nepatogumo jausmo.<\/p>\n<p>\u2022 Turi indikatori\u0173, kuris parodo, kad laikas keisti sauskelnes.<\/p>\n<p>\u2022 Komforti\u0161kos, leid\u017eian\u010dios nevar\u017eomai jud\u0117ti.<\/p>\n","protected":false},"featured_media":12213,"comment_status":"open","ping_status":"closed","template":"","meta":[],"product_brand":[],"product_cat":[122],"product_tag":[131,178],"class_list":{"0":"post-11533","1":"product","2":"type-product","3":"status-publish","4":"has-post-thumbnail","6":"product_cat-0-5-kg","7":"product_tag-diapers","8":"product_tag-sauskelnes-pampersai","10":"first","11":"instock","12":"sale","13":"taxable","14":"shipping-taxable","15":"purchasable","16":"product-type-simple"},"tiered_pricing_type":"fixed","tiered_pricing_fixed_rules":[],"tiered_pricing_percentage_rules":[],"tiered_pricing_minimum":1,"tiered_pricing_roles_data":[],"_links":{"self":[{"href":"https:\/\/tanuko.lt\/lt\/wp-json\/wp\/v2\/product\/11533","targetHints":{"allow":["GET"]}}],"collection":[{"href":"https:\/\/tanuko.lt\/lt\/wp-json\/wp\/v2\/product"}],"about":[{"href":"https:\/\/tanuko.lt\/lt\/wp-json\/wp\/v2\/types\/product"}],"replies":[{"embeddable":true,"href":"https:\/\/tanuko.lt\/lt\/wp-json\/wp\/v2\/comments?post=11533"}],"version-history":[{"count":23,"href":"https:\/\/tanuko.lt\/lt\/wp-json\/wp\/v2\/product\/11533\/revisions"}],"predecessor-version":[{"id":12970,"href":"https:\/\/tanuko.lt\/lt\/wp-json\/wp\/v2\/product\/11533\/revisions\/12970"}],"wp:featuredmedia":[{"embeddable":true,"href":"https:\/\/tanuko.lt\/lt\/wp-json\/wp\/v2\/media\/12213"}],"wp:attachment":[{"href":"https:\/\/tanuko.lt\/lt\/wp-json\/wp\/v2\/media?parent=11533"}],"wp:term":[{"taxonomy":"product_brand","embeddable":true,"href":"https:\/\/tanuko.lt\/lt\/wp-json\/wp\/v2\/product_brand?post=11533"},{"taxonomy":"product_cat","embeddable":true,"href":"https:\/\/tanuko.lt\/lt\/wp-json\/wp\/v2\/product_cat?post=11533"},{"taxonomy":"product_tag","embeddable":true,"href":"https:\/\/tanuko.lt\/lt\/wp-json\/wp\/v2\/product_tag?post=11533"}],"curies":[{"name":"wp","href":"https:\/\/api.w.org\/{rel}","templated":true}]}}