{"id":11503,"date":"2024-03-01T18:26:50","date_gmt":"2024-03-01T18:26:50","guid":{"rendered":"https:\/\/tanuko.lt\/?post_type=product&#038;p=11503"},"modified":"2026-04-09T04:58:02","modified_gmt":"2026-04-09T04:58:02","slug":"naktines-sauskelnes-kelnaites-moony-l-berniukams","status":"publish","type":"product","link":"https:\/\/tanuko.lt\/lt\/product\/naktines-sauskelnes-kelnaites-moony-l-berniukams\/","title":{"rendered":"Naktin\u0117s sauskeln\u0117s-kelnait\u0117s Moony L (Berniukams) 9-14 kg, 30 vnt."},"content":{"rendered":"<h2><strong>Naktin\u0117s sauskeln\u0117s kelnait\u0117s Moony L (Berniukams) 9-14 kg, 30 vnt.<\/strong><\/h2>\n<p>Moony naktin\u0117s sauskeln\u0117s \u2013 tai auk\u0161tos kokyb\u0117s japoni\u0161kos sauskeln\u0117s, skirtos patogiam ir sausam miegui. Jos pagamintos i\u0161 \u0161velnios, odai draugi\u0161kos medviln\u0117s, turi dr\u0117gm\u0117s indikatori\u0173 ir puikiai prisitaiko prie vaiko k\u016bno. Bekvap\u0117s ir hipoalergin\u0117s, u\u017etikrina saugum\u0105 ir komfort\u0105 nakties metu.<\/p>\n<h3><strong>MOONY \u2013 t\u0117v\u0173 ir vaik\u0173 Lietuvoje patikimas pasirinkimas, laiko patikrintas.<\/strong><\/h3>\n<p>&nbsp;<\/p>\n<ul>\n<li>Japoni\u0161k\u0173 sauskelni\u0173-kelnai\u010di\u0173 gamybai pasitelkiamos tik saugios ir auk\u0161\u010diausios kokyb\u0117s med\u017eiagos, atsisakant formaldehido (kuris sukelia alergij\u0105 daugeliui vaik\u0173), ftalat\u0173 ir chloro jungini\u0173 \u2013 tai patvirtina sauskelni\u0173 nat\u016bralus kvapas. MOONY naktin\u0117s sauskeln\u0117s-kelnait\u0117s yra bekvap\u0117s, nesud\u0117tyje n\u0117ra joki\u0173 dirbtini\u0173 kvap\u0173, skirt\u0173 nusl\u0117pti cheminius aromatus.<\/li>\n<li>Vidaus pus\u0117 MOONY naktini\u0173 sauskelni\u0173-kelnai\u010di\u0173 yra sukurta i\u0161 ypa\u010d \u0161velnios, \u0161ilko \u0161velnumo medviln\u0117s, kuri nekelia diskomforto ir nepa\u017eeid\u017eia vaiko jautrios odos.<\/li>\n<li>Dr\u0117gm\u0117s indikatorius naktin\u0117se sauskeln\u0117se-kelnait\u0117se t\u0117vams signalizuoja keitimo b\u016btinyb\u0119 &#8211; indikatoriaus spalva nuo geltonos per\u0117jus \u012f m\u0117lyn\u0105 rodo, kad sauskeln\u0117s-kelnait\u0117s yra pilnos.<\/li>\n<li>Lanks\u010dios MOONY naktini\u0173 sauskelni\u0173-kelnai\u010di\u0173 juostos ir \u0161oniniai apsauginiai lankeliai garantuoja puik\u0173 sauskelni\u0173 prisitaikym\u0105 prie vaiko k\u016bno ir neleid\u017eia skys\u010diams prasiskverbti.<\/li>\n<li>MOONY naktin\u0117s sauskeln\u0117s-kelnait\u0117s yra pritaikytos atsi\u017evelgiant \u012f berniuk\u0173 anatomij\u0105, tod\u0117l jos suteikia auk\u0161\u010diausi\u0105 absorbcijos lyg\u012f ten, kur vaikas \u0161lapinasi.<\/li>\n<\/ul>\n<p>&nbsp;<\/p>\n<h3 style=\"text-align: center;\"><strong>Kaip u\u017ed\u0117ti ir naudoti?<\/strong><\/h3>\n<ul>\n<li>Rankomis i\u0161tempkite sauskelni\u0173 liemen\u012f taip, kad atsirast\u0173 vietos vaikui \u012fki\u0161ti koj\u0105.<\/li>\n<li>Vaiko kojas, vien\u0105 po kitos ki\u0161kite \u012f sauskeln\u0117se-kelnait\u0117se paruo\u0161tas skyles kojoms.<\/li>\n<li>Pa\u0117m\u0119 u\u017e liemens, sauskelnes-kelnaites kelkite \u012f vir\u0161\u0173, kol jos priglus prie liemens.<\/li>\n<li>Patikrinkite ar sauskelni\u0173 viduje esan\u010dios apsaugin\u0117s klost\u0117s i\u0161siskleidusios \u012f i\u0161or\u0119.<\/li>\n<\/ul>\n<h3 style=\"text-align: center;\"><strong>Sud\u0117tis<\/strong><\/h3>\n<p>MOONY sauskeln\u0117s gaminamos i\u0161 nat\u016bralios ir plonos med\u017eiagos \u2013 tai leid\u017eia vaiku\u010dio odai kv\u0117puoti bei suteikia daugiau jud\u0117jimo laisv\u0117s nei \u012fprastos sauskeln\u0117s.<\/p>\n<h3><\/h3>\n<h3 style=\"text-align: center;\"><strong>Galiojimo laikas<\/strong><\/h3>\n<p>Sauskelni\u0173 galiojimo laikas \u2013 3 metai nuo pagaminimo datos.<\/p>\n<p>Ji randama sauskelni\u0173 pakuot\u0117s apa\u010dioje.<\/p>\n<p>Pagaminimo data \u017eymima \u0161ia seka: ****(metai)**(m\u0117nuo)**(diena)<\/p>\n<p><strong>Numerio paskutiniai keturi skaitmenys neturi \u012ftakos pagaminimo datai.<\/strong><\/p>\n","protected":false},"excerpt":{"rendered":"<p><span style=\"color: #333333; font-size: 16px;\">\u2022 Alergen\u0173 neturin\u010dios, \u0161velnaus ir nat\u016bralaus pluo\u0161to sauskeln\u0117s.<\/span><\/p>\n<div class=\"wp-video\">\n<div id=\"mep_0\" class=\"mejs-container mejs-container-keyboard-inactive wp-video-shortcode mejs-video\" tabindex=\"0\" role=\"application\" aria-label=\"Video grotuvas\">\n<div class=\"mejs-inner\">\n<p>\u2022 \u0160velni, nat\u016brali med\u017eiaga ir idealus prigludimas prie vaiko k\u016bno form\u0173.<\/p>\n<p>\u2022 Indikatorius \u2013 juostel\u0117 \u012fsp\u0117ja, kada keisti sauskelnes.<\/p>\n<p>\u2022 Dvigubi apsauginiai sluoksniai.<\/p>\n<p>\u2022 Komforti\u0161kos, leid\u017eian\u010dios nevar\u017eomai jud\u0117ti<\/p>\n<p>\u2022 Laidus orui i\u0161orinis sluoksnis.<\/p>\n<p>\u2022 Puikiai sugeriantis sluoksnis, nekontaktuojantis su ma\u017eylio od\u0117le.<\/p>\n<\/div>\n<\/div>\n<\/div>\n","protected":false},"featured_media":11508,"comment_status":"open","ping_status":"closed","template":"","meta":[],"product_brand":[],"product_cat":[125],"product_tag":[131,178],"class_list":{"0":"post-11503","1":"product","2":"type-product","3":"status-publish","4":"has-post-thumbnail","6":"product_cat-9-14-kg","7":"product_tag-diapers","8":"product_tag-sauskelnes-pampersai","10":"first","11":"instock","12":"sale","13":"taxable","14":"shipping-taxable","15":"purchasable","16":"product-type-simple"},"tiered_pricing_type":"percentage","tiered_pricing_fixed_rules":[],"tiered_pricing_percentage_rules":[],"tiered_pricing_minimum":1,"tiered_pricing_roles_data":[],"_links":{"self":[{"href":"https:\/\/tanuko.lt\/lt\/wp-json\/wp\/v2\/product\/11503","targetHints":{"allow":["GET"]}}],"collection":[{"href":"https:\/\/tanuko.lt\/lt\/wp-json\/wp\/v2\/product"}],"about":[{"href":"https:\/\/tanuko.lt\/lt\/wp-json\/wp\/v2\/types\/product"}],"replies":[{"embeddable":true,"href":"https:\/\/tanuko.lt\/lt\/wp-json\/wp\/v2\/comments?post=11503"}],"version-history":[{"count":8,"href":"https:\/\/tanuko.lt\/lt\/wp-json\/wp\/v2\/product\/11503\/revisions"}],"predecessor-version":[{"id":14617,"href":"https:\/\/tanuko.lt\/lt\/wp-json\/wp\/v2\/product\/11503\/revisions\/14617"}],"wp:featuredmedia":[{"embeddable":true,"href":"https:\/\/tanuko.lt\/lt\/wp-json\/wp\/v2\/media\/11508"}],"wp:attachment":[{"href":"https:\/\/tanuko.lt\/lt\/wp-json\/wp\/v2\/media?parent=11503"}],"wp:term":[{"taxonomy":"product_brand","embeddable":true,"href":"https:\/\/tanuko.lt\/lt\/wp-json\/wp\/v2\/product_brand?post=11503"},{"taxonomy":"product_cat","embeddable":true,"href":"https:\/\/tanuko.lt\/lt\/wp-json\/wp\/v2\/product_cat?post=11503"},{"taxonomy":"product_tag","embeddable":true,"href":"https:\/\/tanuko.lt\/lt\/wp-json\/wp\/v2\/product_tag?post=11503"}],"curies":[{"name":"wp","href":"https:\/\/api.w.org\/{rel}","templated":true}]}}