{"id":11491,"date":"2024-03-01T18:20:38","date_gmt":"2024-03-01T18:20:38","guid":{"rendered":"https:\/\/tanuko.lt\/?post_type=product&#038;p=11491"},"modified":"2026-01-05T17:25:17","modified_gmt":"2026-01-05T17:25:17","slug":"sauskelnes-moony-natural-m-6-11-kg-46-vnt","status":"publish","type":"product","link":"https:\/\/tanuko.lt\/lt\/product\/sauskelnes-moony-natural-m-6-11-kg-46-vnt\/","title":{"rendered":"MOONY Natural Sauskeln\u0117s, M 6-11 kg, 46 vnt."},"content":{"rendered":"<h2>Sauskeln\u0117s Moony Natural, M 6-11 kg, 46 vnt.<\/h2>\n<p>Moony Natural sauskeln\u0117s \u2013 tai tikra revoliucija i\u0161 japon\u0173 kompanijos Unicharm. Jos lyg sukurtos paties gamtos. Pavadinimas \u201cNatural\u201d jau savaime kelia l\u016bkes\u010dius.<\/p>\n<p>Moony Natural sud\u0117tyje yra pa\u010dios subtiliausios organin\u0117s medviln\u0117s! Sauskelni\u0173 sluoksnis, kuris tiesiogiai lie\u010diasi su k\u016bdikio oda, dabar yra visi\u0161kai augalin\u0117s kilm\u0117s, be joki\u0173 mineralini\u0173 aliej\u0173, su ma\u017eu r\u016bg\u0161tingumo lygiu \u2013 tokiu pat kaip ir k\u016bdikio odel\u0117. Jis puikiai i\u0161laiko r\u016bg\u0161\u010di\u0173-\u0161arm\u0173 balans\u0105 net tu\u0161tinimosi metu, subtiliai apsaugodamas k\u016bdik\u012f nuo sauskelni\u0173 b\u0117rim\u0173, paraudim\u0173 ir alergini\u0173 reakcij\u0173.<\/p>\n<p>&nbsp;<\/p>\n<ul>\n<li>Moony Natural\u201d sauskeln\u0117se naudojami trys nat\u016bral\u016bs augalini\u0173 aliej\u0173 tipai, kurie efektyviai dr\u0117kina ir turi prie\u0161u\u017edegimin\u012f poveik\u012f. Tai yra alyvuogi\u0173, jojobos ir ry\u017ei\u0173 aliejai, derinami optimaliomis proporcijomis.<\/li>\n<li>Sauskelni\u0173 vir\u0161utinis sluoksnis, pagamintas be pried\u0173 ir \u017ealing\u0173 med\u017eiag\u0173, u\u017etikrina jautriai odai saugum\u0105. \u0160i\u0173 sauskelni\u0173 sud\u0117tyje, patvirtintoje pagal \u201cSTANDARD 100 by OEKO-TEX\u00ae\u201d standart\u0105, n\u0117ra naftos aliej\u0173, kvapi\u0173j\u0173 med\u017eiag\u0173, latekso ar sintetini\u0173 da\u017eikli\u0173.<\/li>\n<li>Nesukelia alergijos.<\/li>\n<\/ul>\n<picture class=\"alignnone size-medium wp-image-4748\">\u00a0<\/picture><picture class=\"alignnone size-full wp-image-4827\">\u00a0<\/picture>\n<h4><strong>Sertifikuotos<\/strong><\/h4>\n<p>Sertifikatas \u201cSTANDARD 100 by OEKO-TEX\u00ae\u201d yra pasaulin\u0117s reik\u0161m\u0117s \u017eenklas, patvirtinantis, kad sauskeln\u0117s yra gaminamos be kenksming\u0173 med\u017eiag\u0173. Tai u\u017etikrina saugum\u0105 tiek \u017emon\u0117ms dabar, tiek ateityje! Be to, Unicharm yra Japonijos organin\u0117s medviln\u0117s asociacijos sertifikuotas narys.<\/p>\n<h4><strong>Naujos technologijos ir idealus dizainas<\/strong><\/h4>\n<p>Japonai pristato naujausias technologijas ir puik\u0173 dizain\u0105. \u201cMoony Natural NB\u201d sauskeln\u0117se yra \u012fvairi\u0173 tekst\u016br\u0173. Priekin\u0117je dalyje matome smulki\u0173 grioveli\u0173 strukt\u016br\u0105, o u\u017epakalin\u0117je k\u016bdikio zon\u0117je yra special\u016bs \u012fdubimai ir i\u0161kilimai, kurie u\u017etikrina patikim\u0105 skyst\u0173 i\u0161mat\u0173 sulaikym\u0105 ir palaiko k\u016bdikio od\u0105 \u0161vari\u0105.<\/p>\n<h4><strong>I\u0161pjova bambutei<\/strong><\/h4>\n<p>Yra tik sauskeln\u0117se naujagimiams (nuo 0 iki 5 kg). I\u0161pjova bambai sukurta taip, kad neu\u017ekabint\u0173 ir netraumuot\u0173 dar neu\u017egijusios k\u016bdikio bambut\u0117s.<\/p>\n<h4><strong>Labai mink\u0161tos ir kv\u0117puojan\u010dios<\/strong><\/h4>\n<p>Mink\u0161tesni u\u017e \u0161ilk\u0105 \u2013 tai Moony Natural NB sauskelni\u0173 savyb\u0117. J\u0173 organin\u0117 sud\u0117tis kartu su ypatinga vidine \u201evaflin\u0117\u201c strukt\u016bra suteikia puiki\u0105 oro cirkuliacij\u0105. \u012edomu tai, kad netgi Moony Natural lipdukai ir tvirtinimo juostel\u0117 yra pralaid\u016bs orui. D\u0117l \u0161ios prie\u017easties vaikai, naudojantys \u0161ias sauskelnes, neturi alergij\u0173, sauskelni\u0173 b\u0117rim\u0173, kar\u0161\u010dio b\u0117rim\u0173 ar dirgiklio reakcij\u0173.<\/p>\n<h4><strong>Puikus sugeriamumas<\/strong><\/h4>\n<p>Moony Natural sauskelni\u0173 efektyvumas yra tiesiog nuostabus \u2013 jos greitai sugeria ir i\u0161laiko didel\u012f dr\u0117gm\u0117s kiek\u012f. Nepaprastai stebina tai, kad j\u0173 pavir\u0161ius taip pat beveik per kelias sekundes i\u0161d\u017ei\u016bsta, lygiai kaip k\u016bdikio oda.<\/p>\n<h4><strong>Mink\u0161tos, tamprios ir patvarios elastin\u0117s juostos<\/strong><\/h4>\n<p>Soft Retch med\u017eiaga, kuri\u0105 Moony naudoja savo sauskelni\u0173 juostose, yra i\u0161skirtin\u0117 ir lanksti kaip plonas trikota\u017eas. Tai leid\u017eia sauskeln\u0117ms \u0161velniai apsikabinti k\u016bdikio juosmen\u012f ir kojas, nepaliekant joki\u0173 \u017eymi\u0173 ant odos.<\/p>\n<h4 style=\"text-align: left;\"><strong>Tyl\u016bs ir patvar\u016bs lipdukai<\/strong><\/h4>\n<p>Moony Natural sauskelni\u0173 u\u017esegimai i\u0161laiko lipnum\u0105 net ir atsegti daug kart\u0173. Jie taip pat visi\u0161kai tyl\u016bs \u2013 galima pakeisti sauskelnes, netrikdant vaik\u0105 saldaus miego.<\/p>\n<h4><strong>Dr\u0117gm\u0117s indikatorius<\/strong><\/h4>\n<p>Moony Natural sauskelni\u0173 u\u017esegimai puikiai i\u0161laiko lipnum\u0105 net ir po daugelio atsikabinim\u0173. Be to, jie yra visi\u0161kai tyl\u016bs, leid\u017eiantys pakeisti sauskelnes, neprikeldami vaikui i\u0161 saldaus miego.<\/p>\n<p>&nbsp;<\/p>\n<h4 style=\"text-align: center;\"><strong>Kaip u\u017ed\u0117ti ir naudoti?<\/strong><\/h4>\n<p><strong>1 \u017eingsnis<\/strong><\/p>\n<ul>\n<li>Sauskelni\u0173 pus\u0117 su juostomis tur\u0117t\u0173 b\u016bti u\u017ed\u0117ta ant ma\u017eylio nugaros.<\/li>\n<li>Tuomet i\u0161skleiskite sauskelni\u0173 por\u0105 pla\u010diau, paki\u0161dami galin\u0119 dal\u012f po ma\u017eylio nugara tiek, kad vir\u0161us siekt\u0173 juosmen\u012f.<\/li>\n<li>Svarbu: ki\u0161dami galin\u0119 sauskelni\u0173 dal\u012f po ma\u017eylio nugara, b\u016btinai patikrinkite, kad \u0161i dalis nedengt\u0173 bambos.<\/li>\n<\/ul>\n<p><strong>2 \u017eingsnis:<\/strong><\/p>\n<ul>\n<li>I\u0161traukite prie sauskelni\u0173 vir\u0161aus pritvirtint\u0105 lipni\u0105 juostel\u0119 (j\u0173 yra po vien\u0105 kiekviename \u0161one).<\/li>\n<li>\u012esitikinkite, kad juostel\u0117 tvirtai laikosi.<\/li>\n<li>D\u0117l to, kad ji gali b\u016bti per daug \u012ftempta, nerimauti nereik\u0117t\u0173: u\u017ed\u0117jus sauskelnes, visos detal\u0117s puikiais prisitaikys prie ma\u017eylio k\u016bno form\u0173.<\/li>\n<li>Patikrinkite, ar abi sauskleni\u0173 juostel\u0117s yra u\u017eklijuotos simetri\u0161kai \u2013 tai b\u016btina ma\u017eylio patogumui bei produkto nepralaidumui.<\/li>\n<\/ul>\n<p>&nbsp;<\/p>\n<h4 style=\"text-align: center;\"><strong>Sud\u0117tis<\/strong><\/h4>\n<p>NATURAL MOONY sauskeln\u0117s yra gaminamos i\u0161 organin\u0117s medviln\u0117s. Be k\u016bnui malonios med\u017eiagos, k\u016bdikio od\u0105 visada dr\u0117kins ir apsaugos 3 r\u016b\u0161i\u0173 nat\u016bral\u016bs aliejai. Gamybos procese nenaudojami alergij\u0105 sukeliantys naftos produktai ar konservantai.<\/p>\n<p>&nbsp;<\/p>\n<h4 style=\"text-align: center;\"><strong>Galiojimo laikas<\/strong><\/h4>\n<p>Sauskelni\u0173 galiojimo laikas \u2013 3 metai nuo pagaminimo datos.<\/p>\n<p>Ji randama sauskelni\u0173 pakuot\u0117s apa\u010dioje.<\/p>\n<p>Pagaminimo data \u017eymima \u0161ia seka: ****(metai)**(m\u0117nuo)**(diena)<\/p>\n<p><strong>Numerio paskutiniai keturi skaitmenys neturi \u012ftakos pagaminimo datai.<\/strong><\/p>\n","protected":false},"excerpt":{"rendered":"<div class=\"wp-video\">\n<div id=\"mep_0\" class=\"mejs-container mejs-container-keyboard-inactive wp-video-shortcode mejs-video\" tabindex=\"0\" role=\"application\" aria-label=\"Video grotuvas\">\n<div class=\"mejs-inner\">\n<p>\u2022 Sud\u0117tyje yra 100% organin\u0117s medviln\u0117s.<\/p>\n<p>\u2022 Alergen\u0173 neturin\u010dios, \u0161velnaus ir nat\u016bralaus pluo\u0161to sauskeln\u0117s.<\/p>\n<p>\u2022 \u0160velni, nat\u016brali med\u017eiaga ir idealus prigludimas prie vaiko k\u016bno form\u0173.<\/p>\n<p>\u2022 Indikatorius \u2013 juostel\u0117 \u012fsp\u0117ja, kada keisti sauskelnes.<\/p>\n<p>\u2022 Dvigubi apsauginiai sluoksniai.<\/p>\n<p>\u2022 Komforti\u0161kos, leid\u017eian\u010dios nevar\u017eomai jud\u0117ti.<\/p>\n<p>\u2022 Laidus orui i\u0161orinis sluoksnis.<\/p>\n<p>\u2022 Puikiai sugeriantis sluoksnis, nekontaktuojantis su ma\u017eylio od\u0117le.<\/p>\n<\/div>\n<\/div>\n<\/div>\n","protected":false},"featured_media":11530,"comment_status":"closed","ping_status":"closed","template":"","meta":[],"product_brand":[],"product_cat":[124],"product_tag":[131,178],"class_list":{"0":"post-11491","1":"product","2":"type-product","3":"status-publish","4":"has-post-thumbnail","6":"product_cat-6-11-kg","7":"product_tag-diapers","8":"product_tag-sauskelnes-pampersai","10":"first","11":"outofstock","12":"sale","13":"taxable","14":"shipping-taxable","15":"purchasable","16":"product-type-simple"},"tiered_pricing_type":"percentage","tiered_pricing_fixed_rules":[],"tiered_pricing_percentage_rules":[],"tiered_pricing_minimum":1,"tiered_pricing_roles_data":[],"_links":{"self":[{"href":"https:\/\/tanuko.lt\/lt\/wp-json\/wp\/v2\/product\/11491","targetHints":{"allow":["GET"]}}],"collection":[{"href":"https:\/\/tanuko.lt\/lt\/wp-json\/wp\/v2\/product"}],"about":[{"href":"https:\/\/tanuko.lt\/lt\/wp-json\/wp\/v2\/types\/product"}],"replies":[{"embeddable":true,"href":"https:\/\/tanuko.lt\/lt\/wp-json\/wp\/v2\/comments?post=11491"}],"version-history":[{"count":11,"href":"https:\/\/tanuko.lt\/lt\/wp-json\/wp\/v2\/product\/11491\/revisions"}],"predecessor-version":[{"id":12976,"href":"https:\/\/tanuko.lt\/lt\/wp-json\/wp\/v2\/product\/11491\/revisions\/12976"}],"wp:featuredmedia":[{"embeddable":true,"href":"https:\/\/tanuko.lt\/lt\/wp-json\/wp\/v2\/media\/11530"}],"wp:attachment":[{"href":"https:\/\/tanuko.lt\/lt\/wp-json\/wp\/v2\/media?parent=11491"}],"wp:term":[{"taxonomy":"product_brand","embeddable":true,"href":"https:\/\/tanuko.lt\/lt\/wp-json\/wp\/v2\/product_brand?post=11491"},{"taxonomy":"product_cat","embeddable":true,"href":"https:\/\/tanuko.lt\/lt\/wp-json\/wp\/v2\/product_cat?post=11491"},{"taxonomy":"product_tag","embeddable":true,"href":"https:\/\/tanuko.lt\/lt\/wp-json\/wp\/v2\/product_tag?post=11491"}],"curies":[{"name":"wp","href":"https:\/\/api.w.org\/{rel}","templated":true}]}}