{"id":11463,"date":"2024-03-01T12:09:03","date_gmt":"2024-03-01T12:09:03","guid":{"rendered":"https:\/\/tanuko.lt\/?post_type=product&#038;p=11463"},"modified":"2026-02-24T15:36:17","modified_gmt":"2026-02-24T15:36:17","slug":"sauskelnes-kelnaites-moony-l-mergaitems-9-14-kg-44-vnt","status":"publish","type":"product","link":"https:\/\/tanuko.lt\/lt\/product\/sauskelnes-kelnaites-moony-l-mergaitems-9-14-kg-44-vnt\/","title":{"rendered":"MOONY Sauskeln\u0117s-Kelnait\u0117s L (Mergait\u0117ms) 9-14 kg, 44 vnt."},"content":{"rendered":"<h2>Moony Sauskeln\u0117s-Kelnait\u0117s L (Mergait\u0117ms) 9-14 kg, 44 vnt.<\/h2>\n<h4><strong>MOONY \u2013 t\u0117v\u0173 ir vaik\u0173 Lietuvoje patikimas pasirinkimas, laiko patikrintas.<\/strong><\/h4>\n<p>\u2022 Nat\u016brali, \u0161velni med\u017eiaga u\u017etikrina k\u016bdikiui maksimal\u0173 komfort\u0105 ir prigludim\u0105. Elastingos sauskelni\u0173 savyb\u0117s suteikia laisvum\u0105 jud\u0117ti ir apsaug\u0105 nuo pratek\u0117jim\u0173, o tai ramina t\u0117vus netik\u0117t\u0173 situacij\u0173 atveju.<\/p>\n<p>\u2022 Unikali vidin\u0117 sug\u0117rimo sistema suteikia galimyb\u0119 jaustis patogiai ir saugiai visose situacijose.<\/p>\n<p>\u2022 Spalvinis dr\u0117gm\u0117s indikatorius yra puikus \u012frankis, kuris tiksliai signalizuoja, kada reikia pakeisti sauskelnes.<\/p>\n<p>\u2022 D\u0117l sauskelni\u0173 med\u017eiagoje esan\u010di\u0173 mikropor\u0173 ir j\u0173 u\u017etikrinamo pralaidumo k\u016bdikio oda visada i\u0161liks sausa bei neperkaista.<\/p>\n<p>\u2022 MOONY pasirinkimas yra draugi\u0161kas aplinkai ir jautriai ma\u017eylio odai. \u012evair\u016bs dyd\u017eiai leid\u017eia rasti tinkam\u0105 sprendim\u0105 visiems am\u017eiams.<\/p>\n<p>\u2022 Kv\u0117puojan\u010dios. Patentuotas i\u0161skirtinis dizainas ir med\u017eiagos, i\u0161 kuri\u0173 pagamintos Moony sauskelnes-kelnait\u0117s, leid\u017eia orui laisvai cirkuliuoti \u012f abi puses. K\u016bdikio oda i\u0161lieka sausa, apsaugota nuo dirginimo, kar\u0161\u010dio b\u0117rimo ir alergijos.<\/p>\n<p>\u2022 Rinkit\u0117s tarp tradicini\u0173 i\u0161lankstom\u0173 sauskelni\u0173 su lipdukais arba modernesni\u0173 sauskelni\u0173-kelnai\u010di\u0173, lengvai pritaikom\u0173 judresniems k\u016bdikiams. Patrauklus dizainas su paveiksl\u0117liais skatina ma\u017e\u0105j\u012f ir palengvina sauskelni\u0173 keitim\u0105.<\/p>\n<p>&nbsp;<\/p>\n<h4><strong>Augaliniai aliejai sud\u0117tyje u\u017ekerta keli\u0105 u\u017edegimui ir odos sausumui.<\/strong><\/h4>\n<div class=\"wp-video\">\n<div id=\"mep_0\" class=\"mejs-container mejs-container-keyboard-inactive wp-video-shortcode mejs-video\" tabindex=\"0\" role=\"application\" aria-label=\"Video grotuvas\">\n<div class=\"mejs-inner\">\n<div class=\"mejs-mediaelement\">\n<p>Sauskeln\u0117se naudojami trys nat\u016bral\u016bs augalini\u0173 aliej\u0173 tipai, kurie efektyviai dr\u0117kina ir turi prie\u0161u\u017edegimin\u012f poveik\u012f. Tai yra alyvuogi\u0173, jojobos ir ry\u017ei\u0173 aliejai, derinami optimaliomis proporcijomis.<\/p>\n<h4><strong>Med\u017eiaga be dirbtini\u0173 pried\u0173.<\/strong><\/h4>\n<p>Neturi naftos, chemin\u0117s kilm\u0117s med\u017eiag\u0173, latekso, chemini\u0173 da\u017eikli\u0173 ir neturi kvapo.<\/p>\n<h4><strong>Patogios ir komforti\u0161kos<\/strong><\/h4>\n<p>Moony sauskeln\u0117s-kelnait\u0117s yra i\u0161skirtin\u0117s d\u0117l naudojamos\u00a0<strong>Soft Retch<\/strong> technologijos bei mink\u0161t\u0173 elastini\u0173 juosteli\u0173. \u0160ios inovacijos leid\u017eia sauskeln\u0117s-kelnait\u0117s puikiai prisitaikyti prie k\u016bdikio k\u016bno formos, suteikiant optimal\u0173 prigludim\u0105 juosmens ir kojy\u010di\u0173 srityje. Be to, \u0161ios sauskeln\u0117s-kelnait\u0117s yra lengvai pakei\u010diamos ir nuimamos. J\u0173 nu\u0117mimas nereikalauja sud\u0117ting\u0173 \u017eingsni\u0173 \u2013 tiesiog atpl\u0117\u0161kite \u0161onus. Be to, d\u0117ka patentuoto juost\u0173 dizaino, po naudojimo gal\u0117site greitai susivynioti sauskeln\u0117s-kelnait\u0117s kompakti\u0161kai.<\/p>\n<p>&nbsp;<\/p>\n<h4 style=\"text-align: center;\"><strong>Kaip u\u017ed\u0117ti ir naudoti?<\/strong><\/h4>\n<ul>\n<li>Rankomis i\u0161tempkite sauskelni\u0173 liemen\u012f taip, kad atsirast\u0173 vietos vaikui \u012fki\u0161ti koj\u0105.<\/li>\n<li>Vaiko kojas, vien\u0105 po kitos ki\u0161kite \u012f sauskeln\u0117se-kelnait\u0117se paruo\u0161tas skyles kojoms.<\/li>\n<li>Pa\u0117m\u0119 u\u017e liemens, sauskelnes-kelnaites kelkite \u012f vir\u0161\u0173, kol jos priglus prie liemens.<\/li>\n<li>Patikrinkite ar sauskelni\u0173 viduje esan\u010dios apsaugin\u0117s klost\u0117s i\u0161siskleidusios \u012f i\u0161or\u0119.<\/li>\n<\/ul>\n<h4 style=\"text-align: center;\"><strong>Sud\u0117tis<\/strong><\/h4>\n<p>MOONY sauskeln\u0117s gaminamos i\u0161 nat\u016bralios ir plonos med\u017eiagos \u2013 tai leid\u017eia vaiku\u010dio odai kv\u0117puoti bei suteikia daugiau jud\u0117jimo laisv\u0117s nei \u012fprastos sauskeln\u0117s.<\/p>\n<h4 style=\"text-align: center;\"><strong>Galiojimo laikas<\/strong><\/h4>\n<p>Sauskelni\u0173 galiojimo laikas \u2013 3 metai nuo pagaminimo datos.<\/p>\n<p>Ji randama sauskelni\u0173 pakuot\u0117s apa\u010dioje.<\/p>\n<p>Pagaminimo data \u017eymima \u0161ia seka: ****(metai)**(m\u0117nuo)**(diena)<\/p>\n<p><strong>Numerio paskutiniai keturi skaitmenys neturi \u012ftakos pagaminimo datai.<\/strong><\/p>\n<\/div>\n<\/div>\n<\/div>\n<\/div>\n","protected":false},"excerpt":{"rendered":"<p><span style=\"color: #333333; font-size: 16px;\">\u2022 Alergen\u0173 neturin\u010dios, \u0161velnaus ir nat\u016bralaus pluo\u0161to sauskeln\u0117s.<\/span><\/p>\n<div class=\"wp-video\">\n<div id=\"mep_0\" class=\"mejs-container mejs-container-keyboard-inactive wp-video-shortcode mejs-video\" tabindex=\"0\" role=\"application\" aria-label=\"Video grotuvas\">\n<div class=\"mejs-inner\">\n<p>\u2022 \u0160velni, nat\u016brali med\u017eiaga ir idealus prigludimas prie vaiko k\u016bno form\u0173.<\/p>\n<p>\u2022 Indikatorius \u2013 juostel\u0117 \u012fsp\u0117ja, kada keisti sauskelnes.<\/p>\n<p>\u2022 Dvigubi apsauginiai sluoksniai.<\/p>\n<p>\u2022 Komforti\u0161kos, leid\u017eian\u010dios nevar\u017eomai jud\u0117ti<\/p>\n<p>\u2022 Laidus orui i\u0161orinis sluoksnis.<\/p>\n<p>\u2022 Puikiai sugeriantis sluoksnis, nekontaktuojantis su ma\u017eylio od\u0117le.<\/p>\n<p>&nbsp;<\/p>\n<\/div>\n<\/div>\n<\/div>\n","protected":false},"featured_media":11464,"comment_status":"open","ping_status":"closed","template":"","meta":[],"product_brand":[],"product_cat":[125],"product_tag":[131,178],"class_list":{"0":"post-11463","1":"product","2":"type-product","3":"status-publish","4":"has-post-thumbnail","6":"product_cat-9-14-kg","7":"product_tag-diapers","8":"product_tag-sauskelnes-pampersai","10":"first","11":"outofstock","12":"sale","13":"taxable","14":"shipping-taxable","15":"purchasable","16":"product-type-simple"},"tiered_pricing_type":"percentage","tiered_pricing_fixed_rules":{"2":"4","3":"6","4":"8"},"tiered_pricing_percentage_rules":[],"tiered_pricing_minimum":1,"tiered_pricing_roles_data":[],"_links":{"self":[{"href":"https:\/\/tanuko.lt\/lt\/wp-json\/wp\/v2\/product\/11463","targetHints":{"allow":["GET"]}}],"collection":[{"href":"https:\/\/tanuko.lt\/lt\/wp-json\/wp\/v2\/product"}],"about":[{"href":"https:\/\/tanuko.lt\/lt\/wp-json\/wp\/v2\/types\/product"}],"replies":[{"embeddable":true,"href":"https:\/\/tanuko.lt\/lt\/wp-json\/wp\/v2\/comments?post=11463"}],"version-history":[{"count":8,"href":"https:\/\/tanuko.lt\/lt\/wp-json\/wp\/v2\/product\/11463\/revisions"}],"predecessor-version":[{"id":12980,"href":"https:\/\/tanuko.lt\/lt\/wp-json\/wp\/v2\/product\/11463\/revisions\/12980"}],"wp:featuredmedia":[{"embeddable":true,"href":"https:\/\/tanuko.lt\/lt\/wp-json\/wp\/v2\/media\/11464"}],"wp:attachment":[{"href":"https:\/\/tanuko.lt\/lt\/wp-json\/wp\/v2\/media?parent=11463"}],"wp:term":[{"taxonomy":"product_brand","embeddable":true,"href":"https:\/\/tanuko.lt\/lt\/wp-json\/wp\/v2\/product_brand?post=11463"},{"taxonomy":"product_cat","embeddable":true,"href":"https:\/\/tanuko.lt\/lt\/wp-json\/wp\/v2\/product_cat?post=11463"},{"taxonomy":"product_tag","embeddable":true,"href":"https:\/\/tanuko.lt\/lt\/wp-json\/wp\/v2\/product_tag?post=11463"}],"curies":[{"name":"wp","href":"https:\/\/api.w.org\/{rel}","templated":true}]}}