{"id":11396,"date":"2024-03-01T10:13:32","date_gmt":"2024-03-01T10:13:32","guid":{"rendered":"https:\/\/tanuko.lt\/?post_type=product&#038;p=11396"},"modified":"2026-04-08T20:01:40","modified_gmt":"2026-04-08T20:01:40","slug":"sauskelnes-moony-s-4-8-kg-70-vnt","status":"publish","type":"product","link":"https:\/\/tanuko.lt\/lt\/product\/sauskelnes-moony-s-4-8-kg-70-vnt\/","title":{"rendered":"MOONY Sauskeln\u0117s, S 4-8 kg, 70 vnt."},"content":{"rendered":"<h2>Moony Sauskeln\u0117s, S 4-8 kg, 70 vnt.<\/h2>\n<p><strong>MOONY \u2013 t\u0117v\u0173 ir vaik\u0173 Lietuvoje patikimas pasirinkimas, laiko patikrintas.<\/strong><\/p>\n<p>\u2022 Nat\u016brali, \u0161velni med\u017eiaga u\u017etikrina k\u016bdikiui maksimal\u0173 komfort\u0105 ir prigludim\u0105. Elastingos sauskelni\u0173 savyb\u0117s suteikia laisvum\u0105 jud\u0117ti ir apsaug\u0105 nuo pratek\u0117jim\u0173, o tai ramina t\u0117vus netik\u0117t\u0173 situacij\u0173 atveju.<\/p>\n<p>\u2022 Unikali vidin\u0117 sug\u0117rimo sistema suteikia galimyb\u0119 jaustis patogiai ir saugiai visose situacijose.<\/p>\n<p>\u2022 Spalvinis dr\u0117gm\u0117s indikatorius yra puikus \u012frankis, kuris tiksliai signalizuoja, kada reikia pakeisti sauskelnes.<\/p>\n<p>\u2022 D\u0117l sauskelni\u0173 med\u017eiagoje esan\u010di\u0173 mikropor\u0173 ir j\u0173 u\u017etikrinamo pralaidumo k\u016bdikio oda visada i\u0161liks sausa bei neperkaista.<\/p>\n<p>\u2022 MOONY pasirinkimas yra draugi\u0161kas aplinkai ir jautriai ma\u017eylio odai. \u012evair\u016bs dyd\u017eiai leid\u017eia rasti tinkam\u0105 sprendim\u0105 visiems am\u017eiams.<\/p>\n<p>\u2022 Kv\u0117puojan\u010dios. Patentuotas i\u0161skirtinis dizainas ir med\u017eiagos, i\u0161 kuri\u0173 pagamintos Moony sauskelnes-kelnait\u0117s, leid\u017eia orui laisvai cirkuliuoti \u012f abi puses. K\u016bdikio oda i\u0161lieka sausa, apsaugota nuo dirginimo, kar\u0161\u010dio b\u0117rimo ir alergijos.<\/p>\n<p>\u2022 Rinkit\u0117s tarp tradicini\u0173 i\u0161lankstom\u0173 sauskelni\u0173 su lipdukais arba modernesni\u0173 sauskelni\u0173-kelnai\u010di\u0173, lengvai pritaikom\u0173 judresniems k\u016bdikiams. Patrauklus dizainas su paveiksl\u0117liais skatina ma\u017e\u0105j\u012f ir palengvina sauskelni\u0173 keitim\u0105.<\/p>\n<p>&nbsp;<\/p>\n<p><strong>Augaliniai aliejai sud\u0117tyje u\u017ekerta keli\u0105 u\u017edegimui ir odos sausumui.<\/strong><\/p>\n<div class=\"wp-video\">\n<div id=\"mep_0\" class=\"mejs-container mejs-container-keyboard-inactive wp-video-shortcode mejs-video\" tabindex=\"0\" role=\"application\" aria-label=\"Video grotuvas\">\n<div class=\"mejs-inner\">\n<div class=\"mejs-mediaelement\">\n<p>Sauskeln\u0117se naudojami trys nat\u016bral\u016bs augalini\u0173 aliej\u0173 tipai, kurie efektyviai dr\u0117kina ir turi prie\u0161u\u017edegimin\u012f poveik\u012f. Tai yra alyvuogi\u0173, jojobos ir ry\u017ei\u0173 aliejai, derinami optimaliomis proporcijomis.<\/p>\n<p>&nbsp;<\/p>\n<p><strong>Med\u017eiaga be dirbtini\u0173 pried\u0173.<\/strong><\/p>\n<p>Neturi naftos, chemin\u0117s kilm\u0117s med\u017eiag\u0173, latekso, chemini\u0173 da\u017eikli\u0173 ir neturi kvapo.<\/p>\n<p>&nbsp;<\/p>\n<p><strong>Patogios ir komforti\u0161kos<\/strong><\/p>\n<p>Moony sauskeln\u0117s-kelnait\u0117s yra i\u0161skirtin\u0117s d\u0117l naudojamos\u00a0<strong>Soft Retch<\/strong> technologijos bei mink\u0161t\u0173 elastini\u0173 juosteli\u0173. \u0160ios inovacijos leid\u017eia sauskeln\u0117s-kelnait\u0117s puikiai prisitaikyti prie k\u016bdikio k\u016bno formos, suteikiant optimal\u0173 prigludim\u0105 juosmens ir kojy\u010di\u0173 srityje. Be to, \u0161ios sauskeln\u0117s-kelnait\u0117s yra lengvai pakei\u010diamos ir nuimamos. J\u0173 nu\u0117mimas nereikalauja sud\u0117ting\u0173 \u017eingsni\u0173 \u2013 tiesiog atpl\u0117\u0161kite \u0161onus. Be to, d\u0117ka patentuoto juost\u0173 dizaino, po naudojimo gal\u0117site greitai susivynioti sauskeln\u0117s-kelnait\u0117s kompakti\u0161kai.<\/p>\n<p>&nbsp;<\/p>\n<p style=\"text-align: center;\"><strong>Kaip u\u017ed\u0117ti ir naudoti?<\/strong><\/p>\n<p><strong>1 \u017eingsnis<\/strong><\/p>\n<ul>\n<li>Sauskelni\u0173 pus\u0117 su juostomis tur\u0117t\u0173 b\u016bti u\u017ed\u0117ta ant ma\u017eylio nugaros.<\/li>\n<li>Tuomet i\u0161skleiskite sauskelni\u0173 por\u0105 pla\u010diau, paki\u0161dami galin\u0119 dal\u012f po ma\u017eylio nugara tiek, kad vir\u0161us siekt\u0173 juosmen\u012f.<\/li>\n<li>Svarbu: ki\u0161dami galin\u0119 sauskelni\u0173 dal\u012f po ma\u017eylio nugara, b\u016btinai patikrinkite, kad \u0161i dalis nedengt\u0173 bambos.<\/li>\n<\/ul>\n<p><strong>2 \u017eingsnis:<\/strong><\/p>\n<ul>\n<li>I\u0161traukite prie sauskelni\u0173 vir\u0161aus pritvirtint\u0105 lipni\u0105 juostel\u0119 (j\u0173 yra po vien\u0105 kiekviename \u0161one).<\/li>\n<li>\u012esitikinkite, kad juostel\u0117 tvirtai laikosi.<\/li>\n<li>D\u0117l to, kad ji gali b\u016bti per daug \u012ftempta, nerimauti nereik\u0117t\u0173: u\u017ed\u0117jus sauskelnes, visos detal\u0117s puikiais prisitaikys prie ma\u017eylio k\u016bno form\u0173.<\/li>\n<li>Patikrinkite, ar abi sauskleni\u0173 juostel\u0117s yra u\u017eklijuotos simetri\u0161kai \u2013 tai b\u016btina ma\u017eylio patogumui bei produkto nepralaidumui.<\/li>\n<\/ul>\n<p>&nbsp;<\/p>\n<p style=\"text-align: center;\"><strong>Sud\u0117tis<\/strong><\/p>\n<p>NATURAL MOONY sauskeln\u0117s yra gaminamos i\u0161 organin\u0117s medviln\u0117s. Be k\u016bnui malonios med\u017eiagos, k\u016bdikio od\u0105 visada dr\u0117kins ir apsaugos 3 r\u016b\u0161i\u0173 nat\u016bral\u016bs aliejai. Gamybos procese nenaudojami alergij\u0105 sukeliantys naftos produktai ar konservantai.<\/p>\n<p>&nbsp;<\/p>\n<p style=\"text-align: center;\"><strong>Galiojimo laikas<\/strong><\/p>\n<p>Sauskelni\u0173 galiojimo laikas \u2013 3 metai nuo pagaminimo datos.<\/p>\n<p>Ji randama sauskelni\u0173 pakuot\u0117s apa\u010dioje.<\/p>\n<p>Pagaminimo data \u017eymima \u0161ia seka: ****(metai)**(m\u0117nuo)**(diena)<\/p>\n<p><strong>Numerio paskutiniai keturi skaitmenys neturi \u012ftakos pagaminimo datai.<\/strong><\/p>\n<\/div>\n<\/div>\n<\/div>\n<\/div>\n","protected":false},"excerpt":{"rendered":"<p>\u2022 Alergen\u0173 neturin\u010dios, \u0161velnaus ir nat\u016bralaus pluo\u0161to sauskeln\u0117s.<\/p>\n<p>\u2022 \u0160velni, nat\u016brali med\u017eiaga ir idealus prigludimas prie vaiko k\u016bno form\u0173.<\/p>\n<p>\u2022 Indikatorius \u2013 juostel\u0117 \u012fsp\u0117ja, kada keisti sauskelnes.<\/p>\n<p>\u2022 Dvigubi apsauginiai sluoksniai.<\/p>\n<p>\u2022 Komforti\u0161kos, leid\u017eian\u010dios nevar\u017eomai jud\u0117ti<\/p>\n<p>\u2022 Laidus orui i\u0161orinis sluoksnis.<\/p>\n<p>\u2022 Puikiai sugeriantis sluoksnis, nekontaktuojantis su ma\u017eylio od\u0117le.<\/p>\n","protected":false},"featured_media":11445,"comment_status":"open","ping_status":"closed","template":"","meta":[],"product_brand":[],"product_cat":[123],"product_tag":[131,178],"class_list":{"0":"post-11396","1":"product","2":"type-product","3":"status-publish","4":"has-post-thumbnail","6":"product_cat-4-8-kg","7":"product_tag-diapers","8":"product_tag-sauskelnes-pampersai","10":"first","11":"outofstock","12":"sale","13":"taxable","14":"shipping-taxable","15":"purchasable","16":"product-type-simple"},"tiered_pricing_type":"percentage","tiered_pricing_fixed_rules":[],"tiered_pricing_percentage_rules":[],"tiered_pricing_minimum":1,"tiered_pricing_roles_data":[],"_links":{"self":[{"href":"https:\/\/tanuko.lt\/lt\/wp-json\/wp\/v2\/product\/11396","targetHints":{"allow":["GET"]}}],"collection":[{"href":"https:\/\/tanuko.lt\/lt\/wp-json\/wp\/v2\/product"}],"about":[{"href":"https:\/\/tanuko.lt\/lt\/wp-json\/wp\/v2\/types\/product"}],"replies":[{"embeddable":true,"href":"https:\/\/tanuko.lt\/lt\/wp-json\/wp\/v2\/comments?post=11396"}],"version-history":[{"count":8,"href":"https:\/\/tanuko.lt\/lt\/wp-json\/wp\/v2\/product\/11396\/revisions"}],"predecessor-version":[{"id":12974,"href":"https:\/\/tanuko.lt\/lt\/wp-json\/wp\/v2\/product\/11396\/revisions\/12974"}],"wp:featuredmedia":[{"embeddable":true,"href":"https:\/\/tanuko.lt\/lt\/wp-json\/wp\/v2\/media\/11445"}],"wp:attachment":[{"href":"https:\/\/tanuko.lt\/lt\/wp-json\/wp\/v2\/media?parent=11396"}],"wp:term":[{"taxonomy":"product_brand","embeddable":true,"href":"https:\/\/tanuko.lt\/lt\/wp-json\/wp\/v2\/product_brand?post=11396"},{"taxonomy":"product_cat","embeddable":true,"href":"https:\/\/tanuko.lt\/lt\/wp-json\/wp\/v2\/product_cat?post=11396"},{"taxonomy":"product_tag","embeddable":true,"href":"https:\/\/tanuko.lt\/lt\/wp-json\/wp\/v2\/product_tag?post=11396"}],"curies":[{"name":"wp","href":"https:\/\/api.w.org\/{rel}","templated":true}]}}