{"id":13947,"date":"2024-09-13T12:03:55","date_gmt":"2024-09-13T12:03:55","guid":{"rendered":"https:\/\/tanuko.lt\/?post_type=product&#038;p=13947"},"modified":"2026-04-10T18:16:39","modified_gmt":"2026-04-10T18:16:39","slug":"drekinamas-losjonas-kudikiams-pigeon-moisture-plus-120ml","status":"publish","type":"product","link":"https:\/\/tanuko.lt\/en\/product\/drekinamas-losjonas-kudikiams-pigeon-moisture-plus-120ml\/","title":{"rendered":"Pigeon Moisture Plus Moisturising Lotion for babies, 120ml"},"content":{"rendered":"<p>Skin care that prioritises the softness of baby's skin. This baby milk lotion contains Pigeon Natural Moisture*, an ingredient that resembles natural skin moisture, which is often lacking in undeveloped baby skin.<br \/>\n*Keramide NP + Phytosteryl isostearate<\/p>\n<p><strong>For babies from birth<\/strong> - a safe and gentle formula adapted to babies' sensitive skin.<\/p>\n<p>This <strong>Moisture Plus baby milk lotion (120g)<\/strong> is designed specifically for babies' sensitive skin, but can be used by the whole family. The lotion provides 1.6 times more hydration than previous products, making it ideal for dry and sensitive skin. Its <strong>simple, hypoallergenic formula<\/strong>free of artificial additives and fragrances, ensuring that the product does not cause allergic reactions or skin irritation. The lotion is quickly absorbed into the skin without leaving a sticky sensation and <strong>weak acidic pH<\/strong> matches babies' natural skin balance, helping to protect the skin barrier.<\/p>\n<p>Enriched lotion <strong>additional moisturising agents<\/strong>which not only intensively nourish the skin, but also help retain moisture for longer. The product is dermatologically tested and confirmed not to cause irritation. <strong>Large capacity bottle with pump<\/strong> makes it easy and convenient to use the product on a daily basis.<\/p>\n<p>This lotion is the ideal choice for babies' dry and sensitive skin, providing softness, hydration and protection.<\/p>\n<p>CONCLUSIONS: Water, Ethylhexyl palmate, Glycerin, Vaseline, Cetearate-6, Sorbitan palmate, Hydrogenated rapeseed oil alcohol, Cetearate-20, Ceramide NP, Phytosteryl isostearate, Dicalyl Glycyrrhizate, Ethylhexyl Glycerol, Xanthan Gum, (Acrylates\/C10-30 alkyl acrylate copolymer), Dimethicone, Potassium hydroxide, Phenoxyethanol, Tocopherol.<\/p>","protected":false},"excerpt":{"rendered":"<div class=\"flex-shrink-0 flex flex-col relative items-end\">\n<div>\n<div class=\"pt-0\">\n<div class=\"gizmo-bot-avatar flex h-8 w-8 items-center justify-center overflow-hidden rounded-full\">\n<div class=\"relative p-1 rounded-sm flex items-center justify-center bg-token-main-surface-primary text-token-text-primary h-8 w-8\"><\/div>\n<\/div>\n<\/div>\n<\/div>\n<\/div>\n<div class=\"group\/conversation-turn relative flex w-full min-w-0 flex-col agent-turn\">\n<div class=\"flex-col gap-1 md:gap-3\">\n<div class=\"flex max-w-full flex-col flex-grow\">\n<div class=\"min-h-[20px] text-message flex w-full flex-col items-end gap-2 whitespace-normal break-words [.text-message+&amp;]:mt-5\" dir=\"auto\" data-message-author-role=\"assistant\" data-message-id=\"94694c53-5d25-499f-b3c0-47dfa78d97b4\">\n<div class=\"flex w-full flex-col gap-1 empty:hidden first:pt-[3px]\">\n<div class=\"markdown prose w-full break-words dark:prose-invert dark\">\n<ul>\n<li><strong>Intensyvus dr\u0117kinimas sausai odai.<\/strong><\/li>\n<li><strong>Gilus dr\u0117kinimas<\/strong>: Taukmed\u017eio sviestas, kokos\u0173 aliejus.<\/li>\n<li><strong>Subalansuotas pH<\/strong>: Atkuria ir saugo odos dr\u0117gm\u0119.<\/li>\n<li><strong>Hialurono r\u016bg\u0161tis<\/strong>: U\u017etikrina ilgalaik\u012f dr\u0117kinim\u0105.<\/li>\n<li><strong>Ramina od\u0105<\/strong>: Avi\u017e\u0173 ekstraktas, tinka sausai ir \u0161iurk\u0161\u010diai odai.<\/li>\n<li><strong>Be da\u017eikli\u0173 ir kvapikli\u0173<\/strong>: Saugus jautriai odai.<\/li>\n<li><strong>Apsauginis barjeras<\/strong>: Stiprina odos nat\u016bral\u0173 barjer\u0105, apsaugodamas nuo i\u0161orini\u0173 veiksni\u0173.<\/li>\n<\/ul>\n<\/div>\n<\/div>\n<\/div>\n<\/div>\n<\/div>\n<\/div>\n","protected":false},"featured_media":14077,"comment_status":"open","ping_status":"closed","template":"","meta":[],"product_brand":[],"product_cat":[170],"product_tag":[],"class_list":{"0":"post-13947","1":"product","2":"type-product","3":"status-publish","4":"has-post-thumbnail","6":"product_cat-kremai_ir_losjonai_vaikams","8":"first","9":"instock","10":"sale","11":"taxable","12":"shipping-taxable","13":"purchasable","14":"product-type-simple"},"tiered_pricing_type":"fixed","tiered_pricing_fixed_rules":[],"tiered_pricing_percentage_rules":[],"tiered_pricing_minimum":1,"tiered_pricing_roles_data":[],"_links":{"self":[{"href":"https:\/\/tanuko.lt\/en\/wp-json\/wp\/v2\/product\/13947","targetHints":{"allow":["GET"]}}],"collection":[{"href":"https:\/\/tanuko.lt\/en\/wp-json\/wp\/v2\/product"}],"about":[{"href":"https:\/\/tanuko.lt\/en\/wp-json\/wp\/v2\/types\/product"}],"replies":[{"embeddable":true,"href":"https:\/\/tanuko.lt\/en\/wp-json\/wp\/v2\/comments?post=13947"}],"version-history":[{"count":7,"href":"https:\/\/tanuko.lt\/en\/wp-json\/wp\/v2\/product\/13947\/revisions"}],"predecessor-version":[{"id":14110,"href":"https:\/\/tanuko.lt\/en\/wp-json\/wp\/v2\/product\/13947\/revisions\/14110"}],"wp:featuredmedia":[{"embeddable":true,"href":"https:\/\/tanuko.lt\/en\/wp-json\/wp\/v2\/media\/14077"}],"wp:attachment":[{"href":"https:\/\/tanuko.lt\/en\/wp-json\/wp\/v2\/media?parent=13947"}],"wp:term":[{"taxonomy":"product_brand","embeddable":true,"href":"https:\/\/tanuko.lt\/en\/wp-json\/wp\/v2\/product_brand?post=13947"},{"taxonomy":"product_cat","embeddable":true,"href":"https:\/\/tanuko.lt\/en\/wp-json\/wp\/v2\/product_cat?post=13947"},{"taxonomy":"product_tag","embeddable":true,"href":"https:\/\/tanuko.lt\/en\/wp-json\/wp\/v2\/product_tag?post=13947"}],"curies":[{"name":"wp","href":"https:\/\/api.w.org\/{rel}","templated":true}]}}