{"id":11506,"date":"2024-03-01T18:26:53","date_gmt":"2024-03-01T18:26:53","guid":{"rendered":"https:\/\/tanuko.lt\/?post_type=product&#038;p=11506"},"modified":"2026-04-16T10:39:31","modified_gmt":"2026-04-16T10:39:31","slug":"naktines-sauskelnes-kelnaites-moony-xl-berniukams-13-28-kg-22-vnt","status":"publish","type":"product","link":"https:\/\/tanuko.lt\/en\/product\/naktines-sauskelnes-kelnaites-moony-xl-berniukams-13-28-kg-22-vnt\/","title":{"rendered":"Naktin\u0117s sauskeln\u0117s kelnait\u0117s Moony XXL (Berniukams) 13-28 kg, 22 vnt."},"content":{"rendered":"<h2><strong>Naktin\u0117s sauskeln\u0117s kelnait\u0117s Moony XXL (Berniukams) 13-28 kg, 22 vnt.<\/strong><\/h2>\n<h4><strong>MOONY is the trusted choice of parents and children in Lithuania, time-tested.<\/strong><\/h4>\n<p>&nbsp;<\/p>\n<ul>\n<li>Japanese nappy-diapers are made using only the safest and highest quality materials, without formaldehyde (which causes allergies in many children), phthalates and chlorine compounds - as evidenced by the natural scent of the nappies. MOONY nighttime nappies are odourless and do not contain any artificial fragrances designed to mask chemical scents.<\/li>\n<li>The inside of the MOONY Night Diapers is made of extra soft, silky-soft cotton that does not cause discomfort or damage to baby's sensitive skin.<\/li>\n<li>The wetness indicator in nighttime nappies signals parents when a change is needed - the colour of the indicator changes from yellow to blue to indicate that the nappy is full.<\/li>\n<li>The flexible MOONY night nappy-diaper tapes and side protection tabs guarantee a perfect fit to your child's body and prevent the leakage of liquids.<\/li>\n<li>MOONY nighttime nappies are tailored to the anatomy of boys, so they provide the highest level of absorption where the child urinates.<\/li>\n<\/ul>\n<p>&nbsp;<\/p>\n<h4 style=\"text-align: center\"><strong>How to apply and use?<\/strong><\/h4>\n<ul>\n<li>Use your hands to pull the waist of the nappy so that there is room for the child to insert his\/her leg.<\/li>\n<li>Insert your child's legs, one by one, into the leg holes provided in the nappy.<\/li>\n<li>Hold the nappy by the waist and pull the nappy up until it fits snugly around the waist.<\/li>\n<li>Check that the protective folds inside the nappy are spread outwards.<\/li>\n<\/ul>\n<h4 style=\"text-align: center\"><strong>Ingredients<\/strong><\/h4>\n<p>MOONY nappies are made of natural and thin material - which allows your baby's skin to breathe and gives more freedom of movement than regular nappies.<\/p>\n<p>&nbsp;<\/p>\n<h4 style=\"text-align: center\"><strong>Period of validity<\/strong><\/h4>\n<p>The shelf life of nappies is 3 years from the date of manufacture.<\/p>\n<p>It can be found at the bottom of the nappy packaging.<\/p>\n<p>The date of manufacture shall be indicated in the following sequence: ****(year)**(month)**(day)<\/p>\n<p><strong>The last four digits of the number do not affect the date of manufacture.<\/strong><\/p>","protected":false},"excerpt":{"rendered":"<p><span style=\"color: #333333;font-size: 16px\">- Allergen-free, soft and natural fibre nappies.<\/span><\/p>\n<div class=\"wp-video\">\n<div id=\"mep_0\" class=\"mejs-container mejs-container-keyboard-inactive wp-video-shortcode mejs-video\" role=\"application\" aria-label=\"Video player\">\n<div class=\"mejs-inner\">\n<p>- Soft, natural material and a perfect fit to the child's body shape.<\/p>\n<p>- The indicator strip alerts you when to change the nappy.<\/p>\n<p>- Double protective layers.<\/p>\n<p>- Comfortable, allowing freedom of movement<\/p>\n<p>- Breathable outer layer.<\/p>\n<p>- A highly absorbent layer that does not come into contact with the baby's skin.<\/p>\n<\/div>\n<\/div>\n<\/div>","protected":false},"featured_media":11510,"comment_status":"open","ping_status":"closed","template":"","meta":[],"product_brand":[],"product_cat":[126,127],"product_tag":[131,178],"class_list":{"0":"post-11506","1":"product","2":"type-product","3":"status-publish","4":"has-post-thumbnail","6":"product_cat-12-20-kg","7":"product_cat-13-35-kg","8":"product_tag-diapers","9":"product_tag-sauskelnes-pampersai","11":"first","12":"outofstock","13":"sale","14":"taxable","15":"shipping-taxable","16":"purchasable","17":"product-type-simple"},"tiered_pricing_type":"percentage","tiered_pricing_fixed_rules":[],"tiered_pricing_percentage_rules":[],"tiered_pricing_minimum":1,"tiered_pricing_roles_data":[],"_links":{"self":[{"href":"https:\/\/tanuko.lt\/en\/wp-json\/wp\/v2\/product\/11506","targetHints":{"allow":["GET"]}}],"collection":[{"href":"https:\/\/tanuko.lt\/en\/wp-json\/wp\/v2\/product"}],"about":[{"href":"https:\/\/tanuko.lt\/en\/wp-json\/wp\/v2\/types\/product"}],"replies":[{"embeddable":true,"href":"https:\/\/tanuko.lt\/en\/wp-json\/wp\/v2\/comments?post=11506"}],"version-history":[{"count":6,"href":"https:\/\/tanuko.lt\/en\/wp-json\/wp\/v2\/product\/11506\/revisions"}],"predecessor-version":[{"id":15961,"href":"https:\/\/tanuko.lt\/en\/wp-json\/wp\/v2\/product\/11506\/revisions\/15961"}],"wp:featuredmedia":[{"embeddable":true,"href":"https:\/\/tanuko.lt\/en\/wp-json\/wp\/v2\/media\/11510"}],"wp:attachment":[{"href":"https:\/\/tanuko.lt\/en\/wp-json\/wp\/v2\/media?parent=11506"}],"wp:term":[{"taxonomy":"product_brand","embeddable":true,"href":"https:\/\/tanuko.lt\/en\/wp-json\/wp\/v2\/product_brand?post=11506"},{"taxonomy":"product_cat","embeddable":true,"href":"https:\/\/tanuko.lt\/en\/wp-json\/wp\/v2\/product_cat?post=11506"},{"taxonomy":"product_tag","embeddable":true,"href":"https:\/\/tanuko.lt\/en\/wp-json\/wp\/v2\/product_tag?post=11506"}],"curies":[{"name":"wp","href":"https:\/\/api.w.org\/{rel}","templated":true}]}}