{"id":10626,"date":"2024-02-24T12:27:47","date_gmt":"2024-02-24T12:27:47","guid":{"rendered":"https:\/\/tanuko.lt\/shop\/"},"modified":"2024-10-20T16:02:04","modified_gmt":"2024-10-20T16:02:04","slug":"sauskelnes","status":"publish","type":"page","link":"https:\/\/tanuko.lt\/en\/sauskelnes\/","title":{"rendered":"Diapers"},"content":{"rendered":"<p><br>Merries nappies - <strong>a Japanese brand of high quality baby nappies. They are known for their softness, high absorption rate and breathable material that helps prevent skin irritation. Merries nappies are often appreciated for their comfort and skin protection.<\/strong><\/p>","protected":false},"excerpt":{"rendered":"<p>Merries sauskeln\u0117s \u2013 japon\u0173 prek\u0117s \u017eenklas, gaminantis auk\u0161tos kokyb\u0117s k\u016bdiki\u0173 sauskelnes. Jos yra \u017einomos d\u0117l savo mink\u0161tumo, auk\u0161to sug\u0117rimo lygio<\/p>","protected":false},"author":1,"featured_media":0,"parent":0,"menu_order":0,"comment_status":"closed","ping_status":"closed","template":"","meta":{"footnotes":""},"class_list":["post-10626","page","type-page","status-publish","hentry"],"_links":{"self":[{"href":"https:\/\/tanuko.lt\/en\/wp-json\/wp\/v2\/pages\/10626","targetHints":{"allow":["GET"]}}],"collection":[{"href":"https:\/\/tanuko.lt\/en\/wp-json\/wp\/v2\/pages"}],"about":[{"href":"https:\/\/tanuko.lt\/en\/wp-json\/wp\/v2\/types\/page"}],"author":[{"embeddable":true,"href":"https:\/\/tanuko.lt\/en\/wp-json\/wp\/v2\/users\/1"}],"replies":[{"embeddable":true,"href":"https:\/\/tanuko.lt\/en\/wp-json\/wp\/v2\/comments?post=10626"}],"version-history":[{"count":4,"href":"https:\/\/tanuko.lt\/en\/wp-json\/wp\/v2\/pages\/10626\/revisions"}],"predecessor-version":[{"id":14604,"href":"https:\/\/tanuko.lt\/en\/wp-json\/wp\/v2\/pages\/10626\/revisions\/14604"}],"wp:attachment":[{"href":"https:\/\/tanuko.lt\/en\/wp-json\/wp\/v2\/media?parent=10626"}],"curies":[{"name":"wp","href":"https:\/\/api.w.org\/{rel}","templated":true}]}}